{"id":3591,"date":"2024-03-06T15:52:59","date_gmt":"2024-03-06T14:52:59","guid":{"rendered":"https:\/\/palasciarelais.com\/beispielseiten\/"},"modified":"2025-03-05T19:43:41","modified_gmt":"2025-03-05T18:43:41","slug":"beispielseiten","status":"publish","type":"page","link":"https:\/\/palasciarelais.com\/de\/beispielseiten\/","title":{"rendered":"Beispielseiten"},"content":{"rendered":"\n<p>Dies ist eine Beispielseite. Sie unterscheidet sich von einem Blogeintrag, da sie an einem einzigen Ort verbleibt und in der Navigation Ihrer Website auftaucht (in den meisten Themenbereichen). Die meisten Besucher beginnen mit einer Seite &#8222;\u00dcber uns&#8220;, auf der sie sich potenziellen Besuchern der Website vorstellen. Podr\u00edas decir algo as\u00ed:   <\/p>\n\n<blockquote class=\"wp-block-quote is-layout-flow wp-block-quote-is-layout-flow\"><p>\u00a1Hola! Soy camarero de d\u00eda, aspirante a actor de noche y esta es mi web. Vivo en Mairena del Alcor, tengo un perro que se llama Firulais y me gusta el rebujito. (Y las tardes largas con caf\u00e9).   <\/p><\/blockquote>\n\n<p>&#8230;o algo as\u00ed:<\/p>\n\n<blockquote class=\"wp-block-quote is-layout-flow wp-block-quote-is-layout-flow\"><p>Das Unternehmen &#8222;Mariscos Recio&#8220; wurde von Antonio Recio Mata gegr\u00fcndet. Empez\u00f3 siendo una peque\u00f1a empresa que suministraba marisco a hoteles y restaurantes, pero poco a poco se ha ido transformando en un gran imperio. Mariscos Recio, das Meer zum besten Preis.  <\/p><\/blockquote>\n\n<p>Als neuer WordPress-Benutzer m\u00fcssen Sie <a href=\"https:\/\/palasciarelais.com\/wp-admin\/\">Ihre<\/a> Seite l\u00f6schen und neue Seiten f\u00fcr Ihre Inhalte erstellen. \u00a1P\u00e1salo bien! <\/p>\n","protected":false},"excerpt":{"rendered":"<p>Dies ist eine Beispielseite. Sie unterscheidet sich von einem Blogeintrag, da sie an einem einzigen Ort verbleibt und in der Navigation Ihrer Website auftaucht (in den meisten Themenbereichen). Die meisten Besucher beginnen mit einer Seite &#8222;\u00dcber uns&#8220;, auf der sie sich potenziellen Besuchern der Website vorstellen. Podr\u00edas decir algo as\u00ed: \u00a1Hola! Soy camarero de d\u00eda, [&hellip;]<\/p>\n","protected":false},"author":3,"featured_media":0,"parent":0,"menu_order":0,"comment_status":"closed","ping_status":"open","template":"","meta":{"_joinchat":[],"footnotes":""},"class_list":["post-3591","page","type-page","status-publish","hentry"],"yoast_head":"<!-- This site is optimized with the Yoast SEO plugin v27.5 - https:\/\/yoast.com\/product\/yoast-seo-wordpress\/ -->\n<title>Beispielseiten - Palascia Relais<\/title>\n<meta name=\"robots\" content=\"index, follow, max-snippet:-1, max-image-preview:large, max-video-preview:-1\" \/>\n<link rel=\"canonical\" href=\"https:\/\/palasciarelais.com\/de\/beispielseiten\/\" \/>\n<meta property=\"og:locale\" content=\"de_DE\" \/>\n<meta property=\"og:type\" content=\"article\" \/>\n<meta property=\"og:title\" content=\"Beispielseiten - Palascia Relais\" \/>\n<meta property=\"og:description\" content=\"Dies ist eine Beispielseite. Sie unterscheidet sich von einem Blogeintrag, da sie an einem einzigen Ort verbleibt und in der Navigation Ihrer Website auftaucht (in den meisten Themenbereichen). Die meisten Besucher beginnen mit einer Seite &#8222;\u00dcber uns&#8220;, auf der sie sich potenziellen Besuchern der Website vorstellen. Podr\u00edas decir algo as\u00ed: \u00a1Hola! Soy camarero de d\u00eda, [&hellip;]\" \/>\n<meta property=\"og:url\" content=\"https:\/\/palasciarelais.com\/de\/beispielseiten\/\" \/>\n<meta property=\"og:site_name\" content=\"Palascia Relais\" \/>\n<meta property=\"article:modified_time\" content=\"2025-03-05T18:43:41+00:00\" \/>\n<meta name=\"twitter:card\" content=\"summary_large_image\" \/>\n<meta name=\"twitter:label1\" content=\"Gesch\u00e4tzte Lesezeit\" \/>\n\t<meta name=\"twitter:data1\" content=\"1\u00a0Minute\" \/>\n<script type=\"application\/ld+json\" class=\"yoast-schema-graph\">{\"@context\":\"https:\\\/\\\/schema.org\",\"@graph\":[{\"@type\":\"WebPage\",\"@id\":\"https:\\\/\\\/palasciarelais.com\\\/de\\\/beispielseiten\\\/\",\"url\":\"https:\\\/\\\/palasciarelais.com\\\/de\\\/beispielseiten\\\/\",\"name\":\"Beispielseiten - Palascia Relais\",\"isPartOf\":{\"@id\":\"https:\\\/\\\/palasciarelais.com\\\/de\\\/#website\"},\"datePublished\":\"2024-03-06T14:52:59+00:00\",\"dateModified\":\"2025-03-05T18:43:41+00:00\",\"breadcrumb\":{\"@id\":\"https:\\\/\\\/palasciarelais.com\\\/de\\\/beispielseiten\\\/#breadcrumb\"},\"inLanguage\":\"de\",\"potentialAction\":[{\"@type\":\"ReadAction\",\"target\":[\"https:\\\/\\\/palasciarelais.com\\\/de\\\/beispielseiten\\\/\"]}]},{\"@type\":\"BreadcrumbList\",\"@id\":\"https:\\\/\\\/palasciarelais.com\\\/de\\\/beispielseiten\\\/#breadcrumb\",\"itemListElement\":[{\"@type\":\"ListItem\",\"position\":1,\"name\":\"Home\",\"item\":\"https:\\\/\\\/palasciarelais.com\\\/de\\\/\"},{\"@type\":\"ListItem\",\"position\":2,\"name\":\"Beispielseiten\"}]},{\"@type\":\"WebSite\",\"@id\":\"https:\\\/\\\/palasciarelais.com\\\/de\\\/#website\",\"url\":\"https:\\\/\\\/palasciarelais.com\\\/de\\\/\",\"name\":\"Palascia Relais\",\"description\":\"Hotel a Otranto sul mare - Palasc\u00eca Wellness Relais\",\"potentialAction\":[{\"@type\":\"SearchAction\",\"target\":{\"@type\":\"EntryPoint\",\"urlTemplate\":\"https:\\\/\\\/palasciarelais.com\\\/de\\\/?s={search_term_string}\"},\"query-input\":{\"@type\":\"PropertyValueSpecification\",\"valueRequired\":true,\"valueName\":\"search_term_string\"}}],\"inLanguage\":\"de\"}]}<\/script>\n<!-- \/ Yoast SEO plugin. -->","yoast_head_json":{"title":"Beispielseiten - Palascia Relais","robots":{"index":"index","follow":"follow","max-snippet":"max-snippet:-1","max-image-preview":"max-image-preview:large","max-video-preview":"max-video-preview:-1"},"canonical":"https:\/\/palasciarelais.com\/de\/beispielseiten\/","og_locale":"de_DE","og_type":"article","og_title":"Beispielseiten - Palascia Relais","og_description":"Dies ist eine Beispielseite. Sie unterscheidet sich von einem Blogeintrag, da sie an einem einzigen Ort verbleibt und in der Navigation Ihrer Website auftaucht (in den meisten Themenbereichen). Die meisten Besucher beginnen mit einer Seite &#8222;\u00dcber uns&#8220;, auf der sie sich potenziellen Besuchern der Website vorstellen. Podr\u00edas decir algo as\u00ed: \u00a1Hola! Soy camarero de d\u00eda, [&hellip;]","og_url":"https:\/\/palasciarelais.com\/de\/beispielseiten\/","og_site_name":"Palascia Relais","article_modified_time":"2025-03-05T18:43:41+00:00","twitter_card":"summary_large_image","twitter_misc":{"Gesch\u00e4tzte Lesezeit":"1\u00a0Minute"},"schema":{"@context":"https:\/\/schema.org","@graph":[{"@type":"WebPage","@id":"https:\/\/palasciarelais.com\/de\/beispielseiten\/","url":"https:\/\/palasciarelais.com\/de\/beispielseiten\/","name":"Beispielseiten - Palascia Relais","isPartOf":{"@id":"https:\/\/palasciarelais.com\/de\/#website"},"datePublished":"2024-03-06T14:52:59+00:00","dateModified":"2025-03-05T18:43:41+00:00","breadcrumb":{"@id":"https:\/\/palasciarelais.com\/de\/beispielseiten\/#breadcrumb"},"inLanguage":"de","potentialAction":[{"@type":"ReadAction","target":["https:\/\/palasciarelais.com\/de\/beispielseiten\/"]}]},{"@type":"BreadcrumbList","@id":"https:\/\/palasciarelais.com\/de\/beispielseiten\/#breadcrumb","itemListElement":[{"@type":"ListItem","position":1,"name":"Home","item":"https:\/\/palasciarelais.com\/de\/"},{"@type":"ListItem","position":2,"name":"Beispielseiten"}]},{"@type":"WebSite","@id":"https:\/\/palasciarelais.com\/de\/#website","url":"https:\/\/palasciarelais.com\/de\/","name":"Palascia Relais","description":"Hotel a Otranto sul mare - Palasc\u00eca Wellness Relais","potentialAction":[{"@type":"SearchAction","target":{"@type":"EntryPoint","urlTemplate":"https:\/\/palasciarelais.com\/de\/?s={search_term_string}"},"query-input":{"@type":"PropertyValueSpecification","valueRequired":true,"valueName":"search_term_string"}}],"inLanguage":"de"}]}},"_links":{"self":[{"href":"https:\/\/palasciarelais.com\/de\/wp-json\/wp\/v2\/pages\/3591","targetHints":{"allow":["GET"]}}],"collection":[{"href":"https:\/\/palasciarelais.com\/de\/wp-json\/wp\/v2\/pages"}],"about":[{"href":"https:\/\/palasciarelais.com\/de\/wp-json\/wp\/v2\/types\/page"}],"author":[{"embeddable":true,"href":"https:\/\/palasciarelais.com\/de\/wp-json\/wp\/v2\/users\/3"}],"replies":[{"embeddable":true,"href":"https:\/\/palasciarelais.com\/de\/wp-json\/wp\/v2\/comments?post=3591"}],"version-history":[{"count":0,"href":"https:\/\/palasciarelais.com\/de\/wp-json\/wp\/v2\/pages\/3591\/revisions"}],"wp:attachment":[{"href":"https:\/\/palasciarelais.com\/de\/wp-json\/wp\/v2\/media?parent=3591"}],"curies":[{"name":"wp","href":"https:\/\/api.w.org\/{rel}","templated":true}]}}