{"id":3650,"date":"2024-07-29T02:06:37","date_gmt":"2024-07-29T00:06:37","guid":{"rendered":"https:\/\/palasciarelais.com\/tauchen-im-adriatischen-meer\/"},"modified":"2025-03-05T20:55:52","modified_gmt":"2025-03-05T19:55:52","slug":"tauchen-im-adriatischen-meer","status":"publish","type":"page","link":"https:\/\/palasciarelais.com\/de\/tauchen-im-adriatischen-meer\/","title":{"rendered":"Tauchen im Adriatischen Meer"},"content":{"rendered":"\t\t<div data-elementor-type=\"wp-page\" data-elementor-id=\"3650\" class=\"elementor elementor-3650 elementor-1592\" data-elementor-post-type=\"page\">\n\t\t\t\t<div class=\"elementor-element elementor-element-c2f6a8f e-flex e-con-boxed e-con e-parent\" data-id=\"c2f6a8f\" data-element_type=\"container\" data-e-type=\"container\" data-settings=\"{&quot;background_background&quot;:&quot;classic&quot;}\">\n\t\t\t\t\t<div class=\"e-con-inner\">\n\t\t<div class=\"elementor-element elementor-element-3eb25f7f e-con-full e-flex e-con e-child\" data-id=\"3eb25f7f\" data-element_type=\"container\" data-e-type=\"container\">\n\t\t\t\t<div class=\"elementor-element elementor-element-58079e26 elementor-invisible elementor-widget elementor-widget-heading\" data-id=\"58079e26\" data-element_type=\"widget\" data-e-type=\"widget\" data-settings=\"{&quot;_animation&quot;:&quot;fadeIn&quot;}\" data-widget_type=\"heading.default\">\n\t\t\t\t<div class=\"elementor-widget-container\">\n\t\t\t\t\t<h2 class=\"elementor-heading-title elementor-size-default\">TAUCHEN AN DER ADRIA<\/h2>\t\t\t\t<\/div>\n\t\t\t\t<\/div>\n\t\t\t\t<div class=\"elementor-element elementor-element-77b3c12f elementor-widget__width-initial elementor-widget-mobile__width-inherit elementor-invisible elementor-widget elementor-widget-text-editor\" data-id=\"77b3c12f\" data-element_type=\"widget\" data-e-type=\"widget\" data-settings=\"{&quot;_animation&quot;:&quot;fadeIn&quot;,&quot;_animation_delay&quot;:&quot;200&quot;}\" data-widget_type=\"text-editor.default\">\n\t\t\t\t<div class=\"elementor-widget-container\">\n\t\t\t\t\t\t\t\t\t<p>Erleben Sie einzigartige Erlebnisse beim Tauchen und entdecken Sie die K\u00fcstenlandschaft des Salento<\/p>\t\t\t\t\t\t\t\t<\/div>\n\t\t\t\t<\/div>\n\t\t\t\t<\/div>\n\t\t\t\t\t<\/div>\n\t\t\t\t<\/div>\n\t\t<div class=\"elementor-element elementor-element-748f15b1 e-flex e-con-boxed e-con e-parent\" data-id=\"748f15b1\" data-element_type=\"container\" data-e-type=\"container\">\n\t\t\t\t\t<div class=\"e-con-inner\">\n\t\t<div class=\"elementor-element elementor-element-41c9348b e-con-full e-flex e-con e-child\" data-id=\"41c9348b\" data-element_type=\"container\" data-e-type=\"container\">\n\t\t\t\t<div class=\"elementor-element elementor-element-1533ceec elementor-widget-tablet__width-initial elementor-widget-mobile__width-inherit elementor-invisible elementor-widget elementor-widget-heading\" data-id=\"1533ceec\" data-element_type=\"widget\" data-e-type=\"widget\" data-settings=\"{&quot;_animation&quot;:&quot;fadeIn&quot;}\" data-widget_type=\"heading.default\">\n\t\t\t\t<div class=\"elementor-widget-container\">\n\t\t\t\t\t<h2 class=\"elementor-heading-title elementor-size-default\">Tauchen im Meer des Salento<\/h2>\t\t\t\t<\/div>\n\t\t\t\t<\/div>\n\t\t\t\t<div class=\"elementor-element elementor-element-39de2db elementor-widget-tablet__width-initial elementor-widget-mobile__width-inherit elementor-invisible elementor-widget elementor-widget-text-editor\" data-id=\"39de2db\" data-element_type=\"widget\" data-e-type=\"widget\" data-settings=\"{&quot;_animation&quot;:&quot;fadeIn&quot;,&quot;_animation_delay&quot;:&quot;200&quot;}\" data-widget_type=\"text-editor.default\">\n\t\t\t\t<div class=\"elementor-widget-container\">\n\t\t\t\t\t\t\t\t\t<div class=\"fusion-text fusion-text-3\"><p>F\u00fcr Meeresliebhaber ist es eine einmalige Gelegenheit, den magischen Meeresgrund von Otranto und der K\u00fcste des Salento in Begleitung von erfahrenen F\u00fchrern zu erkunden.<\/p><\/div><div class=\"fusion-text fusion-text-4\"><div> <\/div><div class=\"psgal_wrap\"> <\/div><\/div>\t\t\t\t\t\t\t\t<\/div>\n\t\t\t\t<\/div>\n\t\t\t\t<\/div>\n\t\t<div class=\"elementor-element elementor-element-47cdf17a e-con-full e-flex elementor-invisible e-con e-child\" data-id=\"47cdf17a\" data-element_type=\"container\" data-e-type=\"container\" data-settings=\"{&quot;background_background&quot;:&quot;classic&quot;,&quot;animation&quot;:&quot;fadeIn&quot;}\">\n\t\t\t\t<div class=\"elementor-element elementor-element-36e9ff07 elementor-widget elementor-widget-heading\" data-id=\"36e9ff07\" data-element_type=\"widget\" data-e-type=\"widget\" data-widget_type=\"heading.default\">\n\t\t\t\t<div class=\"elementor-widget-container\">\n\t\t\t\t\t<h2 class=\"elementor-heading-title elementor-size-default\">WRITE<\/h2>\t\t\t\t<\/div>\n\t\t\t\t<\/div>\n\t\t\t\t<div class=\"elementor-element elementor-element-578b60c1 elementor-button-align-stretch elementor-widget elementor-widget-form\" data-id=\"578b60c1\" data-element_type=\"widget\" data-e-type=\"widget\" data-settings=\"{&quot;step_next_label&quot;:&quot;Siguiente&quot;,&quot;step_previous_label&quot;:&quot;Vorderseite&quot;,&quot;button_width&quot;:&quot;100&quot;,&quot;step_type&quot;:&quot;number_text&quot;,&quot;step_icon_shape&quot;:&quot;circle&quot;}\" data-widget_type=\"form.default\">\n\t\t\t\t<div class=\"elementor-widget-container\">\n\t\t\t\t\t\t\t<form class=\"elementor-form\" method=\"post\" name=\"Nuevo formulario\" aria-label=\"Nuevo formulario\">\n\t\t\t<input type=\"hidden\" name=\"post_id\" value=\"3650\"\/>\n\t\t\t<input type=\"hidden\" name=\"form_id\" value=\"578b60c1\"\/>\n\t\t\t<input type=\"hidden\" name=\"referer_title\" value=\"Tauchen im Adriatischen Meer - Palascia Relais\" \/>\n\n\t\t\t\t\t\t\t<input type=\"hidden\" name=\"queried_id\" value=\"3650\"\/>\n\t\t\t\n\t\t\t<div class=\"elementor-form-fields-wrapper elementor-labels-above\">\n\t\t\t\t\t\t\t\t<div class=\"elementor-field-type-text elementor-field-group elementor-column elementor-field-group-name elementor-col-100\">\n\t\t\t\t\t\t\t\t\t\t\t\t<label for=\"form-field-name\" class=\"elementor-field-label\">\n\t\t\t\t\t\t\t\tVorname und Nachname (erforderlich)\t\t\t\t\t\t\t<\/label>\n\t\t\t\t\t\t\t\t\t\t\t\t\t\t<input size=\"1\" type=\"text\" name=\"form_fields[name]\" id=\"form-field-name\" class=\"elementor-field elementor-size-sm  elementor-field-textual\">\n\t\t\t\t\t\t\t\t\t\t\t<\/div>\n\t\t\t\t\t\t\t\t<div class=\"elementor-field-type-email elementor-field-group elementor-column elementor-field-group-email elementor-col-100 elementor-field-required\">\n\t\t\t\t\t\t\t\t\t\t\t\t<label for=\"form-field-email\" class=\"elementor-field-label\">\n\t\t\t\t\t\t\t\tE-Mail (erforderlich)\t\t\t\t\t\t\t<\/label>\n\t\t\t\t\t\t\t\t\t\t\t\t\t\t<input size=\"1\" type=\"email\" name=\"form_fields[email]\" id=\"form-field-email\" class=\"elementor-field elementor-size-sm  elementor-field-textual\" required=\"required\">\n\t\t\t\t\t\t\t\t\t\t\t<\/div>\n\t\t\t\t\t\t\t\t<div class=\"elementor-field-type-text elementor-field-group elementor-column elementor-field-group-message elementor-col-100\">\n\t\t\t\t\t\t\t\t\t\t\t\t<label for=\"form-field-message\" class=\"elementor-field-label\">\n\t\t\t\t\t\t\t\tObjekt\t\t\t\t\t\t\t<\/label>\n\t\t\t\t\t\t\t\t\t\t\t\t\t\t<input size=\"1\" type=\"text\" name=\"form_fields[message]\" id=\"form-field-message\" class=\"elementor-field elementor-size-sm  elementor-field-textual\">\n\t\t\t\t\t\t\t\t\t\t\t<\/div>\n\t\t\t\t\t\t\t\t<div class=\"elementor-field-type-textarea elementor-field-group elementor-column elementor-field-group-field_d457f11 elementor-col-100\">\n\t\t\t\t\t\t\t\t\t\t\t\t<label for=\"form-field-field_d457f11\" class=\"elementor-field-label\">\n\t\t\t\t\t\t\t\tAnfrage\t\t\t\t\t\t\t<\/label>\n\t\t\t\t\t\t<textarea class=\"elementor-field-textual elementor-field  elementor-size-sm\" name=\"form_fields[field_d457f11]\" id=\"form-field-field_d457f11\" rows=\"4\"><\/textarea>\t\t\t\t<\/div>\n\t\t\t\t\t\t\t\t<div class=\"elementor-field-type-checkbox elementor-field-group elementor-column elementor-field-group-field_63f7806 elementor-col-100\">\n\t\t\t\t\t<div class=\"elementor-field-subgroup  \"><span class=\"elementor-field-option\"><input type=\"checkbox\" value=\"&lt;span&gt;Ich habe die &lt;a href=&quot;#&quot;&gt;Datenschutzbestimmungen&lt;\/a&gt; gelesen und akzeptiert&lt;\/span&gt;\" id=\"form-field-field_63f7806-0\" name=\"form_fields[field_63f7806]\"> <label for=\"form-field-field_63f7806-0\"><span>Ich habe die <a href=\"#\">Datenschutzbestimmungen<\/a> gelesen und akzeptiert<\/span><\/label><\/span><\/div>\t\t\t\t<\/div>\n\t\t\t\t\t\t\t\t<div class=\"elementor-field-type-checkbox elementor-field-group elementor-column elementor-field-group-hola elementor-col-100\">\n\t\t\t\t\t<div class=\"elementor-field-subgroup  \"><span class=\"elementor-field-option\"><input type=\"checkbox\" value=\"&lt;span&gt;Ich bin mit dem Erhalt von Werbeaktionen und Newslettern einverstanden&lt;\/span&gt;\" id=\"form-field-hola-0\" name=\"form_fields[hola]\"> <label for=\"form-field-hola-0\"><span>Ich bin mit dem Erhalt von Werbeaktionen und Newslettern einverstanden<\/span><\/label><\/span><\/div>\t\t\t\t<\/div>\n\t\t\t\t\t\t\t\t<div class=\"elementor-field-group elementor-column elementor-field-type-submit elementor-col-100 e-form__buttons\">\n\t\t\t\t\t<button class=\"elementor-button elementor-size-sm\" type=\"submit\">\n\t\t\t\t\t\t<span class=\"elementor-button-content-wrapper\">\n\t\t\t\t\t\t\t\t\t\t\t\t\t\t\t\t\t\t\t\t\t\t<span class=\"elementor-button-text\">SENDEN<\/span>\n\t\t\t\t\t\t\t\t\t\t\t\t\t<\/span>\n\t\t\t\t\t<\/button>\n\t\t\t\t<\/div>\n\t\t\t<\/div>\n\t\t<\/form>\n\t\t\t\t\t\t<\/div>\n\t\t\t\t<\/div>\n\t\t\t\t<\/div>\n\t\t\t\t\t<\/div>\n\t\t\t\t<\/div>\n\t\t\t\t<\/div>\n\t\t","protected":false},"excerpt":{"rendered":"<p>TAUCHEN AN DER ADRIA Erleben Sie einzigartige Erlebnisse beim Tauchen und entdecken Sie die K\u00fcstenlandschaft des Salento Tauchen im Meer des Salento F\u00fcr Meeresliebhaber ist es eine einmalige Gelegenheit, den magischen Meeresgrund von Otranto und der K\u00fcste des Salento in Begleitung von erfahrenen F\u00fchrern zu erkunden. WRITE<\/p>\n","protected":false},"author":3,"featured_media":0,"parent":0,"menu_order":0,"comment_status":"closed","ping_status":"closed","template":"","meta":{"_joinchat":[],"footnotes":""},"class_list":["post-3650","page","type-page","status-publish","hentry"],"yoast_head":"<!-- This site is optimized with the Yoast SEO plugin v27.4 - https:\/\/yoast.com\/product\/yoast-seo-wordpress\/ -->\n<title>Tauchen im Adriatischen Meer - Palascia Relais<\/title>\n<meta name=\"robots\" content=\"index, follow, max-snippet:-1, max-image-preview:large, max-video-preview:-1\" \/>\n<link rel=\"canonical\" href=\"https:\/\/palasciarelais.com\/de\/tauchen-im-adriatischen-meer\/\" \/>\n<meta property=\"og:locale\" content=\"de_DE\" \/>\n<meta property=\"og:type\" content=\"article\" \/>\n<meta property=\"og:title\" content=\"Tauchen im Adriatischen Meer - Palascia Relais\" \/>\n<meta property=\"og:description\" content=\"TAUCHEN AN DER ADRIA Erleben Sie einzigartige Erlebnisse beim Tauchen und entdecken Sie die K\u00fcstenlandschaft des Salento Tauchen im Meer des Salento F\u00fcr Meeresliebhaber ist es eine einmalige Gelegenheit, den magischen Meeresgrund von Otranto und der K\u00fcste des Salento in Begleitung von erfahrenen F\u00fchrern zu erkunden. WRITE\" \/>\n<meta property=\"og:url\" content=\"https:\/\/palasciarelais.com\/de\/tauchen-im-adriatischen-meer\/\" \/>\n<meta property=\"og:site_name\" content=\"Palascia Relais\" \/>\n<meta property=\"article:modified_time\" content=\"2025-03-05T19:55:52+00:00\" \/>\n<meta name=\"twitter:card\" content=\"summary_large_image\" \/>\n<script type=\"application\/ld+json\" class=\"yoast-schema-graph\">{\"@context\":\"https:\\\/\\\/schema.org\",\"@graph\":[{\"@type\":\"WebPage\",\"@id\":\"https:\\\/\\\/palasciarelais.com\\\/de\\\/tauchen-im-adriatischen-meer\\\/\",\"url\":\"https:\\\/\\\/palasciarelais.com\\\/de\\\/tauchen-im-adriatischen-meer\\\/\",\"name\":\"Tauchen im Adriatischen Meer - Palascia Relais\",\"isPartOf\":{\"@id\":\"https:\\\/\\\/palasciarelais.com\\\/de\\\/#website\"},\"datePublished\":\"2024-07-29T00:06:37+00:00\",\"dateModified\":\"2025-03-05T19:55:52+00:00\",\"breadcrumb\":{\"@id\":\"https:\\\/\\\/palasciarelais.com\\\/de\\\/tauchen-im-adriatischen-meer\\\/#breadcrumb\"},\"inLanguage\":\"de\",\"potentialAction\":[{\"@type\":\"ReadAction\",\"target\":[\"https:\\\/\\\/palasciarelais.com\\\/de\\\/tauchen-im-adriatischen-meer\\\/\"]}]},{\"@type\":\"BreadcrumbList\",\"@id\":\"https:\\\/\\\/palasciarelais.com\\\/de\\\/tauchen-im-adriatischen-meer\\\/#breadcrumb\",\"itemListElement\":[{\"@type\":\"ListItem\",\"position\":1,\"name\":\"Home\",\"item\":\"https:\\\/\\\/palasciarelais.com\\\/de\\\/\"},{\"@type\":\"ListItem\",\"position\":2,\"name\":\"Tauchen im Adriatischen Meer\"}]},{\"@type\":\"WebSite\",\"@id\":\"https:\\\/\\\/palasciarelais.com\\\/de\\\/#website\",\"url\":\"https:\\\/\\\/palasciarelais.com\\\/de\\\/\",\"name\":\"Palascia Relais\",\"description\":\"Hotel a Otranto sul mare - Palasc\u00eca Wellness Relais\",\"potentialAction\":[{\"@type\":\"SearchAction\",\"target\":{\"@type\":\"EntryPoint\",\"urlTemplate\":\"https:\\\/\\\/palasciarelais.com\\\/de\\\/?s={search_term_string}\"},\"query-input\":{\"@type\":\"PropertyValueSpecification\",\"valueRequired\":true,\"valueName\":\"search_term_string\"}}],\"inLanguage\":\"de\"}]}<\/script>\n<!-- \/ Yoast SEO plugin. -->","yoast_head_json":{"title":"Tauchen im Adriatischen Meer - Palascia Relais","robots":{"index":"index","follow":"follow","max-snippet":"max-snippet:-1","max-image-preview":"max-image-preview:large","max-video-preview":"max-video-preview:-1"},"canonical":"https:\/\/palasciarelais.com\/de\/tauchen-im-adriatischen-meer\/","og_locale":"de_DE","og_type":"article","og_title":"Tauchen im Adriatischen Meer - Palascia Relais","og_description":"TAUCHEN AN DER ADRIA Erleben Sie einzigartige Erlebnisse beim Tauchen und entdecken Sie die K\u00fcstenlandschaft des Salento Tauchen im Meer des Salento F\u00fcr Meeresliebhaber ist es eine einmalige Gelegenheit, den magischen Meeresgrund von Otranto und der K\u00fcste des Salento in Begleitung von erfahrenen F\u00fchrern zu erkunden. WRITE","og_url":"https:\/\/palasciarelais.com\/de\/tauchen-im-adriatischen-meer\/","og_site_name":"Palascia Relais","article_modified_time":"2025-03-05T19:55:52+00:00","twitter_card":"summary_large_image","schema":{"@context":"https:\/\/schema.org","@graph":[{"@type":"WebPage","@id":"https:\/\/palasciarelais.com\/de\/tauchen-im-adriatischen-meer\/","url":"https:\/\/palasciarelais.com\/de\/tauchen-im-adriatischen-meer\/","name":"Tauchen im Adriatischen Meer - Palascia Relais","isPartOf":{"@id":"https:\/\/palasciarelais.com\/de\/#website"},"datePublished":"2024-07-29T00:06:37+00:00","dateModified":"2025-03-05T19:55:52+00:00","breadcrumb":{"@id":"https:\/\/palasciarelais.com\/de\/tauchen-im-adriatischen-meer\/#breadcrumb"},"inLanguage":"de","potentialAction":[{"@type":"ReadAction","target":["https:\/\/palasciarelais.com\/de\/tauchen-im-adriatischen-meer\/"]}]},{"@type":"BreadcrumbList","@id":"https:\/\/palasciarelais.com\/de\/tauchen-im-adriatischen-meer\/#breadcrumb","itemListElement":[{"@type":"ListItem","position":1,"name":"Home","item":"https:\/\/palasciarelais.com\/de\/"},{"@type":"ListItem","position":2,"name":"Tauchen im Adriatischen Meer"}]},{"@type":"WebSite","@id":"https:\/\/palasciarelais.com\/de\/#website","url":"https:\/\/palasciarelais.com\/de\/","name":"Palascia Relais","description":"Hotel a Otranto sul mare - Palasc\u00eca Wellness Relais","potentialAction":[{"@type":"SearchAction","target":{"@type":"EntryPoint","urlTemplate":"https:\/\/palasciarelais.com\/de\/?s={search_term_string}"},"query-input":{"@type":"PropertyValueSpecification","valueRequired":true,"valueName":"search_term_string"}}],"inLanguage":"de"}]}},"_links":{"self":[{"href":"https:\/\/palasciarelais.com\/de\/wp-json\/wp\/v2\/pages\/3650","targetHints":{"allow":["GET"]}}],"collection":[{"href":"https:\/\/palasciarelais.com\/de\/wp-json\/wp\/v2\/pages"}],"about":[{"href":"https:\/\/palasciarelais.com\/de\/wp-json\/wp\/v2\/types\/page"}],"author":[{"embeddable":true,"href":"https:\/\/palasciarelais.com\/de\/wp-json\/wp\/v2\/users\/3"}],"replies":[{"embeddable":true,"href":"https:\/\/palasciarelais.com\/de\/wp-json\/wp\/v2\/comments?post=3650"}],"version-history":[{"count":0,"href":"https:\/\/palasciarelais.com\/de\/wp-json\/wp\/v2\/pages\/3650\/revisions"}],"wp:attachment":[{"href":"https:\/\/palasciarelais.com\/de\/wp-json\/wp\/v2\/media?parent=3650"}],"curies":[{"name":"wp","href":"https:\/\/api.w.org\/{rel}","templated":true}]}}