{"id":3679,"date":"2024-07-29T15:43:49","date_gmt":"2024-07-29T13:43:49","guid":{"rendered":"https:\/\/palasciarelais.com\/klassisch\/"},"modified":"2025-03-05T19:44:11","modified_gmt":"2025-03-05T18:44:11","slug":"klassisch","status":"publish","type":"page","link":"https:\/\/palasciarelais.com\/de\/klassisch\/","title":{"rendered":"Klassisch"},"content":{"rendered":"<h2>KLASSISCHE ZIMMER<\/h2>\n<h2>Klassisch<\/h2>\n<p>Die Classic-Zimmer, die bequemsten im Relais, befinden sich im ersten Stock des Empfangs- und Fr\u00fchst\u00fccksbereichs; sie sind f\u00fcr zwei Personen geeignet, da sie \u00fcber ein Kingsize-Doppelbett und eine durchschnittliche Gr\u00f6\u00dfe von 18 Quadratmetern verf\u00fcgen.<\/p>\n<p>Sie verf\u00fcgen \u00fcber ein eigenes Bad mit Duschkabine, Pflegeprodukte von Acqua di Parma, Heizung und Klimaanlage, 32\u2033 LED-Fernseher mit SKY&#8217;s Gold Vision Angebot, Minibar und Safe. Sie verf\u00fcgen \u00fcber ein bodentiefes Fenster, von dem aus Sie die bezaubernde Bucht von Orte und den Leuchtturm von Punta Palascia bewundern k\u00f6nnen. <\/p>\n<p>Alle unsere Zimmer sind Nichtraucherzimmer.<\/p>\n<p>        0<br \/>\n        <sup><\/sup><\/p>\n<h2>Camere<\/h2>\n<p>\t\t\t\t\t\t\t\t\t\t\t\t\t\t\t<img fetchpriority=\"high\" width=\"1800\" height=\"1200\" src=\"https:\/\/palasciarelais.com\/wp-content\/uploads\/2024\/07\/12.jpg\" alt=\"\" decoding=\"async\" srcset=\"https:\/\/palasciarelais.com\/wp-content\/uploads\/2024\/07\/12.jpg 1800w, https:\/\/palasciarelais.com\/wp-content\/uploads\/2024\/07\/12-300x200.jpg 300w, https:\/\/palasciarelais.com\/wp-content\/uploads\/2024\/07\/12-1024x683.jpg 1024w, https:\/\/palasciarelais.com\/wp-content\/uploads\/2024\/07\/12-768x512.jpg 768w, https:\/\/palasciarelais.com\/wp-content\/uploads\/2024\/07\/12-1536x1024.jpg 1536w\" sizes=\"(max-width: 1800px) 100vw, 1800px\" \/>\t\t\t\t\t\t\t\t\t\t\t\t\t\t\t<\/p>\n<h2>Unsere wichtigsten Dienstleistungen und Annehmlichkeiten im Zimmer<\/h2>\n<p>\t\t\t\t\t<img width=\"160\" height=\"160\" src=\"https:\/\/palasciarelais.com\/wp-content\/uploads\/2024\/06\/icon-features-bed-1.png\" alt=\"Qualit\u00e0 del letto premium\" url=\"https:\/\/palasciarelais.com\/wp-content\/uploads\/2024\/06\/icon-features-bed-1.png\" decoding=\"async\" srcset=\"https:\/\/palasciarelais.com\/wp-content\/uploads\/2024\/06\/icon-features-bed-1.png 160w, https:\/\/palasciarelais.com\/wp-content\/uploads\/2024\/06\/icon-features-bed-1-150x150.png 150w\" sizes=\"(max-width: 160px) 100vw, 160px\" \/><\/p>\n<h2>Qualit\u00e0 del letto premium<\/h2>\n<p>\t\t\t\t\t<img width=\"160\" height=\"160\" src=\"https:\/\/palasciarelais.com\/wp-content\/uploads\/2024\/06\/icon-features-living-room-1.png\" alt=\"Spazio abitativo esclusivo\" url=\"https:\/\/palasciarelais.com\/wp-content\/uploads\/2024\/06\/icon-features-living-room-1.png\" decoding=\"async\" srcset=\"https:\/\/palasciarelais.com\/wp-content\/uploads\/2024\/06\/icon-features-living-room-1.png 160w, https:\/\/palasciarelais.com\/wp-content\/uploads\/2024\/06\/icon-features-living-room-1-150x150.png 150w\" sizes=\"(max-width: 160px) 100vw, 160px\" \/><\/p>\n<h2>Spazio abitativo esclusivo<\/h2>\n<p>\t\t\t\t\t<img loading=\"lazy\" width=\"160\" height=\"160\" src=\"https:\/\/palasciarelais.com\/wp-content\/uploads\/2024\/06\/icon-features-Kitchen-1.png\" alt=\"Cucina completamente attrezzata\" url=\"https:\/\/palasciarelais.com\/wp-content\/uploads\/2024\/06\/icon-features-Kitchen-1.png\" decoding=\"async\" srcset=\"https:\/\/palasciarelais.com\/wp-content\/uploads\/2024\/06\/icon-features-Kitchen-1.png 160w, https:\/\/palasciarelais.com\/wp-content\/uploads\/2024\/06\/icon-features-Kitchen-1-150x150.png 150w\" sizes=\"(max-width: 160px) 100vw, 160px\" \/><\/p>\n<h2>Cucina completamente attrezzata<\/h2>\n<p>\t\t\t\t\t<img loading=\"lazy\" width=\"163\" height=\"164\" src=\"https:\/\/palasciarelais.com\/wp-content\/uploads\/2024\/06\/icon-features-pool-2.png\" alt=\"Piscina privata esclusiva\" url=\"https:\/\/palasciarelais.com\/wp-content\/uploads\/2024\/06\/icon-features-pool-2.png\" decoding=\"async\" srcset=\"https:\/\/palasciarelais.com\/wp-content\/uploads\/2024\/06\/icon-features-pool-2.png 163w, https:\/\/palasciarelais.com\/wp-content\/uploads\/2024\/06\/icon-features-pool-2-150x150.png 150w\" sizes=\"(max-width: 163px) 100vw, 163px\" \/><\/p>\n<h2>Piscina privata esclusiva<\/h2>\n<p>\t\t\t\t\t<img loading=\"lazy\" width=\"160\" height=\"160\" src=\"https:\/\/palasciarelais.com\/wp-content\/uploads\/2024\/06\/icon-features-pool-1.png\" alt=\"Doccia e vasca da bagno\" url=\"https:\/\/palasciarelais.com\/wp-content\/uploads\/2024\/06\/icon-features-pool-1.png\" decoding=\"async\" srcset=\"https:\/\/palasciarelais.com\/wp-content\/uploads\/2024\/06\/icon-features-pool-1.png 160w, https:\/\/palasciarelais.com\/wp-content\/uploads\/2024\/06\/icon-features-pool-1-150x150.png 150w\" sizes=\"(max-width: 160px) 100vw, 160px\" \/><\/p>\n<h2>Doccia e vasca da bagno<\/h2>\n<p>\t\t\t\t\t<img loading=\"lazy\" width=\"158\" height=\"160\" src=\"https:\/\/palasciarelais.com\/wp-content\/uploads\/2024\/06\/Group-38.png\" alt=\"Wi-Fi e Smart TV\" url=\"https:\/\/palasciarelais.com\/wp-content\/uploads\/2024\/06\/Group-38.png\" decoding=\"async\" \/><\/p>\n<h2>Wi-Fi e Smart TV<\/h2>\n<p>\t\t\t\t\t<img loading=\"lazy\" width=\"160\" height=\"160\" src=\"https:\/\/palasciarelais.com\/wp-content\/uploads\/2024\/06\/Group-36.png\" alt=\"Decorazione romantica\" url=\"https:\/\/palasciarelais.com\/wp-content\/uploads\/2024\/06\/Group-36.png\" decoding=\"async\" srcset=\"https:\/\/palasciarelais.com\/wp-content\/uploads\/2024\/06\/Group-36.png 160w, https:\/\/palasciarelais.com\/wp-content\/uploads\/2024\/06\/Group-36-150x150.png 150w\" sizes=\"(max-width: 160px) 100vw, 160px\" \/><\/p>\n<h2>Decorazione romantica<\/h2>\n<p>\t\t\t\t\t<img loading=\"lazy\" width=\"164\" height=\"164\" src=\"https:\/\/palasciarelais.com\/wp-content\/uploads\/2024\/06\/Group-37.png\" alt=\"Servizio in camera 24\/7\" url=\"https:\/\/palasciarelais.com\/wp-content\/uploads\/2024\/06\/Group-37.png\" decoding=\"async\" srcset=\"https:\/\/palasciarelais.com\/wp-content\/uploads\/2024\/06\/Group-37.png 164w, https:\/\/palasciarelais.com\/wp-content\/uploads\/2024\/06\/Group-37-150x150.png 150w\" sizes=\"(max-width: 164px) 100vw, 164px\" \/><\/p>\n<h2>Servizio in camera 24\/7<\/h2>\n<p>\t\t\t\t\t<img loading=\"lazy\" width=\"163\" height=\"164\" src=\"https:\/\/palasciarelais.com\/wp-content\/uploads\/2024\/06\/icon-features-breakfast-1.png\" alt=\"Colazione galleggiante\" url=\"https:\/\/palasciarelais.com\/wp-content\/uploads\/2024\/06\/icon-features-breakfast-1.png\" decoding=\"async\" srcset=\"https:\/\/palasciarelais.com\/wp-content\/uploads\/2024\/06\/icon-features-breakfast-1.png 163w, https:\/\/palasciarelais.com\/wp-content\/uploads\/2024\/06\/icon-features-breakfast-1-150x150.png 150w\" sizes=\"(max-width: 163px) 100vw, 163px\" \/><\/p>\n<h2>Colazione galleggiante<\/h2>\n<p>\t\t\t\t\t<img loading=\"lazy\" width=\"161\" height=\"164\" src=\"https:\/\/palasciarelais.com\/wp-content\/uploads\/2024\/06\/icon-features-dinner-1.png\" alt=\"Cena a lume di candela\" url=\"https:\/\/palasciarelais.com\/wp-content\/uploads\/2024\/06\/icon-features-dinner-1.png\" decoding=\"async\" \/><\/p>\n<h2>Cena a lume di candela<\/h2>\n<p>\t\t\t\t\t<img loading=\"lazy\" width=\"162\" height=\"162\" src=\"https:\/\/palasciarelais.com\/wp-content\/uploads\/2024\/06\/icon-features-spa-1.png\" alt=\"Massaggio indulgente\" url=\"https:\/\/palasciarelais.com\/wp-content\/uploads\/2024\/06\/icon-features-spa-1.png\" decoding=\"async\" srcset=\"https:\/\/palasciarelais.com\/wp-content\/uploads\/2024\/06\/icon-features-spa-1.png 162w, https:\/\/palasciarelais.com\/wp-content\/uploads\/2024\/06\/icon-features-spa-1-150x150.png 150w\" sizes=\"(max-width: 162px) 100vw, 162px\" \/><\/p>\n<h2>Massaggio indulgente<\/h2>\n<p>\t\t\t\t\t<img loading=\"lazy\" width=\"158\" height=\"160\" src=\"https:\/\/palasciarelais.com\/wp-content\/uploads\/2024\/06\/icon-features-Gift.png\" alt=\"Aggiunta Sorpresa Stanza\" url=\"https:\/\/palasciarelais.com\/wp-content\/uploads\/2024\/06\/icon-features-Gift.png\" decoding=\"async\" \/><\/p>\n<h2>Aggiunta Sorpresa Stanza<\/h2>\n<h2>Ihr Zimmer<\/h2>\n<ul><\/ul>\n<p>                    <strong><\/strong><\/p>\n<\/p>\n<ul><\/ul>\n<p>                    <strong><\/strong><\/p>\n<\/p>\n<ul><\/ul>\n<p>                    <strong><\/strong><\/p>\n<\/p>\n<ul><\/ul>\n<p>                    <strong><\/strong><\/p>\n<\/p>\n<ul><\/ul>\n<p>                    <strong><\/strong><\/p>\n<\/p>\n<ul><\/ul>\n<p>                    <strong><\/strong><\/p>\n<\/p>\n<ul><\/ul>\n<p>                    <strong><\/strong><\/p>\n<\/p>\n<ul><\/ul>\n<p>                    <strong><\/strong><\/p>\n<\/p>\n<h2>Effettua la tua prenotazione<\/h2>\n<h2>WRITE<\/h2>\n","protected":false},"excerpt":{"rendered":"<p>KLASSISCHE ZIMMER Klassisch Die Classic-Zimmer, die bequemsten im Relais, befinden sich im ersten Stock des Empfangs- und Fr\u00fchst\u00fccksbereichs; sie sind f\u00fcr zwei Personen geeignet, da sie \u00fcber ein Kingsize-Doppelbett und eine durchschnittliche Gr\u00f6\u00dfe von 18 Quadratmetern verf\u00fcgen. Sie verf\u00fcgen \u00fcber ein eigenes Bad mit Duschkabine, Pflegeprodukte von Acqua di Parma, Heizung und Klimaanlage, 32\u2033 LED-Fernseher [&hellip;]<\/p>\n","protected":false},"author":3,"featured_media":0,"parent":0,"menu_order":0,"comment_status":"closed","ping_status":"closed","template":"elementor_header_footer","meta":{"_joinchat":[],"footnotes":""},"class_list":["post-3679","page","type-page","status-publish","hentry"],"yoast_head":"<!-- This site is optimized with the Yoast SEO plugin v27.5 - https:\/\/yoast.com\/product\/yoast-seo-wordpress\/ -->\n<title>Klassisch - Palascia Relais<\/title>\n<meta name=\"robots\" content=\"index, follow, max-snippet:-1, max-image-preview:large, max-video-preview:-1\" \/>\n<link rel=\"canonical\" href=\"https:\/\/palasciarelais.com\/de\/klassisch\/\" \/>\n<meta property=\"og:locale\" content=\"de_DE\" \/>\n<meta property=\"og:type\" content=\"article\" \/>\n<meta property=\"og:title\" content=\"Klassisch - Palascia Relais\" \/>\n<meta property=\"og:description\" content=\"KLASSISCHE ZIMMER Klassisch Die Classic-Zimmer, die bequemsten im Relais, befinden sich im ersten Stock des Empfangs- und Fr\u00fchst\u00fccksbereichs; sie sind f\u00fcr zwei Personen geeignet, da sie \u00fcber ein Kingsize-Doppelbett und eine durchschnittliche Gr\u00f6\u00dfe von 18 Quadratmetern verf\u00fcgen. Sie verf\u00fcgen \u00fcber ein eigenes Bad mit Duschkabine, Pflegeprodukte von Acqua di Parma, Heizung und Klimaanlage, 32\u2033 LED-Fernseher [&hellip;]\" \/>\n<meta property=\"og:url\" content=\"https:\/\/palasciarelais.com\/de\/klassisch\/\" \/>\n<meta property=\"og:site_name\" content=\"Palascia Relais\" \/>\n<meta property=\"article:modified_time\" content=\"2025-03-05T18:44:11+00:00\" \/>\n<meta property=\"og:image\" content=\"https:\/\/palasciarelais.com\/wp-content\/uploads\/2024\/07\/12.jpg\" \/>\n<meta name=\"twitter:card\" content=\"summary_large_image\" \/>\n<meta name=\"twitter:label1\" content=\"Gesch\u00e4tzte Lesezeit\" \/>\n\t<meta name=\"twitter:data1\" content=\"1\u00a0Minute\" \/>\n<script type=\"application\/ld+json\" class=\"yoast-schema-graph\">{\"@context\":\"https:\\\/\\\/schema.org\",\"@graph\":[{\"@type\":\"WebPage\",\"@id\":\"https:\\\/\\\/palasciarelais.com\\\/de\\\/klassisch\\\/\",\"url\":\"https:\\\/\\\/palasciarelais.com\\\/de\\\/klassisch\\\/\",\"name\":\"Klassisch - Palascia Relais\",\"isPartOf\":{\"@id\":\"https:\\\/\\\/palasciarelais.com\\\/de\\\/#website\"},\"primaryImageOfPage\":{\"@id\":\"https:\\\/\\\/palasciarelais.com\\\/de\\\/klassisch\\\/#primaryimage\"},\"image\":{\"@id\":\"https:\\\/\\\/palasciarelais.com\\\/de\\\/klassisch\\\/#primaryimage\"},\"thumbnailUrl\":\"https:\\\/\\\/palasciarelais.com\\\/wp-content\\\/uploads\\\/2024\\\/07\\\/12.jpg\",\"datePublished\":\"2024-07-29T13:43:49+00:00\",\"dateModified\":\"2025-03-05T18:44:11+00:00\",\"breadcrumb\":{\"@id\":\"https:\\\/\\\/palasciarelais.com\\\/de\\\/klassisch\\\/#breadcrumb\"},\"inLanguage\":\"de\",\"potentialAction\":[{\"@type\":\"ReadAction\",\"target\":[\"https:\\\/\\\/palasciarelais.com\\\/de\\\/klassisch\\\/\"]}]},{\"@type\":\"ImageObject\",\"inLanguage\":\"de\",\"@id\":\"https:\\\/\\\/palasciarelais.com\\\/de\\\/klassisch\\\/#primaryimage\",\"url\":\"https:\\\/\\\/palasciarelais.com\\\/wp-content\\\/uploads\\\/2024\\\/07\\\/12.jpg\",\"contentUrl\":\"https:\\\/\\\/palasciarelais.com\\\/wp-content\\\/uploads\\\/2024\\\/07\\\/12.jpg\"},{\"@type\":\"BreadcrumbList\",\"@id\":\"https:\\\/\\\/palasciarelais.com\\\/de\\\/klassisch\\\/#breadcrumb\",\"itemListElement\":[{\"@type\":\"ListItem\",\"position\":1,\"name\":\"Home\",\"item\":\"https:\\\/\\\/palasciarelais.com\\\/de\\\/\"},{\"@type\":\"ListItem\",\"position\":2,\"name\":\"Klassisch\"}]},{\"@type\":\"WebSite\",\"@id\":\"https:\\\/\\\/palasciarelais.com\\\/de\\\/#website\",\"url\":\"https:\\\/\\\/palasciarelais.com\\\/de\\\/\",\"name\":\"Palascia Relais\",\"description\":\"Hotel a Otranto sul mare - Palasc\u00eca Wellness Relais\",\"potentialAction\":[{\"@type\":\"SearchAction\",\"target\":{\"@type\":\"EntryPoint\",\"urlTemplate\":\"https:\\\/\\\/palasciarelais.com\\\/de\\\/?s={search_term_string}\"},\"query-input\":{\"@type\":\"PropertyValueSpecification\",\"valueRequired\":true,\"valueName\":\"search_term_string\"}}],\"inLanguage\":\"de\"}]}<\/script>\n<!-- \/ Yoast SEO plugin. -->","yoast_head_json":{"title":"Klassisch - Palascia Relais","robots":{"index":"index","follow":"follow","max-snippet":"max-snippet:-1","max-image-preview":"max-image-preview:large","max-video-preview":"max-video-preview:-1"},"canonical":"https:\/\/palasciarelais.com\/de\/klassisch\/","og_locale":"de_DE","og_type":"article","og_title":"Klassisch - Palascia Relais","og_description":"KLASSISCHE ZIMMER Klassisch Die Classic-Zimmer, die bequemsten im Relais, befinden sich im ersten Stock des Empfangs- und Fr\u00fchst\u00fccksbereichs; sie sind f\u00fcr zwei Personen geeignet, da sie \u00fcber ein Kingsize-Doppelbett und eine durchschnittliche Gr\u00f6\u00dfe von 18 Quadratmetern verf\u00fcgen. Sie verf\u00fcgen \u00fcber ein eigenes Bad mit Duschkabine, Pflegeprodukte von Acqua di Parma, Heizung und Klimaanlage, 32\u2033 LED-Fernseher [&hellip;]","og_url":"https:\/\/palasciarelais.com\/de\/klassisch\/","og_site_name":"Palascia Relais","article_modified_time":"2025-03-05T18:44:11+00:00","og_image":[{"url":"https:\/\/palasciarelais.com\/wp-content\/uploads\/2024\/07\/12.jpg","type":"","width":"","height":""}],"twitter_card":"summary_large_image","twitter_misc":{"Gesch\u00e4tzte Lesezeit":"1\u00a0Minute"},"schema":{"@context":"https:\/\/schema.org","@graph":[{"@type":"WebPage","@id":"https:\/\/palasciarelais.com\/de\/klassisch\/","url":"https:\/\/palasciarelais.com\/de\/klassisch\/","name":"Klassisch - Palascia Relais","isPartOf":{"@id":"https:\/\/palasciarelais.com\/de\/#website"},"primaryImageOfPage":{"@id":"https:\/\/palasciarelais.com\/de\/klassisch\/#primaryimage"},"image":{"@id":"https:\/\/palasciarelais.com\/de\/klassisch\/#primaryimage"},"thumbnailUrl":"https:\/\/palasciarelais.com\/wp-content\/uploads\/2024\/07\/12.jpg","datePublished":"2024-07-29T13:43:49+00:00","dateModified":"2025-03-05T18:44:11+00:00","breadcrumb":{"@id":"https:\/\/palasciarelais.com\/de\/klassisch\/#breadcrumb"},"inLanguage":"de","potentialAction":[{"@type":"ReadAction","target":["https:\/\/palasciarelais.com\/de\/klassisch\/"]}]},{"@type":"ImageObject","inLanguage":"de","@id":"https:\/\/palasciarelais.com\/de\/klassisch\/#primaryimage","url":"https:\/\/palasciarelais.com\/wp-content\/uploads\/2024\/07\/12.jpg","contentUrl":"https:\/\/palasciarelais.com\/wp-content\/uploads\/2024\/07\/12.jpg"},{"@type":"BreadcrumbList","@id":"https:\/\/palasciarelais.com\/de\/klassisch\/#breadcrumb","itemListElement":[{"@type":"ListItem","position":1,"name":"Home","item":"https:\/\/palasciarelais.com\/de\/"},{"@type":"ListItem","position":2,"name":"Klassisch"}]},{"@type":"WebSite","@id":"https:\/\/palasciarelais.com\/de\/#website","url":"https:\/\/palasciarelais.com\/de\/","name":"Palascia Relais","description":"Hotel a Otranto sul mare - Palasc\u00eca Wellness Relais","potentialAction":[{"@type":"SearchAction","target":{"@type":"EntryPoint","urlTemplate":"https:\/\/palasciarelais.com\/de\/?s={search_term_string}"},"query-input":{"@type":"PropertyValueSpecification","valueRequired":true,"valueName":"search_term_string"}}],"inLanguage":"de"}]}},"_links":{"self":[{"href":"https:\/\/palasciarelais.com\/de\/wp-json\/wp\/v2\/pages\/3679","targetHints":{"allow":["GET"]}}],"collection":[{"href":"https:\/\/palasciarelais.com\/de\/wp-json\/wp\/v2\/pages"}],"about":[{"href":"https:\/\/palasciarelais.com\/de\/wp-json\/wp\/v2\/types\/page"}],"author":[{"embeddable":true,"href":"https:\/\/palasciarelais.com\/de\/wp-json\/wp\/v2\/users\/3"}],"replies":[{"embeddable":true,"href":"https:\/\/palasciarelais.com\/de\/wp-json\/wp\/v2\/comments?post=3679"}],"version-history":[{"count":0,"href":"https:\/\/palasciarelais.com\/de\/wp-json\/wp\/v2\/pages\/3679\/revisions"}],"wp:attachment":[{"href":"https:\/\/palasciarelais.com\/de\/wp-json\/wp\/v2\/media?parent=3679"}],"curies":[{"name":"wp","href":"https:\/\/api.w.org\/{rel}","templated":true}]}}