{"id":3687,"date":"2024-07-29T17:26:13","date_gmt":"2024-07-29T15:26:13","guid":{"rendered":"https:\/\/palasciarelais.com\/dankeschoen\/"},"modified":"2025-03-05T19:44:15","modified_gmt":"2025-03-05T18:44:15","slug":"dankeschoen","status":"publish","type":"page","link":"https:\/\/palasciarelais.com\/de\/dankeschoen\/","title":{"rendered":"Dankesch\u00f6n"},"content":{"rendered":"\t\t<div data-elementor-type=\"wp-page\" data-elementor-id=\"3687\" class=\"elementor elementor-3687 elementor-1925\" data-elementor-post-type=\"page\">\n\t\t\t\t<div class=\"elementor-element elementor-element-6e588e5f e-con-full e-flex e-con e-parent\" data-id=\"6e588e5f\" data-element_type=\"container\" data-e-type=\"container\" data-settings=\"{&quot;background_background&quot;:&quot;classic&quot;}\">\n\t\t<div class=\"elementor-element elementor-element-3070b6a0 e-con-full e-flex e-con e-child\" data-id=\"3070b6a0\" data-element_type=\"container\" data-e-type=\"container\">\n\t\t\t\t<div class=\"elementor-element elementor-element-530c9489 elementor-widget elementor-widget-heading\" data-id=\"530c9489\" data-element_type=\"widget\" data-e-type=\"widget\" data-widget_type=\"heading.default\">\n\t\t\t\t<div class=\"elementor-widget-container\">\n\t\t\t\t\t<h1 class=\"elementor-heading-title elementor-size-default\">Dankesch\u00f6n<\/h1>\t\t\t\t<\/div>\n\t\t\t\t<\/div>\n\t\t\t\t<div class=\"elementor-element elementor-element-6e6a607 elementor-widget__width-initial elementor-widget-mobile__width-inherit elementor-widget elementor-widget-text-editor\" data-id=\"6e6a607\" data-element_type=\"widget\" data-e-type=\"widget\" data-widget_type=\"text-editor.default\">\n\t\t\t\t<div class=\"elementor-widget-container\">\n\t\t\t\t\t\t\t\t\t<p>Ihre Anfrage ist eingegangen.<\/p><p>Wir werden Sie so bald wie m\u00f6glich kontaktieren.<\/p>\t\t\t\t\t\t\t\t<\/div>\n\t\t\t\t<\/div>\n\t\t\t\t<div class=\"elementor-element elementor-element-21ba5f48 elementor-widget__width-auto elementor-widget elementor-widget-jkit_button\" data-id=\"21ba5f48\" data-element_type=\"widget\" data-e-type=\"widget\" data-widget_type=\"jkit_button.default\">\n\t\t\t\t<div class=\"elementor-widget-container\">\n\t\t\t\t\t<div  class=\"jeg-elementor-kit jkit-button  icon-position-before jeg_module___69f5d797828fb\" ><a href=\"https:\/\/palasciarelais.com\/home\/\" class=\"jkit-button-wrapper\">Tornare a home<\/a><\/div>\t\t\t\t<\/div>\n\t\t\t\t<\/div>\n\t\t\t\t<\/div>\n\t\t\t\t<\/div>\n\t\t\t\t<\/div>\n\t\t","protected":false},"excerpt":{"rendered":"<p>Dankesch\u00f6n Ihre Anfrage ist eingegangen. Wir werden Sie so bald wie m\u00f6glich kontaktieren. Tornare a home<\/p>\n","protected":false},"author":3,"featured_media":0,"parent":0,"menu_order":0,"comment_status":"closed","ping_status":"closed","template":"","meta":{"_joinchat":[],"footnotes":""},"class_list":["post-3687","page","type-page","status-publish","hentry"],"yoast_head":"<!-- This site is optimized with the Yoast SEO plugin v27.5 - https:\/\/yoast.com\/product\/yoast-seo-wordpress\/ -->\n<title>Dankesch\u00f6n - Palascia Relais<\/title>\n<meta name=\"robots\" content=\"index, follow, max-snippet:-1, max-image-preview:large, max-video-preview:-1\" \/>\n<link rel=\"canonical\" href=\"https:\/\/palasciarelais.com\/de\/dankeschoen\/\" \/>\n<meta property=\"og:locale\" content=\"de_DE\" \/>\n<meta property=\"og:type\" content=\"article\" \/>\n<meta property=\"og:title\" content=\"Dankesch\u00f6n - Palascia Relais\" \/>\n<meta property=\"og:description\" content=\"Dankesch\u00f6n Ihre Anfrage ist eingegangen. Wir werden Sie so bald wie m\u00f6glich kontaktieren. Tornare a home\" \/>\n<meta property=\"og:url\" content=\"https:\/\/palasciarelais.com\/de\/dankeschoen\/\" \/>\n<meta property=\"og:site_name\" content=\"Palascia Relais\" \/>\n<meta property=\"article:modified_time\" content=\"2025-03-05T18:44:15+00:00\" \/>\n<meta name=\"twitter:card\" content=\"summary_large_image\" \/>\n<script type=\"application\/ld+json\" class=\"yoast-schema-graph\">{\"@context\":\"https:\\\/\\\/schema.org\",\"@graph\":[{\"@type\":\"WebPage\",\"@id\":\"https:\\\/\\\/palasciarelais.com\\\/de\\\/dankeschoen\\\/\",\"url\":\"https:\\\/\\\/palasciarelais.com\\\/de\\\/dankeschoen\\\/\",\"name\":\"Dankesch\u00f6n - Palascia Relais\",\"isPartOf\":{\"@id\":\"https:\\\/\\\/palasciarelais.com\\\/de\\\/#website\"},\"datePublished\":\"2024-07-29T15:26:13+00:00\",\"dateModified\":\"2025-03-05T18:44:15+00:00\",\"breadcrumb\":{\"@id\":\"https:\\\/\\\/palasciarelais.com\\\/de\\\/dankeschoen\\\/#breadcrumb\"},\"inLanguage\":\"de\",\"potentialAction\":[{\"@type\":\"ReadAction\",\"target\":[\"https:\\\/\\\/palasciarelais.com\\\/de\\\/dankeschoen\\\/\"]}]},{\"@type\":\"BreadcrumbList\",\"@id\":\"https:\\\/\\\/palasciarelais.com\\\/de\\\/dankeschoen\\\/#breadcrumb\",\"itemListElement\":[{\"@type\":\"ListItem\",\"position\":1,\"name\":\"Home\",\"item\":\"https:\\\/\\\/palasciarelais.com\\\/de\\\/\"},{\"@type\":\"ListItem\",\"position\":2,\"name\":\"Dankesch\u00f6n\"}]},{\"@type\":\"WebSite\",\"@id\":\"https:\\\/\\\/palasciarelais.com\\\/de\\\/#website\",\"url\":\"https:\\\/\\\/palasciarelais.com\\\/de\\\/\",\"name\":\"Palascia Relais\",\"description\":\"Hotel a Otranto sul mare - Palasc\u00eca Wellness Relais\",\"potentialAction\":[{\"@type\":\"SearchAction\",\"target\":{\"@type\":\"EntryPoint\",\"urlTemplate\":\"https:\\\/\\\/palasciarelais.com\\\/de\\\/?s={search_term_string}\"},\"query-input\":{\"@type\":\"PropertyValueSpecification\",\"valueRequired\":true,\"valueName\":\"search_term_string\"}}],\"inLanguage\":\"de\"}]}<\/script>\n<!-- \/ Yoast SEO plugin. -->","yoast_head_json":{"title":"Dankesch\u00f6n - Palascia Relais","robots":{"index":"index","follow":"follow","max-snippet":"max-snippet:-1","max-image-preview":"max-image-preview:large","max-video-preview":"max-video-preview:-1"},"canonical":"https:\/\/palasciarelais.com\/de\/dankeschoen\/","og_locale":"de_DE","og_type":"article","og_title":"Dankesch\u00f6n - Palascia Relais","og_description":"Dankesch\u00f6n Ihre Anfrage ist eingegangen. Wir werden Sie so bald wie m\u00f6glich kontaktieren. Tornare a home","og_url":"https:\/\/palasciarelais.com\/de\/dankeschoen\/","og_site_name":"Palascia Relais","article_modified_time":"2025-03-05T18:44:15+00:00","twitter_card":"summary_large_image","schema":{"@context":"https:\/\/schema.org","@graph":[{"@type":"WebPage","@id":"https:\/\/palasciarelais.com\/de\/dankeschoen\/","url":"https:\/\/palasciarelais.com\/de\/dankeschoen\/","name":"Dankesch\u00f6n - Palascia Relais","isPartOf":{"@id":"https:\/\/palasciarelais.com\/de\/#website"},"datePublished":"2024-07-29T15:26:13+00:00","dateModified":"2025-03-05T18:44:15+00:00","breadcrumb":{"@id":"https:\/\/palasciarelais.com\/de\/dankeschoen\/#breadcrumb"},"inLanguage":"de","potentialAction":[{"@type":"ReadAction","target":["https:\/\/palasciarelais.com\/de\/dankeschoen\/"]}]},{"@type":"BreadcrumbList","@id":"https:\/\/palasciarelais.com\/de\/dankeschoen\/#breadcrumb","itemListElement":[{"@type":"ListItem","position":1,"name":"Home","item":"https:\/\/palasciarelais.com\/de\/"},{"@type":"ListItem","position":2,"name":"Dankesch\u00f6n"}]},{"@type":"WebSite","@id":"https:\/\/palasciarelais.com\/de\/#website","url":"https:\/\/palasciarelais.com\/de\/","name":"Palascia Relais","description":"Hotel a Otranto sul mare - Palasc\u00eca Wellness Relais","potentialAction":[{"@type":"SearchAction","target":{"@type":"EntryPoint","urlTemplate":"https:\/\/palasciarelais.com\/de\/?s={search_term_string}"},"query-input":{"@type":"PropertyValueSpecification","valueRequired":true,"valueName":"search_term_string"}}],"inLanguage":"de"}]}},"_links":{"self":[{"href":"https:\/\/palasciarelais.com\/de\/wp-json\/wp\/v2\/pages\/3687","targetHints":{"allow":["GET"]}}],"collection":[{"href":"https:\/\/palasciarelais.com\/de\/wp-json\/wp\/v2\/pages"}],"about":[{"href":"https:\/\/palasciarelais.com\/de\/wp-json\/wp\/v2\/types\/page"}],"author":[{"embeddable":true,"href":"https:\/\/palasciarelais.com\/de\/wp-json\/wp\/v2\/users\/3"}],"replies":[{"embeddable":true,"href":"https:\/\/palasciarelais.com\/de\/wp-json\/wp\/v2\/comments?post=3687"}],"version-history":[{"count":0,"href":"https:\/\/palasciarelais.com\/de\/wp-json\/wp\/v2\/pages\/3687\/revisions"}],"wp:attachment":[{"href":"https:\/\/palasciarelais.com\/de\/wp-json\/wp\/v2\/media?parent=3687"}],"curies":[{"name":"wp","href":"https:\/\/api.w.org\/{rel}","templated":true}]}}