{"id":3693,"date":"2024-08-08T00:18:32","date_gmt":"2024-08-07T22:18:32","guid":{"rendered":"https:\/\/palasciarelais.com\/datenschutz\/"},"modified":"2025-03-05T19:44:15","modified_gmt":"2025-03-05T18:44:15","slug":"datenschutz","status":"publish","type":"page","link":"https:\/\/palasciarelais.com\/de\/datenschutz\/","title":{"rendered":"Datenschutz"},"content":{"rendered":"\t\t<div data-elementor-type=\"wp-page\" data-elementor-id=\"3693\" class=\"elementor elementor-3693 elementor-2081\" data-elementor-post-type=\"page\">\n\t\t\t\t<div class=\"elementor-element elementor-element-45d15386 e-flex e-con-boxed e-con e-parent\" data-id=\"45d15386\" data-element_type=\"container\" data-e-type=\"container\" data-settings=\"{&quot;background_background&quot;:&quot;classic&quot;}\">\n\t\t\t\t\t<div class=\"e-con-inner\">\n\t\t<div class=\"elementor-element elementor-element-1d1ca04 e-con-full e-flex e-con e-child\" data-id=\"1d1ca04\" data-element_type=\"container\" data-e-type=\"container\">\n\t\t\t\t<div class=\"elementor-element elementor-element-28cc998b elementor-invisible elementor-widget elementor-widget-heading\" data-id=\"28cc998b\" data-element_type=\"widget\" data-e-type=\"widget\" data-settings=\"{&quot;_animation&quot;:&quot;fadeIn&quot;}\" data-widget_type=\"heading.default\">\n\t\t\t\t<div class=\"elementor-widget-container\">\n\t\t\t\t\t<h2 class=\"elementor-heading-title elementor-size-default\">PRIVACY<\/h2>\t\t\t\t<\/div>\n\t\t\t\t<\/div>\n\t\t\t\t<\/div>\n\t\t\t\t\t<\/div>\n\t\t\t\t<\/div>\n\t\t<div class=\"elementor-element elementor-element-e92283b e-flex e-con-boxed e-con e-parent\" data-id=\"e92283b\" data-element_type=\"container\" data-e-type=\"container\">\n\t\t\t\t\t<div class=\"e-con-inner\">\n\t\t\t\t<div class=\"elementor-element elementor-element-35ce28df elementor-widget-tablet__width-initial elementor-widget__width-initial elementor-widget-mobile__width-inherit elementor-invisible elementor-widget elementor-widget-text-editor\" data-id=\"35ce28df\" data-element_type=\"widget\" data-e-type=\"widget\" data-settings=\"{&quot;_animation&quot;:&quot;fadeIn&quot;,&quot;_animation_delay&quot;:&quot;200&quot;}\" data-widget_type=\"text-editor.default\">\n\t\t\t\t<div class=\"elementor-widget-container\">\n\t\t\t\t\t\t\t\t\t<h2 class=\"fusion-responsive-typography-calculated\" data-fontsize=\"32\" data-lineheight=\"54.4px\">Datenschutz in \u00dcbereinstimmung mit der EU-Verordnung 2016\/679<\/h2><h3 class=\"fusion-responsive-typography-calculated\" data-fontsize=\"18\" data-lineheight=\"27.72px\">GDPR&#8220; &#8211; ALLGEMEINE DATENSCHUTZVERORDNUNG<\/h3><h4 class=\"fusion-responsive-typography-calculated\" data-fontsize=\"13\" data-lineheight=\"20.02px\">WER DIE DATEN ERHEBT UND WARUM<\/h4><p>Sehr geehrter Kunde, die pers\u00f6nlichen Daten, die Sie in das Kontaktformular eingegeben haben<strong>(<\/strong> <strong>Vor-<\/strong> und <strong>Nachname<\/strong>, <strong>Telefonnummer<\/strong>, <strong>E-Mail<\/strong>), werden von<strong> Palascia Wellness Relais<\/strong> ausschlie\u00dflich <strong>zum Zweck der Beantwortung Ihrer Informations- oder Angebotsanfrage<\/strong> oder zur Erf\u00fcllung Ihrer <strong>Anfrage nach Zusatzleistungen<\/strong> erhoben. Der Verantwortliche f\u00fcr die Datenerfassung ist Herr <strong>Albino Merico<\/strong>, der unter folgender Adresse zu erreichen ist <a href=\"mailto:info@palasciarelais.com\" target=\"_blank\" rel=\"noopener noreferrer\"><strong>info@palasciarelais.com<\/strong><\/a>oder per Einschreiben an die Adresse des Firmensitzes: <strong>Strada comunale vicinale &#8222;Le Orte&#8220; &#8211; Otranto (LE)<\/strong>. <\/p><h4 class=\"fusion-responsive-typography-calculated\" data-fontsize=\"13\" data-lineheight=\"20.02px\">GARANTIE DER VERTRAULICHKEIT<\/h4><p>Die gesammelten pers\u00f6nlichen Daten werden in keiner Weise an Dritte weitergegeben und werden auf gesch\u00fctzten elektronischen Medien gespeichert und mit angemessenen Sicherheitsma\u00dfnahmen verarbeitet, um ihren Schutz und ihre Vertraulichkeit zu gew\u00e4hrleisten.<\/p><h4 class=\"fusion-responsive-typography-calculated\" data-fontsize=\"13\" data-lineheight=\"20.02px\">WIE LANGE PERSONENBEZOGENE DATEN GESPEICHERT WERDEN<\/h4><p>In jedem Fall<strong> werden Ihre Daten<\/strong>, wenn die Buchung nicht best\u00e4tigt wird,<strong> innerhalb von 12 Monaten nach Absenden der Anfrage gel\u00f6scht, es sei denn, Sie haben ausdr\u00fccklich zugestimmt, Mitteilungen von uns zu erhalten<\/strong>.<\/p><h4 class=\"fusion-responsive-typography-calculated\" data-fontsize=\"13\" data-lineheight=\"20.02px\">DATENZUGANG, -L\u00d6SCHUNG und -\u00c4NDERUNG<\/h4><p>Sie k\u00f6nnen jederzeit die <strong>L\u00f6schung, die Berichtigung, die vollst\u00e4ndige \u00dcbertragbarkeit oder die Umwandlung in anonyme Form <\/strong><strong>Ihrer in unserer Datenbank gespeicherten personenbezogenen Daten<\/strong> verlangen, indem Sie sich schriftlich an den Verantwortlichen Herrn <strong>Albino Merico<\/strong> wenden unter <strong><a href=\"mailto:info@palasciarelais.com\" target=\"_blank\" rel=\"noopener noreferrer\">info@palasciarelais.com<\/a><\/strong>unter Angabe Ihres Anliegens in der Betreffzeile der E-Mail, <strong>in \u00dcbereinstimmung mit den durch die neue EU-Verordnung 2016\/679 festgelegten Rechten<\/strong> <strong>\u00fcber den Schutz der Privatsph\u00e4re. Er kann sich in jedem Fall aus berechtigten Gr\u00fcnden der Verarbeitung seiner Daten widersetzen und eine Beschwerde bei einer Aufsichtsbeh\u00f6rde einreichen, wenn er eine unrechtm\u00e4\u00dfige Verwendung der Daten feststellt.   <\/strong><\/p><h4 class=\"fusion-responsive-typography-calculated\" data-fontsize=\"13\" data-lineheight=\"20.02px\">IM FALLE EINER BUCHUNGSBEST\u00c4TIGUNG<\/h4><p>Wenn Ihre Reservierung best\u00e4tigt wird, werden Ihre <strong>pers\u00f6nlichen Daten<\/strong> und Ihre<strong>IBAN-Adresse<\/strong> erfasst, um buchhalterische, steuerliche und verwaltungstechnische Verpflichtungen gem\u00e4\u00df den geltenden nationalen Rechtsvorschriften zu erf\u00fcllen, einschlie\u00dflich des <strong>konsolidierten Gesetzes \u00fcber die \u00f6ffentliche Sicherheit <\/strong>, das uns dazu verpflichtet, dem Polizeipr\u00e4sidium die pers\u00f6nlichen Daten der Personen, die sich in der Einrichtung aufhalten, zu melden.<\/p><p>Es steht dem Nutzer frei, in den Anfrageformularen keine pers\u00f6nlichen Daten anzugeben. Die Nichtbereitstellung dieser Daten kann dazu f\u00fchren, dass die angeforderten Informationen nicht zur Verf\u00fcgung gestellt werden k\u00f6nnen. <\/p><h4 class=\"fusion-responsive-typography-calculated\" data-fontsize=\"13\" data-lineheight=\"20.02px\">INFORMIERTE ZUSTIMMUNG F\u00dcR DEN EMPFANG VON KOMMUNIKATIONEN VON DER SITE palasciarelais.com<\/h4><p>Wenn Sie sich ausdr\u00fccklich damit einverstanden erkl\u00e4ren, von uns Mitteilungen zu erhalten, werden wir Ihnen gelegentlich Informationen zusenden, die f\u00fcr Sie von Interesse sein k\u00f6nnten, wie z. B. saisonale Werbeaktionen f\u00fcr G\u00e4ste unseres Unternehmens.<br>Wenn Sie zu irgendeinem Zeitpunkt w\u00fcnschen, dass Ihre Daten nicht f\u00fcr Direktmarketingzwecke verwendet werden, k\u00f6nnen Sie Ihr Widerspruchsrecht gem\u00e4\u00df Artikel 21 der EU-Verordnung 2016\/679 aus\u00fcben, indem Sie uns per E-Mail benachrichtigen unter <a href=\"mailto:info@palasciarelais.com\" target=\"_blank\" rel=\"noopener noreferrer\"><strong>info@palasciarelais.com.<\/strong><\/a>. In diesem Fall werden wir Ihnen keine weiteren Marketingmitteilungen mehr zusenden und Ihre Daten werden nicht mehr f\u00fcr diesen Zweck verarbeitet.  <br>Sie k\u00f6nnen Ihr Widerspruchsrecht aus Gr\u00fcnden, die sich auf Ihre pers\u00f6nliche Situation beziehen, auch auf alle in unserem Besitz befindlichen Daten aus\u00fcben, selbst wenn diese zu anderen Zwecken als dem Direktmarketing verarbeitet werden.<\/p><p>Weitere Informationen finden Sie im vollst\u00e4ndigen Text der <strong>Verordnung (EU) 2016\/679<\/strong> unter <a href=\"https:\/\/www.privacyitalia.eu\/wp-content\/uploads\/2017\/10\/GDPR_Italiano_PDF.pdf\" target=\"_blank\" rel=\"noopener noreferrer\">https:\/\/www.privacyitalia.eu\/wp-content\/uploads\/2017\/10\/GDPR_Italiano_PDF.pdf.<\/a><\/p><p>Verantwortlicher f\u00fcr die personenbezogenen Daten der Website <strong>Albino Merico<\/strong><strong>, Strada comunale vicinale &#8222;Le Orte&#8220; &#8211; Otranto (LE) &#8211; info@palasciarelais.com &#8211; Tel +39 0836 805813.<\/strong><\/p>\t\t\t\t\t\t\t\t<\/div>\n\t\t\t\t<\/div>\n\t\t\t\t\t<\/div>\n\t\t\t\t<\/div>\n\t\t\t\t<\/div>\n\t\t","protected":false},"excerpt":{"rendered":"<p>PRIVACY Datenschutz in \u00dcbereinstimmung mit der EU-Verordnung 2016\/679 GDPR&#8220; &#8211; ALLGEMEINE DATENSCHUTZVERORDNUNG WER DIE DATEN ERHEBT UND WARUM Sehr geehrter Kunde, die pers\u00f6nlichen Daten, die Sie in das Kontaktformular eingegeben haben( Vor- und Nachname, Telefonnummer, E-Mail), werden von Palascia Wellness Relais ausschlie\u00dflich zum Zweck der Beantwortung Ihrer Informations- oder Angebotsanfrage oder zur Erf\u00fcllung Ihrer Anfrage [&hellip;]<\/p>\n","protected":false},"author":3,"featured_media":0,"parent":0,"menu_order":0,"comment_status":"closed","ping_status":"closed","template":"","meta":{"_joinchat":[],"footnotes":""},"class_list":["post-3693","page","type-page","status-publish","hentry"],"yoast_head":"<!-- This site is optimized with the Yoast SEO plugin v27.5 - https:\/\/yoast.com\/product\/yoast-seo-wordpress\/ -->\n<title>Datenschutz - Palascia Relais<\/title>\n<meta name=\"robots\" content=\"index, follow, max-snippet:-1, max-image-preview:large, max-video-preview:-1\" \/>\n<link rel=\"canonical\" href=\"https:\/\/palasciarelais.com\/de\/datenschutz\/\" \/>\n<meta property=\"og:locale\" content=\"de_DE\" \/>\n<meta property=\"og:type\" content=\"article\" \/>\n<meta property=\"og:title\" content=\"Datenschutz - Palascia Relais\" \/>\n<meta property=\"og:description\" content=\"PRIVACY Datenschutz in \u00dcbereinstimmung mit der EU-Verordnung 2016\/679 GDPR&#8220; &#8211; ALLGEMEINE DATENSCHUTZVERORDNUNG WER DIE DATEN ERHEBT UND WARUM Sehr geehrter Kunde, die pers\u00f6nlichen Daten, die Sie in das Kontaktformular eingegeben haben( Vor- und Nachname, Telefonnummer, E-Mail), werden von Palascia Wellness Relais ausschlie\u00dflich zum Zweck der Beantwortung Ihrer Informations- oder Angebotsanfrage oder zur Erf\u00fcllung Ihrer Anfrage [&hellip;]\" \/>\n<meta property=\"og:url\" content=\"https:\/\/palasciarelais.com\/de\/datenschutz\/\" \/>\n<meta property=\"og:site_name\" content=\"Palascia Relais\" \/>\n<meta property=\"article:modified_time\" content=\"2025-03-05T18:44:15+00:00\" \/>\n<meta name=\"twitter:card\" content=\"summary_large_image\" \/>\n<meta name=\"twitter:label1\" content=\"Gesch\u00e4tzte Lesezeit\" \/>\n\t<meta name=\"twitter:data1\" content=\"3\u00a0Minuten\" \/>\n<script type=\"application\/ld+json\" class=\"yoast-schema-graph\">{\"@context\":\"https:\\\/\\\/schema.org\",\"@graph\":[{\"@type\":\"WebPage\",\"@id\":\"https:\\\/\\\/palasciarelais.com\\\/de\\\/datenschutz\\\/\",\"url\":\"https:\\\/\\\/palasciarelais.com\\\/de\\\/datenschutz\\\/\",\"name\":\"Datenschutz - Palascia Relais\",\"isPartOf\":{\"@id\":\"https:\\\/\\\/palasciarelais.com\\\/de\\\/#website\"},\"datePublished\":\"2024-08-07T22:18:32+00:00\",\"dateModified\":\"2025-03-05T18:44:15+00:00\",\"breadcrumb\":{\"@id\":\"https:\\\/\\\/palasciarelais.com\\\/de\\\/datenschutz\\\/#breadcrumb\"},\"inLanguage\":\"de\",\"potentialAction\":[{\"@type\":\"ReadAction\",\"target\":[\"https:\\\/\\\/palasciarelais.com\\\/de\\\/datenschutz\\\/\"]}]},{\"@type\":\"BreadcrumbList\",\"@id\":\"https:\\\/\\\/palasciarelais.com\\\/de\\\/datenschutz\\\/#breadcrumb\",\"itemListElement\":[{\"@type\":\"ListItem\",\"position\":1,\"name\":\"Home\",\"item\":\"https:\\\/\\\/palasciarelais.com\\\/de\\\/\"},{\"@type\":\"ListItem\",\"position\":2,\"name\":\"Datenschutz\"}]},{\"@type\":\"WebSite\",\"@id\":\"https:\\\/\\\/palasciarelais.com\\\/de\\\/#website\",\"url\":\"https:\\\/\\\/palasciarelais.com\\\/de\\\/\",\"name\":\"Palascia Relais\",\"description\":\"Hotel a Otranto sul mare - Palasc\u00eca Wellness Relais\",\"potentialAction\":[{\"@type\":\"SearchAction\",\"target\":{\"@type\":\"EntryPoint\",\"urlTemplate\":\"https:\\\/\\\/palasciarelais.com\\\/de\\\/?s={search_term_string}\"},\"query-input\":{\"@type\":\"PropertyValueSpecification\",\"valueRequired\":true,\"valueName\":\"search_term_string\"}}],\"inLanguage\":\"de\"}]}<\/script>\n<!-- \/ Yoast SEO plugin. -->","yoast_head_json":{"title":"Datenschutz - Palascia Relais","robots":{"index":"index","follow":"follow","max-snippet":"max-snippet:-1","max-image-preview":"max-image-preview:large","max-video-preview":"max-video-preview:-1"},"canonical":"https:\/\/palasciarelais.com\/de\/datenschutz\/","og_locale":"de_DE","og_type":"article","og_title":"Datenschutz - Palascia Relais","og_description":"PRIVACY Datenschutz in \u00dcbereinstimmung mit der EU-Verordnung 2016\/679 GDPR&#8220; &#8211; ALLGEMEINE DATENSCHUTZVERORDNUNG WER DIE DATEN ERHEBT UND WARUM Sehr geehrter Kunde, die pers\u00f6nlichen Daten, die Sie in das Kontaktformular eingegeben haben( Vor- und Nachname, Telefonnummer, E-Mail), werden von Palascia Wellness Relais ausschlie\u00dflich zum Zweck der Beantwortung Ihrer Informations- oder Angebotsanfrage oder zur Erf\u00fcllung Ihrer Anfrage [&hellip;]","og_url":"https:\/\/palasciarelais.com\/de\/datenschutz\/","og_site_name":"Palascia Relais","article_modified_time":"2025-03-05T18:44:15+00:00","twitter_card":"summary_large_image","twitter_misc":{"Gesch\u00e4tzte Lesezeit":"3\u00a0Minuten"},"schema":{"@context":"https:\/\/schema.org","@graph":[{"@type":"WebPage","@id":"https:\/\/palasciarelais.com\/de\/datenschutz\/","url":"https:\/\/palasciarelais.com\/de\/datenschutz\/","name":"Datenschutz - Palascia Relais","isPartOf":{"@id":"https:\/\/palasciarelais.com\/de\/#website"},"datePublished":"2024-08-07T22:18:32+00:00","dateModified":"2025-03-05T18:44:15+00:00","breadcrumb":{"@id":"https:\/\/palasciarelais.com\/de\/datenschutz\/#breadcrumb"},"inLanguage":"de","potentialAction":[{"@type":"ReadAction","target":["https:\/\/palasciarelais.com\/de\/datenschutz\/"]}]},{"@type":"BreadcrumbList","@id":"https:\/\/palasciarelais.com\/de\/datenschutz\/#breadcrumb","itemListElement":[{"@type":"ListItem","position":1,"name":"Home","item":"https:\/\/palasciarelais.com\/de\/"},{"@type":"ListItem","position":2,"name":"Datenschutz"}]},{"@type":"WebSite","@id":"https:\/\/palasciarelais.com\/de\/#website","url":"https:\/\/palasciarelais.com\/de\/","name":"Palascia Relais","description":"Hotel a Otranto sul mare - Palasc\u00eca Wellness Relais","potentialAction":[{"@type":"SearchAction","target":{"@type":"EntryPoint","urlTemplate":"https:\/\/palasciarelais.com\/de\/?s={search_term_string}"},"query-input":{"@type":"PropertyValueSpecification","valueRequired":true,"valueName":"search_term_string"}}],"inLanguage":"de"}]}},"_links":{"self":[{"href":"https:\/\/palasciarelais.com\/de\/wp-json\/wp\/v2\/pages\/3693","targetHints":{"allow":["GET"]}}],"collection":[{"href":"https:\/\/palasciarelais.com\/de\/wp-json\/wp\/v2\/pages"}],"about":[{"href":"https:\/\/palasciarelais.com\/de\/wp-json\/wp\/v2\/types\/page"}],"author":[{"embeddable":true,"href":"https:\/\/palasciarelais.com\/de\/wp-json\/wp\/v2\/users\/3"}],"replies":[{"embeddable":true,"href":"https:\/\/palasciarelais.com\/de\/wp-json\/wp\/v2\/comments?post=3693"}],"version-history":[{"count":0,"href":"https:\/\/palasciarelais.com\/de\/wp-json\/wp\/v2\/pages\/3693\/revisions"}],"wp:attachment":[{"href":"https:\/\/palasciarelais.com\/de\/wp-json\/wp\/v2\/media?parent=3693"}],"curies":[{"name":"wp","href":"https:\/\/api.w.org\/{rel}","templated":true}]}}