{"id":3708,"date":"2024-08-08T00:29:28","date_gmt":"2024-08-07T22:29:28","guid":{"rendered":"https:\/\/palasciarelais.com\/erweiterte-cookie-richtlinie\/"},"modified":"2025-03-05T19:44:20","modified_gmt":"2025-03-05T18:44:20","slug":"erweiterte-cookie-richtlinie","status":"publish","type":"page","link":"https:\/\/palasciarelais.com\/de\/erweiterte-cookie-richtlinie\/","title":{"rendered":"Erweiterte Cookie-Richtlinie"},"content":{"rendered":"\t\t<div data-elementor-type=\"wp-page\" data-elementor-id=\"3708\" class=\"elementor elementor-3708 elementor-2093\" data-elementor-post-type=\"page\">\n\t\t\t\t<div class=\"elementor-element elementor-element-5ab65978 e-flex e-con-boxed e-con e-parent\" data-id=\"5ab65978\" data-element_type=\"container\" data-e-type=\"container\" data-settings=\"{&quot;background_background&quot;:&quot;classic&quot;}\">\n\t\t\t\t\t<div class=\"e-con-inner\">\n\t\t<div class=\"elementor-element elementor-element-6cd168a0 e-con-full e-flex e-con e-child\" data-id=\"6cd168a0\" data-element_type=\"container\" data-e-type=\"container\">\n\t\t\t\t<div class=\"elementor-element elementor-element-4002fb7a elementor-invisible elementor-widget elementor-widget-heading\" data-id=\"4002fb7a\" data-element_type=\"widget\" data-e-type=\"widget\" data-settings=\"{&quot;_animation&quot;:&quot;fadeIn&quot;}\" data-widget_type=\"heading.default\">\n\t\t\t\t<div class=\"elementor-widget-container\">\n\t\t\t\t\t<h2 class=\"elementor-heading-title elementor-size-default\">ERWEITERTE COOKIE-RICHTLINIE<\/h2>\t\t\t\t<\/div>\n\t\t\t\t<\/div>\n\t\t\t\t<\/div>\n\t\t\t\t\t<\/div>\n\t\t\t\t<\/div>\n\t\t<div class=\"elementor-element elementor-element-3de78cd8 e-flex e-con-boxed e-con e-parent\" data-id=\"3de78cd8\" data-element_type=\"container\" data-e-type=\"container\">\n\t\t\t\t\t<div class=\"e-con-inner\">\n\t\t\t\t<div class=\"elementor-element elementor-element-4e40fe30 elementor-widget-tablet__width-initial elementor-widget__width-initial elementor-widget-mobile__width-inherit elementor-invisible elementor-widget elementor-widget-text-editor\" data-id=\"4e40fe30\" data-element_type=\"widget\" data-e-type=\"widget\" data-settings=\"{&quot;_animation&quot;:&quot;fadeIn&quot;,&quot;_animation_delay&quot;:&quot;200&quot;}\" data-widget_type=\"text-editor.default\">\n\t\t\t\t<div class=\"elementor-widget-container\">\n\t\t\t\t\t\t\t\t\t<p>Bei der Nutzung dieser Website werden Cookies an das Endger\u00e4t des Nutzers gesendet. Wie von der Europ\u00e4ischen Kommission vorgeschrieben   <strong>Artikel 13 und 122 des Gesetzesdekrets 196\/2003 (&#8222;Datenschutzgesetz&#8220;) <\/strong>sowie in \u00dcbereinstimmung mit den Bestimmungen der Allgemeinen Bestimmung des <em>Datenschutzgaranten vom 8. Mai 2014<\/em>, <strong>Palascia Relais Wellness di Albino Merico<\/strong>, stellt Ihnen alle Informationen \u00fcber die auf dieser Website verwendeten Cookies zur Verf\u00fcgung und dar\u00fcber, wie Sie deren Verwendung verhindern k\u00f6nnen, wenn Sie deren Installation nicht zulassen m\u00f6chten.<\/p><h3 class=\"fusion-responsive-typography-calculated\" data-fontsize=\"18\" data-lineheight=\"27.72px\">Was sind Cookies und wof\u00fcr werden sie auf dieser Website verwendet?<\/h3><p>Cookies sind Textfolgen, die an das Endger\u00e4t des Nutzers \u00fcbermittelt werden, wo sie gespeichert und beim n\u00e4chsten Besuch erneut \u00fcbertragen werden.<br>Durch den Besuch dieser Website kann Ihr Browser Cookies von uns oder von Websites anderer Organisationen (siehe unten<a href=\"https:\/\/palasciarelais.com\/de\/erweiterte-cookie-richtlinie\/#cookie-terze-parti\">&#8222;Cookies von Dritten<\/a>&#8222;) zu statistischen und analytischen Zwecken (technische Cookies) oder zur gemeinsamen Nutzung empfangen.<\/p><h3 class=\"fusion-responsive-typography-calculated\" data-fontsize=\"18\" data-lineheight=\"27.72px\">Auf dieser Website werden zwei Arten von Cookies verwendet:<\/h3><ol><li><strong>Technische Cookies<\/strong>, die erforderlich sind, um \u00fcber das Netz zu kommunizieren und den gew\u00fcnschten Dienst f\u00fcr die Anzeige dieser Website bereitzustellen.<\/li><li><strong>Cookies von Dritten<\/strong>: zum Zweck der statistischen Analyse, um den Betrieb der Website zu messen, den Verkehr zu messen und die Benutzerfreundlichkeit und das Interesse zu bewerten. Das Vorhandensein von Cookies von Drittanbietern beinhaltet die \u00dcbertragung von Cookies zu und von den Websites, die von diesen unten aufgef\u00fchrten <a href=\"https:\/\/palasciarelais.com\/de\/erweiterte-cookie-richtlinie\/#cookie-terze-parti\">Drittanbietern<\/a> betrieben werden. Die Verwaltung der von ihnen gesammelten Informationen wird durch die entsprechenden Richtlinien auf den angegebenen Seiten geregelt.  <\/li><\/ol><h3 class=\"fusion-responsive-typography-calculated\" data-fontsize=\"18\" data-lineheight=\"27.72px\">Erteilung der Zustimmung<\/h3><p>Indem Sie auf den Seiten der Website weitersurfen, die Schaltfl\u00e4che<strong>&#8222;Ich stimme zu<\/strong>&#8220; oder eine andere Schaltfl\u00e4che oder einen Link auf der Seite oberhalb oder unterhalb des Banners dr\u00fccken, stimmen Sie der Verwendung von Cookies zu. Wenn Sie es vorziehen,<a href=\"https:\/\/palasciarelais.com\/de\/erweiterte-cookie-richtlinie\/#gestione-cookie\">Cookieszu verhindern, lesen Sie bitte den Abschnitt unten&#8220;Wie kann ich Cookies in meinem Browser verwalten<\/a>&#8222;. <\/p><h3 class=\"fusion-responsive-typography-calculated\" data-fontsize=\"18\" data-lineheight=\"27.72px\">Interaktion mit sozialen Netzwerken und externen Plattformen<\/h3><p>Diese Website erm\u00f6glicht die direkte Interaktion mit sozialen Netzwerken \u00fcber Link-Schaltfl\u00e4chen.<br>Die von der Website erfassten Informationen sind in jedem Fall mit den Datenschutzeinstellungen des Nutzers in seinem sozialen Profil verkn\u00fcpft.<\/p><h4 class=\"fusion-responsive-typography-calculated\" data-fontsize=\"13\" data-lineheight=\"20.02px\">Facebook-Like-Schaltfl\u00e4che und soziale Widgets (Facebook, Inc.)<\/h4><p>Die Facebook &#8222;Like&#8220;-Schaltfl\u00e4che und die sozialen Widgets sind Dienste f\u00fcr die Interaktion mit dem sozialen Netzwerk Facebook, die von der Facebook, Inc. bereitgestellt werden.<br>Erhobene personenbezogene Daten: Profiling-Cookies.<br>Ort der Verarbeitung: USA &#8211; Datenschutzbestimmungen unter <a href=\"https:\/\/www.facebook.com\/privacy\/explanation\" target=\"_blank\" rel=\"noopener noreferrer\">https:\/\/www.facebook.com\/privacy\/explanation<\/a><\/p><h4 class=\"fusion-responsive-typography-calculated\" data-fontsize=\"13\" data-lineheight=\"20.02px\">+1-Schaltfl\u00e4che und soziale Widgets von Google+ (Google Inc.)<\/h4><p>Die +1-Schaltfl\u00e4che und die Google+ Social Widgets sind Dienste f\u00fcr die Interaktion mit dem sozialen Netzwerk Google+, die von der Google Inc. bereitgestellt werden.<br>Erhobene personenbezogene Daten: Profiling-Cookies.<br>Ort der Verarbeitung: USA &#8211; Datenschutzbestimmungen <a href=\"https:\/\/policies.google.com\/privacy?hl=it\" target=\"_blank\" rel=\"noopener noreferrer\">https:\/\/policies.google.com\/privacy?hl=it<\/a><\/p><h3 id=\"cookie-terze-parti\" class=\"fusion-responsive-typography-calculated\" data-fontsize=\"18\" data-lineheight=\"27.72px\">Cookies von Drittanbietern. Welche Anwendungen von Drittanbietern werden auf der Website verwendet? <\/h3><p>Diese Website benutzt<strong> Google Analytics<\/strong>: einen Webanalysedienst, der von  <strong>Google Inc. (&#8222;Google&#8220;) <\/strong>. Google verwendet die erfassten personenbezogenen Daten, um Ihre Nutzung dieser Website zu verfolgen und auszuwerten, Berichte zu erstellen und sie mit anderen von Google bereitgestellten Diensten zu teilen.<br>Google kann Ihre personenbezogenen Daten verwenden, um Anzeigen in seinem Werbenetzwerk zu kontextualisieren und zu personalisieren.<br>Erfasste personenbezogene Daten: Statistische Cookies.<br>Ort der Verarbeitung: USA Datenschutzbestimmungen <a href=\"https:\/\/policies.google.com\/privacy?hl=it\" target=\"_blank\" rel=\"noopener noreferrer\">https:\/\/policies.google.com\/privacy?hl=it<\/a> <br><strong>So deaktivieren Sie Google Analytics:<\/strong> <a href=\"https:\/\/tools.google.com\/dlpage\/gaoptout?hl=it\" target=\"_blank\" rel=\"noopener noreferrer\">https:\/\/tools.google.com\/dlpage\/gaoptout?hl=it<\/a><\/p><h3 class=\"fusion-responsive-typography-calculated\" data-fontsize=\"18\" data-lineheight=\"27.72px\">Verantwortlicher f\u00fcr personenbezogene Daten<\/h3><p>Der f\u00fcr die Datenverarbeitung Verantwortliche und der Datenverarbeiter sind <em><strong>Albino Merico<\/strong><\/em> von<em><strong> Palascia Relais Wellness<\/strong> Strada comunale vicinale &#8222;Le Orte&#8220;<\/em>&#8211;<em>Otranto (LE)<\/em>; E-Mail: <a href=\"mailto:info@palasciarelais.com\" target=\"_blank\" rel=\"noopener noreferrer\">info@palasciarelais.com;<\/a> Telefon: <a href=\"tel:+390836805813\" target=\"_blank\" rel=\"noopener noreferrer\">+39 0836 805813<\/a>; Mehrwertsteuer: 03328370758.<\/p><h3 id=\"gestione-cookie\" class=\"fusion-responsive-typography-calculated\" data-fontsize=\"18\" data-lineheight=\"27.72px\">Wie kann ich Cookies in meinem Browser verwalten?<\/h3><p>Wenn Sie Zweifel oder Bedenken hinsichtlich der Verwendung von Cookies haben, k\u00f6nnen Sie das Setzen und Lesen von Cookies verhindern, ihre Verwendung deaktivieren oder in der Vergangenheit gespeicherte Cookies l\u00f6schen, indem Sie die Datenschutzeinstellungen Ihres Browsers \u00e4ndern.<\/p><p>Informationen zu diesem Thema finden Sie auf den entsprechenden Seiten auf:<\/p><p><strong>Google Chrome<\/strong> <a href=\"https:\/\/support.google.com\/chrome\/answer\/95647?hl=it&amp;p=cpn_cookie\" target=\"_blank\" rel=\"noopener noreferrer\">https:\/\/support.google.com\/chrome<\/a><\/p><p><strong>Mozilla Firefox<\/strong> <a href=\"https:\/\/support.mozilla.org\/it\/kb\/Attivare%20e%20disattivare%20i%20cookie?redirectlocale=en-US&amp;redirectslug=Enabling+and+disabling+cookie\" target=\"_blank\" rel=\"noopener noreferrer\">https:\/\/support.mozilla.org\/it\/<\/a><\/p><p><strong>Apple Safari<\/strong> <a href=\"https:\/\/support.apple.com\/kb\/PH19214?locale=it_IT&amp;viewlocale=it_IT\" target=\"_blank\" rel=\"noopener noreferrer\">https:\/\/support.apple.com\/<\/a><\/p><p><strong>Microsoft Windows Explorer<\/strong> <a href=\"https:\/\/support.microsoft.com\/it-it\/help\/17442\/windows-internet-explorer-delete-manage-cookie\" target=\"_blank\" rel=\"noopener noreferrer\">https:\/\/support.microsoft.com\/.<\/a><\/p><p>Den <strong>vollst\u00e4ndigen Wortlaut der Rechtsvorschriften<\/strong> finden Sie in diesem Artikel  <strong><a href=\"http:\/\/www.garanteprivacy.it\/web\/guest\/home\/docweb\/-\/docweb-display\/docweb\/3118884\" target=\"_blank\" rel=\"noopener noreferrer\">Garante della Privacy &#8211; Identifizierung der vereinfachten Modalit\u00e4ten f\u00fcr die Information und Einholung der Zustimmung zur Verwendung von Cookies &#8211; 8. Mai 2014.  <\/a>.<\/strong><\/p>\t\t\t\t\t\t\t\t<\/div>\n\t\t\t\t<\/div>\n\t\t\t\t\t<\/div>\n\t\t\t\t<\/div>\n\t\t\t\t<\/div>\n\t\t","protected":false},"excerpt":{"rendered":"<p>ERWEITERTE COOKIE-RICHTLINIE Bei der Nutzung dieser Website werden Cookies an das Endger\u00e4t des Nutzers gesendet. Wie von der Europ\u00e4ischen Kommission vorgeschrieben Artikel 13 und 122 des Gesetzesdekrets 196\/2003 (&#8222;Datenschutzgesetz&#8220;) sowie in \u00dcbereinstimmung mit den Bestimmungen der Allgemeinen Bestimmung des Datenschutzgaranten vom 8. Mai 2014, Palascia Relais Wellness di Albino Merico, stellt Ihnen alle Informationen \u00fcber [&hellip;]<\/p>\n","protected":false},"author":3,"featured_media":0,"parent":0,"menu_order":0,"comment_status":"closed","ping_status":"closed","template":"","meta":{"_joinchat":[],"footnotes":""},"class_list":["post-3708","page","type-page","status-publish","hentry"],"yoast_head":"<!-- This site is optimized with the Yoast SEO plugin v27.5 - https:\/\/yoast.com\/product\/yoast-seo-wordpress\/ -->\n<title>Erweiterte Cookie-Richtlinie - Palascia Relais<\/title>\n<meta name=\"robots\" content=\"index, follow, max-snippet:-1, max-image-preview:large, max-video-preview:-1\" \/>\n<link rel=\"canonical\" href=\"https:\/\/palasciarelais.com\/de\/erweiterte-cookie-richtlinie\/\" \/>\n<meta property=\"og:locale\" content=\"de_DE\" \/>\n<meta property=\"og:type\" content=\"article\" \/>\n<meta property=\"og:title\" content=\"Erweiterte Cookie-Richtlinie - Palascia Relais\" \/>\n<meta property=\"og:description\" content=\"ERWEITERTE COOKIE-RICHTLINIE Bei der Nutzung dieser Website werden Cookies an das Endger\u00e4t des Nutzers gesendet. Wie von der Europ\u00e4ischen Kommission vorgeschrieben Artikel 13 und 122 des Gesetzesdekrets 196\/2003 (&#8222;Datenschutzgesetz&#8220;) sowie in \u00dcbereinstimmung mit den Bestimmungen der Allgemeinen Bestimmung des Datenschutzgaranten vom 8. Mai 2014, Palascia Relais Wellness di Albino Merico, stellt Ihnen alle Informationen \u00fcber [&hellip;]\" \/>\n<meta property=\"og:url\" content=\"https:\/\/palasciarelais.com\/de\/erweiterte-cookie-richtlinie\/\" \/>\n<meta property=\"og:site_name\" content=\"Palascia Relais\" \/>\n<meta property=\"article:modified_time\" content=\"2025-03-05T18:44:20+00:00\" \/>\n<meta name=\"twitter:card\" content=\"summary_large_image\" \/>\n<meta name=\"twitter:label1\" content=\"Gesch\u00e4tzte Lesezeit\" \/>\n\t<meta name=\"twitter:data1\" content=\"3\u00a0Minuten\" \/>\n<script type=\"application\/ld+json\" class=\"yoast-schema-graph\">{\"@context\":\"https:\\\/\\\/schema.org\",\"@graph\":[{\"@type\":\"WebPage\",\"@id\":\"https:\\\/\\\/palasciarelais.com\\\/de\\\/erweiterte-cookie-richtlinie\\\/\",\"url\":\"https:\\\/\\\/palasciarelais.com\\\/de\\\/erweiterte-cookie-richtlinie\\\/\",\"name\":\"Erweiterte Cookie-Richtlinie - Palascia Relais\",\"isPartOf\":{\"@id\":\"https:\\\/\\\/palasciarelais.com\\\/de\\\/#website\"},\"datePublished\":\"2024-08-07T22:29:28+00:00\",\"dateModified\":\"2025-03-05T18:44:20+00:00\",\"breadcrumb\":{\"@id\":\"https:\\\/\\\/palasciarelais.com\\\/de\\\/erweiterte-cookie-richtlinie\\\/#breadcrumb\"},\"inLanguage\":\"de\",\"potentialAction\":[{\"@type\":\"ReadAction\",\"target\":[\"https:\\\/\\\/palasciarelais.com\\\/de\\\/erweiterte-cookie-richtlinie\\\/\"]}]},{\"@type\":\"BreadcrumbList\",\"@id\":\"https:\\\/\\\/palasciarelais.com\\\/de\\\/erweiterte-cookie-richtlinie\\\/#breadcrumb\",\"itemListElement\":[{\"@type\":\"ListItem\",\"position\":1,\"name\":\"Home\",\"item\":\"https:\\\/\\\/palasciarelais.com\\\/de\\\/\"},{\"@type\":\"ListItem\",\"position\":2,\"name\":\"Erweiterte Cookie-Richtlinie\"}]},{\"@type\":\"WebSite\",\"@id\":\"https:\\\/\\\/palasciarelais.com\\\/de\\\/#website\",\"url\":\"https:\\\/\\\/palasciarelais.com\\\/de\\\/\",\"name\":\"Palascia Relais\",\"description\":\"Hotel a Otranto sul mare - Palasc\u00eca Wellness Relais\",\"potentialAction\":[{\"@type\":\"SearchAction\",\"target\":{\"@type\":\"EntryPoint\",\"urlTemplate\":\"https:\\\/\\\/palasciarelais.com\\\/de\\\/?s={search_term_string}\"},\"query-input\":{\"@type\":\"PropertyValueSpecification\",\"valueRequired\":true,\"valueName\":\"search_term_string\"}}],\"inLanguage\":\"de\"}]}<\/script>\n<!-- \/ Yoast SEO plugin. -->","yoast_head_json":{"title":"Erweiterte Cookie-Richtlinie - Palascia Relais","robots":{"index":"index","follow":"follow","max-snippet":"max-snippet:-1","max-image-preview":"max-image-preview:large","max-video-preview":"max-video-preview:-1"},"canonical":"https:\/\/palasciarelais.com\/de\/erweiterte-cookie-richtlinie\/","og_locale":"de_DE","og_type":"article","og_title":"Erweiterte Cookie-Richtlinie - Palascia Relais","og_description":"ERWEITERTE COOKIE-RICHTLINIE Bei der Nutzung dieser Website werden Cookies an das Endger\u00e4t des Nutzers gesendet. Wie von der Europ\u00e4ischen Kommission vorgeschrieben Artikel 13 und 122 des Gesetzesdekrets 196\/2003 (&#8222;Datenschutzgesetz&#8220;) sowie in \u00dcbereinstimmung mit den Bestimmungen der Allgemeinen Bestimmung des Datenschutzgaranten vom 8. Mai 2014, Palascia Relais Wellness di Albino Merico, stellt Ihnen alle Informationen \u00fcber [&hellip;]","og_url":"https:\/\/palasciarelais.com\/de\/erweiterte-cookie-richtlinie\/","og_site_name":"Palascia Relais","article_modified_time":"2025-03-05T18:44:20+00:00","twitter_card":"summary_large_image","twitter_misc":{"Gesch\u00e4tzte Lesezeit":"3\u00a0Minuten"},"schema":{"@context":"https:\/\/schema.org","@graph":[{"@type":"WebPage","@id":"https:\/\/palasciarelais.com\/de\/erweiterte-cookie-richtlinie\/","url":"https:\/\/palasciarelais.com\/de\/erweiterte-cookie-richtlinie\/","name":"Erweiterte Cookie-Richtlinie - Palascia Relais","isPartOf":{"@id":"https:\/\/palasciarelais.com\/de\/#website"},"datePublished":"2024-08-07T22:29:28+00:00","dateModified":"2025-03-05T18:44:20+00:00","breadcrumb":{"@id":"https:\/\/palasciarelais.com\/de\/erweiterte-cookie-richtlinie\/#breadcrumb"},"inLanguage":"de","potentialAction":[{"@type":"ReadAction","target":["https:\/\/palasciarelais.com\/de\/erweiterte-cookie-richtlinie\/"]}]},{"@type":"BreadcrumbList","@id":"https:\/\/palasciarelais.com\/de\/erweiterte-cookie-richtlinie\/#breadcrumb","itemListElement":[{"@type":"ListItem","position":1,"name":"Home","item":"https:\/\/palasciarelais.com\/de\/"},{"@type":"ListItem","position":2,"name":"Erweiterte Cookie-Richtlinie"}]},{"@type":"WebSite","@id":"https:\/\/palasciarelais.com\/de\/#website","url":"https:\/\/palasciarelais.com\/de\/","name":"Palascia Relais","description":"Hotel a Otranto sul mare - Palasc\u00eca Wellness Relais","potentialAction":[{"@type":"SearchAction","target":{"@type":"EntryPoint","urlTemplate":"https:\/\/palasciarelais.com\/de\/?s={search_term_string}"},"query-input":{"@type":"PropertyValueSpecification","valueRequired":true,"valueName":"search_term_string"}}],"inLanguage":"de"}]}},"_links":{"self":[{"href":"https:\/\/palasciarelais.com\/de\/wp-json\/wp\/v2\/pages\/3708","targetHints":{"allow":["GET"]}}],"collection":[{"href":"https:\/\/palasciarelais.com\/de\/wp-json\/wp\/v2\/pages"}],"about":[{"href":"https:\/\/palasciarelais.com\/de\/wp-json\/wp\/v2\/types\/page"}],"author":[{"embeddable":true,"href":"https:\/\/palasciarelais.com\/de\/wp-json\/wp\/v2\/users\/3"}],"replies":[{"embeddable":true,"href":"https:\/\/palasciarelais.com\/de\/wp-json\/wp\/v2\/comments?post=3708"}],"version-history":[{"count":0,"href":"https:\/\/palasciarelais.com\/de\/wp-json\/wp\/v2\/pages\/3708\/revisions"}],"wp:attachment":[{"href":"https:\/\/palasciarelais.com\/de\/wp-json\/wp\/v2\/media?parent=3708"}],"curies":[{"name":"wp","href":"https:\/\/api.w.org\/{rel}","templated":true}]}}