{"id":3690,"date":"2024-08-08T00:18:32","date_gmt":"2024-08-07T22:18:32","guid":{"rendered":"https:\/\/palasciarelais.com\/privacidad\/"},"modified":"2025-03-05T19:44:15","modified_gmt":"2025-03-05T18:44:15","slug":"privacidad","status":"publish","type":"page","link":"https:\/\/palasciarelais.com\/es\/privacidad\/","title":{"rendered":"Privacidad"},"content":{"rendered":"\t\t<div data-elementor-type=\"wp-page\" data-elementor-id=\"3690\" class=\"elementor elementor-3690 elementor-2081\" data-elementor-post-type=\"page\">\n\t\t\t\t<div class=\"elementor-element elementor-element-45d15386 e-flex e-con-boxed e-con e-parent\" data-id=\"45d15386\" data-element_type=\"container\" data-e-type=\"container\" data-settings=\"{&quot;background_background&quot;:&quot;classic&quot;}\">\n\t\t\t\t\t<div class=\"e-con-inner\">\n\t\t<div class=\"elementor-element elementor-element-1d1ca04 e-con-full e-flex e-con e-child\" data-id=\"1d1ca04\" data-element_type=\"container\" data-e-type=\"container\">\n\t\t\t\t<div class=\"elementor-element elementor-element-28cc998b elementor-invisible elementor-widget elementor-widget-heading\" data-id=\"28cc998b\" data-element_type=\"widget\" data-e-type=\"widget\" data-settings=\"{&quot;_animation&quot;:&quot;fadeIn&quot;}\" data-widget_type=\"heading.default\">\n\t\t\t\t<div class=\"elementor-widget-container\">\n\t\t\t\t\t<h2 class=\"elementor-heading-title elementor-size-default\">PRIVACIDAD<\/h2>\t\t\t\t<\/div>\n\t\t\t\t<\/div>\n\t\t\t\t<\/div>\n\t\t\t\t\t<\/div>\n\t\t\t\t<\/div>\n\t\t<div class=\"elementor-element elementor-element-e92283b e-flex e-con-boxed e-con e-parent\" data-id=\"e92283b\" data-element_type=\"container\" data-e-type=\"container\">\n\t\t\t\t\t<div class=\"e-con-inner\">\n\t\t\t\t<div class=\"elementor-element elementor-element-35ce28df elementor-widget-tablet__width-initial elementor-widget__width-initial elementor-widget-mobile__width-inherit elementor-invisible elementor-widget elementor-widget-text-editor\" data-id=\"35ce28df\" data-element_type=\"widget\" data-e-type=\"widget\" data-settings=\"{&quot;_animation&quot;:&quot;fadeIn&quot;,&quot;_animation_delay&quot;:&quot;200&quot;}\" data-widget_type=\"text-editor.default\">\n\t\t\t\t<div class=\"elementor-widget-container\">\n\t\t\t\t\t\t\t\t\t<h2 class=\"fusion-responsive-typography-calculated\" data-fontsize=\"32\" data-lineheight=\"54.4px\">Protecci\u00f3n de la privacidad de conformidad con el Reglamento 2016\/679 de la UE<\/h2><h3 class=\"fusion-responsive-typography-calculated\" data-fontsize=\"18\" data-lineheight=\"27.72px\">\u00abREGLAMENTO GENERAL DE PROTECCI\u00d3N DE DATOS (RGPPD)<\/h3><h4 class=\"fusion-responsive-typography-calculated\" data-fontsize=\"13\" data-lineheight=\"20.02px\">QUI\u00c9N RECOPILA LOS DATOS Y POR QU\u00c9<\/h4><p>Estimado cliente, los datos personales que ha introducido en el formulario de contacto<strong>(<\/strong> <strong>nombre<\/strong> y <strong>apellidos<\/strong>, <strong>n\u00famero de tel\u00e9fono<\/strong>, <strong>correo electr\u00f3nico<\/strong>) son recogidos por<strong> Palascia Wellness Relais<\/strong> exclusivamente <strong>con<\/strong> el <strong>fin de responder a su solicitud de informaci\u00f3n o presupuesto<\/strong> o para satisfacer su <strong>solicitud de servicios accesorios<\/strong>. La persona responsable de la recogida de datos es el Sr. <strong>Albino Merico<\/strong>, con quien puede ponerse en contacto en <a href=\"mailto:info@palasciarelais.com\" target=\"_blank\" rel=\"noopener noreferrer\"><strong>info@palasciarelais.com<\/strong><\/a>o por correo certificado en el domicilio social de la empresa: <strong>Strada comunale vicinale \u00abLe Orte\u00bb &#8211; Otranto (LE)<\/strong>. <\/p><h4 class=\"fusion-responsive-typography-calculated\" data-fontsize=\"13\" data-lineheight=\"20.02px\">GARANT\u00cdA DE CONFIDENCIALIDAD<\/h4><p>Los datos personales recogidos no se transmiten en ning\u00fan caso a terceros, se almacenan en soportes electr\u00f3nicos protegidos y se tratan con las medidas de seguridad adecuadas para garantizar su protecci\u00f3n y confidencialidad.<\/p><h4 class=\"fusion-responsive-typography-calculated\" data-fontsize=\"13\" data-lineheight=\"20.02px\">CU\u00c1NTO TIEMPO SE ALMACENAN LOS DATOS PERSONALES<\/h4><p>En cualquier caso, si la reserva no se confirma,<strong> sus datos se eliminan en un plazo de 12 meses a partir del env\u00edo de la consulta, a menos que haya dado su consentimiento expl\u00edcito para recibir comunicaciones nuestras<\/strong>.<\/p><h4 class=\"fusion-responsive-typography-calculated\" data-fontsize=\"13\" data-lineheight=\"20.02px\">acceso, cancelaci\u00f3n y actualizaci\u00f3n de datos<\/h4><p>Usted puede solicitar en cualquier momento la <strong>supresi\u00f3n, rectificaci\u00f3n, portabilidad total o transformaci\u00f3n en forma an\u00f3nima de <\/strong><strong>sus datos personales registrados en nuestra base de datos<\/strong> escribiendo al responsable Sr. <strong>Albino Merico<\/strong> a <strong><a href=\"mailto:info@palasciarelais.com\" target=\"_blank\" rel=\"noopener noreferrer\">info@palasciarelais.com<\/a><\/strong>, especificando su solicitud en el asunto del correo electr\u00f3nico, <strong>en cumplimiento de los derechos establecidos por el nuevo Reglamento UE 2016\/679<\/strong> <strong>sobre la protecci\u00f3n de la intimidad. En cualquier caso, podr\u00e1 oponerse, por motivos leg\u00edtimos, al tratamiento de sus datos y presentar una reclamaci\u00f3n ante una autoridad de control si percibe un uso il\u00edcito de los mismos.   <\/strong><\/p><h4 class=\"fusion-responsive-typography-calculated\" data-fontsize=\"13\" data-lineheight=\"20.02px\">EN CASO DE CONFIRMACI\u00d3N DE LA RESERVA<\/h4><p>Si se confirma su reserva, sus <strong>datos personales<\/strong> y su<strong>direcci\u00f3n IBAN<\/strong> se recogen para cumplir con las obligaciones legales contables, fiscales y administrativas, de conformidad con la legislaci\u00f3n nacional vigente, incluido el <strong>Texto Refundido de la Ley de Seguridad Ciudadana <\/strong>, que nos obliga a notificar a la Direcci\u00f3n General de la Polic\u00eda los datos personales de las personas que se alojen en el establecimiento.<\/p><p>El usuario es libre de no facilitar sus datos personales en los formularios de solicitud. El hecho de no facilitarlos puede suponer la imposibilidad de obtener lo solicitado. <\/p><h4 class=\"fusion-responsive-typography-calculated\" data-fontsize=\"13\" data-lineheight=\"20.02px\">CONSENTIMIENTO INFORMADO PARA RECIBIR COMUNICACIONES DEL SITIO palasciarelais.com<\/h4><p>Si acepta expresamente recibir comunicaciones nuestras, ocasionalmente le enviaremos informaci\u00f3n que pueda ser de su inter\u00e9s, como promociones de temporada para las personas alojadas en nuestra empresa.<br>Si, en cualquier momento, desea que sus datos no sean utilizados con fines de marketing directo, puede ejercer su derecho de oposici\u00f3n de conformidad con el art\u00edculo 21 del Reglamento UE 2016\/679 notific\u00e1ndonoslo por correo electr\u00f3nico a <a href=\"mailto:info@palasciarelais.com\" target=\"_blank\" rel=\"noopener noreferrer\"><strong>info@palasciarelais.com<\/strong><\/a>. En este caso, dejaremos de enviarle comunicaciones comerciales y sus datos dejar\u00e1n de tratarse con este fin.  <br>Su derecho de oposici\u00f3n tambi\u00e9n podr\u00e1 ejercerse por motivos relacionados con su situaci\u00f3n personal sobre todos los datos que obren en nuestro poder, incluso cuando se traten para fines distintos de la mercadotecnia directa.<\/p><p>Para m\u00e1s informaci\u00f3n, consulte el texto completo del <strong>Reglamento 2016\/679 de la UE<\/strong> en <a href=\"https:\/\/www.privacyitalia.eu\/wp-content\/uploads\/2017\/10\/GDPR_Italiano_PDF.pdf\" target=\"_blank\" rel=\"noopener noreferrer\">https:\/\/www.privacyitalia.eu\/wp-content\/uploads\/2017\/10\/GDPR_Italiano_PDF.pdf.<\/a><\/p><p>Responsable de los datos personales del sitio <strong>Albino Merico<\/strong><strong>, Strada comunale vicinale \u00abLe Orte\u00bb &#8211; Otranto (LE) &#8211; info@palasciarelais.com &#8211; Tel +39 0836 805813.<\/strong><\/p>\t\t\t\t\t\t\t\t<\/div>\n\t\t\t\t<\/div>\n\t\t\t\t\t<\/div>\n\t\t\t\t<\/div>\n\t\t\t\t<\/div>\n\t\t","protected":false},"excerpt":{"rendered":"<p>PRIVACIDAD Protecci\u00f3n de la privacidad de conformidad con el Reglamento 2016\/679 de la UE \u00abREGLAMENTO GENERAL DE PROTECCI\u00d3N DE DATOS (RGPPD) QUI\u00c9N RECOPILA LOS DATOS Y POR QU\u00c9 Estimado cliente, los datos personales que ha introducido en el formulario de contacto( nombre y apellidos, n\u00famero de tel\u00e9fono, correo electr\u00f3nico) son recogidos por Palascia Wellness Relais [&hellip;]<\/p>\n","protected":false},"author":3,"featured_media":0,"parent":0,"menu_order":0,"comment_status":"closed","ping_status":"closed","template":"","meta":{"_joinchat":[],"footnotes":""},"class_list":["post-3690","page","type-page","status-publish","hentry"],"yoast_head":"<!-- This site is optimized with the Yoast SEO plugin v27.5 - https:\/\/yoast.com\/product\/yoast-seo-wordpress\/ -->\n<title>Privacidad - Palascia Relais<\/title>\n<meta name=\"robots\" content=\"index, follow, max-snippet:-1, max-image-preview:large, max-video-preview:-1\" \/>\n<link rel=\"canonical\" href=\"https:\/\/palasciarelais.com\/es\/privacidad\/\" \/>\n<meta property=\"og:locale\" content=\"es_ES\" \/>\n<meta property=\"og:type\" content=\"article\" \/>\n<meta property=\"og:title\" content=\"Privacidad - Palascia Relais\" \/>\n<meta property=\"og:description\" content=\"PRIVACIDAD Protecci\u00f3n de la privacidad de conformidad con el Reglamento 2016\/679 de la UE \u00abREGLAMENTO GENERAL DE PROTECCI\u00d3N DE DATOS (RGPPD) QUI\u00c9N RECOPILA LOS DATOS Y POR QU\u00c9 Estimado cliente, los datos personales que ha introducido en el formulario de contacto( nombre y apellidos, n\u00famero de tel\u00e9fono, correo electr\u00f3nico) son recogidos por Palascia Wellness Relais [&hellip;]\" \/>\n<meta property=\"og:url\" content=\"https:\/\/palasciarelais.com\/es\/privacidad\/\" \/>\n<meta property=\"og:site_name\" content=\"Palascia Relais\" \/>\n<meta property=\"article:modified_time\" content=\"2025-03-05T18:44:15+00:00\" \/>\n<meta name=\"twitter:card\" content=\"summary_large_image\" \/>\n<meta name=\"twitter:label1\" content=\"Tiempo de lectura\" \/>\n\t<meta name=\"twitter:data1\" content=\"3 minutos\" \/>\n<script type=\"application\/ld+json\" class=\"yoast-schema-graph\">{\"@context\":\"https:\\\/\\\/schema.org\",\"@graph\":[{\"@type\":\"WebPage\",\"@id\":\"https:\\\/\\\/palasciarelais.com\\\/es\\\/privacidad\\\/\",\"url\":\"https:\\\/\\\/palasciarelais.com\\\/es\\\/privacidad\\\/\",\"name\":\"Privacidad - Palascia Relais\",\"isPartOf\":{\"@id\":\"https:\\\/\\\/palasciarelais.com\\\/es\\\/#website\"},\"datePublished\":\"2024-08-07T22:18:32+00:00\",\"dateModified\":\"2025-03-05T18:44:15+00:00\",\"breadcrumb\":{\"@id\":\"https:\\\/\\\/palasciarelais.com\\\/es\\\/privacidad\\\/#breadcrumb\"},\"inLanguage\":\"es\",\"potentialAction\":[{\"@type\":\"ReadAction\",\"target\":[\"https:\\\/\\\/palasciarelais.com\\\/es\\\/privacidad\\\/\"]}]},{\"@type\":\"BreadcrumbList\",\"@id\":\"https:\\\/\\\/palasciarelais.com\\\/es\\\/privacidad\\\/#breadcrumb\",\"itemListElement\":[{\"@type\":\"ListItem\",\"position\":1,\"name\":\"Home\",\"item\":\"https:\\\/\\\/palasciarelais.com\\\/es\\\/\"},{\"@type\":\"ListItem\",\"position\":2,\"name\":\"Privacidad\"}]},{\"@type\":\"WebSite\",\"@id\":\"https:\\\/\\\/palasciarelais.com\\\/es\\\/#website\",\"url\":\"https:\\\/\\\/palasciarelais.com\\\/es\\\/\",\"name\":\"Palascia Relais\",\"description\":\"Hotel a Otranto sul mare - Palasc\u00eca Wellness Relais\",\"potentialAction\":[{\"@type\":\"SearchAction\",\"target\":{\"@type\":\"EntryPoint\",\"urlTemplate\":\"https:\\\/\\\/palasciarelais.com\\\/es\\\/?s={search_term_string}\"},\"query-input\":{\"@type\":\"PropertyValueSpecification\",\"valueRequired\":true,\"valueName\":\"search_term_string\"}}],\"inLanguage\":\"es\"}]}<\/script>\n<!-- \/ Yoast SEO plugin. -->","yoast_head_json":{"title":"Privacidad - Palascia Relais","robots":{"index":"index","follow":"follow","max-snippet":"max-snippet:-1","max-image-preview":"max-image-preview:large","max-video-preview":"max-video-preview:-1"},"canonical":"https:\/\/palasciarelais.com\/es\/privacidad\/","og_locale":"es_ES","og_type":"article","og_title":"Privacidad - Palascia Relais","og_description":"PRIVACIDAD Protecci\u00f3n de la privacidad de conformidad con el Reglamento 2016\/679 de la UE \u00abREGLAMENTO GENERAL DE PROTECCI\u00d3N DE DATOS (RGPPD) QUI\u00c9N RECOPILA LOS DATOS Y POR QU\u00c9 Estimado cliente, los datos personales que ha introducido en el formulario de contacto( nombre y apellidos, n\u00famero de tel\u00e9fono, correo electr\u00f3nico) son recogidos por Palascia Wellness Relais [&hellip;]","og_url":"https:\/\/palasciarelais.com\/es\/privacidad\/","og_site_name":"Palascia Relais","article_modified_time":"2025-03-05T18:44:15+00:00","twitter_card":"summary_large_image","twitter_misc":{"Tiempo de lectura":"3 minutos"},"schema":{"@context":"https:\/\/schema.org","@graph":[{"@type":"WebPage","@id":"https:\/\/palasciarelais.com\/es\/privacidad\/","url":"https:\/\/palasciarelais.com\/es\/privacidad\/","name":"Privacidad - Palascia Relais","isPartOf":{"@id":"https:\/\/palasciarelais.com\/es\/#website"},"datePublished":"2024-08-07T22:18:32+00:00","dateModified":"2025-03-05T18:44:15+00:00","breadcrumb":{"@id":"https:\/\/palasciarelais.com\/es\/privacidad\/#breadcrumb"},"inLanguage":"es","potentialAction":[{"@type":"ReadAction","target":["https:\/\/palasciarelais.com\/es\/privacidad\/"]}]},{"@type":"BreadcrumbList","@id":"https:\/\/palasciarelais.com\/es\/privacidad\/#breadcrumb","itemListElement":[{"@type":"ListItem","position":1,"name":"Home","item":"https:\/\/palasciarelais.com\/es\/"},{"@type":"ListItem","position":2,"name":"Privacidad"}]},{"@type":"WebSite","@id":"https:\/\/palasciarelais.com\/es\/#website","url":"https:\/\/palasciarelais.com\/es\/","name":"Palascia Relais","description":"Hotel a Otranto sul mare - Palasc\u00eca Wellness Relais","potentialAction":[{"@type":"SearchAction","target":{"@type":"EntryPoint","urlTemplate":"https:\/\/palasciarelais.com\/es\/?s={search_term_string}"},"query-input":{"@type":"PropertyValueSpecification","valueRequired":true,"valueName":"search_term_string"}}],"inLanguage":"es"}]}},"_links":{"self":[{"href":"https:\/\/palasciarelais.com\/es\/wp-json\/wp\/v2\/pages\/3690","targetHints":{"allow":["GET"]}}],"collection":[{"href":"https:\/\/palasciarelais.com\/es\/wp-json\/wp\/v2\/pages"}],"about":[{"href":"https:\/\/palasciarelais.com\/es\/wp-json\/wp\/v2\/types\/page"}],"author":[{"embeddable":true,"href":"https:\/\/palasciarelais.com\/es\/wp-json\/wp\/v2\/users\/3"}],"replies":[{"embeddable":true,"href":"https:\/\/palasciarelais.com\/es\/wp-json\/wp\/v2\/comments?post=3690"}],"version-history":[{"count":0,"href":"https:\/\/palasciarelais.com\/es\/wp-json\/wp\/v2\/pages\/3690\/revisions"}],"wp:attachment":[{"href":"https:\/\/palasciarelais.com\/es\/wp-json\/wp\/v2\/media?parent=3690"}],"curies":[{"name":"wp","href":"https:\/\/api.w.org\/{rel}","templated":true}]}}