{"id":3558,"date":"2024-08-08T00:29:28","date_gmt":"2024-08-07T22:29:28","guid":{"rendered":"https:\/\/palasciarelais.com\/politique-elargie-en-matiere-de-cookies\/"},"modified":"2025-03-05T19:36:48","modified_gmt":"2025-03-05T18:36:48","slug":"politique-elargie-en-matiere-de-cookies","status":"publish","type":"page","link":"https:\/\/palasciarelais.com\/fr\/politique-elargie-en-matiere-de-cookies\/","title":{"rendered":"Politique \u00e9largie en mati\u00e8re de cookies"},"content":{"rendered":"\t\t<div data-elementor-type=\"wp-page\" data-elementor-id=\"3558\" class=\"elementor elementor-3558 elementor-2093\" data-elementor-post-type=\"page\">\n\t\t\t\t<div class=\"elementor-element elementor-element-5ab65978 e-flex e-con-boxed e-con e-parent\" data-id=\"5ab65978\" data-element_type=\"container\" data-e-type=\"container\" data-settings=\"{&quot;background_background&quot;:&quot;classic&quot;}\">\n\t\t\t\t\t<div class=\"e-con-inner\">\n\t\t<div class=\"elementor-element elementor-element-6cd168a0 e-con-full e-flex e-con e-child\" data-id=\"6cd168a0\" data-element_type=\"container\" data-e-type=\"container\">\n\t\t\t\t<div class=\"elementor-element elementor-element-4002fb7a elementor-invisible elementor-widget elementor-widget-heading\" data-id=\"4002fb7a\" data-element_type=\"widget\" data-e-type=\"widget\" data-settings=\"{&quot;_animation&quot;:&quot;fadeIn&quot;}\" data-widget_type=\"heading.default\">\n\t\t\t\t<div class=\"elementor-widget-container\">\n\t\t\t\t\t<h2 class=\"elementor-heading-title elementor-size-default\">POLITIQUE \u00c9LARGIE EN MATI\u00c8RE DE COOKIES<\/h2>\t\t\t\t<\/div>\n\t\t\t\t<\/div>\n\t\t\t\t<\/div>\n\t\t\t\t\t<\/div>\n\t\t\t\t<\/div>\n\t\t<div class=\"elementor-element elementor-element-3de78cd8 e-flex e-con-boxed e-con e-parent\" data-id=\"3de78cd8\" data-element_type=\"container\" data-e-type=\"container\">\n\t\t\t\t\t<div class=\"e-con-inner\">\n\t\t\t\t<div class=\"elementor-element elementor-element-4e40fe30 elementor-widget-tablet__width-initial elementor-widget__width-initial elementor-widget-mobile__width-inherit elementor-invisible elementor-widget elementor-widget-text-editor\" data-id=\"4e40fe30\" data-element_type=\"widget\" data-e-type=\"widget\" data-settings=\"{&quot;_animation&quot;:&quot;fadeIn&quot;,&quot;_animation_delay&quot;:&quot;200&quot;}\" data-widget_type=\"text-editor.default\">\n\t\t\t\t<div class=\"elementor-widget-container\">\n\t\t\t\t\t\t\t\t\t<p>L&rsquo;utilisation de ce site web implique l&rsquo;envoi de cookies sur le terminal de l&rsquo;utilisateur. Comme le prescrit la   <strong>Articles 13 et 122 du d\u00e9cret l\u00e9gislatif 196\/2003 (\u00ab\u00a0Code de la vie priv\u00e9e\u00a0\u00bb) <\/strong>ainsi que conform\u00e9ment aux dispositions de la disposition g\u00e9n\u00e9rale du <em>garant de la vie priv\u00e9e du 8 mai 2014<\/em>, <strong>Palascia Relais Wellness di Albino Merico<\/strong>, vous fournit toutes les informations concernant les cookies utilis\u00e9s sur ce site et la fa\u00e7on dont vous pouvez emp\u00eacher leur utilisation si vous ne souhaitez pas autoriser leur installation.<\/p><h3 class=\"fusion-responsive-typography-calculated\" data-fontsize=\"18\" data-lineheight=\"27.72px\">Que sont les cookies et comment sont-ils utilis\u00e9s sur ce site ?<\/h3><p>Les cookies sont des cha\u00eenes de texte transmises au terminal de l&rsquo;utilisateur, o\u00f9 elles sont stock\u00e9es puis retransmises lors de la visite suivante.<br>En visitant ce site, votre navigateur peut recevoir des cookies de notre part ou de sites exploit\u00e9s par d&rsquo;autres organisations (voir<a href=\"https:\/\/palasciarelais.com\/fr\/politique-elargie-en-matiere-de-cookies\/#cookie-terze-parti\">\u00ab\u00a0Cookies de tiers<\/a>\u00a0\u00bb ci-dessous), \u00e0 des fins statistiques et analytiques (cookies techniques) ou \u00e0 des fins de partage.<\/p><h3 class=\"fusion-responsive-typography-calculated\" data-fontsize=\"18\" data-lineheight=\"27.72px\">Deux types de cookies sont utilis\u00e9s sur ce site :<\/h3><ol><li><strong>Les cookies techniques<\/strong> n\u00e9cessaires pour communiquer \u00e0 travers le r\u00e9seau et fournir le service demand\u00e9 de consultation de ce site web.<\/li><li><strong>Cookies de tiers<\/strong>: \u00e0 des fins d&rsquo;analyse statistique pour mesurer le fonctionnement du site, mesurer le trafic et \u00e9valuer la convivialit\u00e9 et l&rsquo;int\u00e9r\u00eat. La pr\u00e9sence de cookies de tiers implique la transmission de cookies vers et depuis les sites exploit\u00e9s par ces <a href=\"https:\/\/palasciarelais.com\/fr\/politique-elargie-en-matiere-de-cookies\/#cookie-terze-parti\">tiers<\/a> \u00e9num\u00e9r\u00e9s ci-dessous. La gestion des informations collect\u00e9es est r\u00e9gie par les politiques correspondantes contenues dans les pages indiqu\u00e9es.  <\/li><\/ol><h3 class=\"fusion-responsive-typography-calculated\" data-fontsize=\"18\" data-lineheight=\"27.72px\">Fourniture d&rsquo;un consentement<\/h3><p>En poursuivant votre navigation sur les pages du site, en appuyant sur le bouton<strong>\u00ab\u00a0J&rsquo;accepte<\/strong>\u00a0\u00bb ou sur tout autre bouton ou lien pr\u00e9sent sur la page au-dessus ou au-dessous de la banni\u00e8re, vous acceptez l&rsquo;utilisation de cookies. Si vous pr\u00e9f\u00e9rez emp\u00eacher les<a href=\"https:\/\/palasciarelais.com\/fr\/politique-elargie-en-matiere-de-cookies\/#gestione-cookie\">cookies, veuillez lire la section ci-dessous\u00a0\u00bbComment puis-je g\u00e9rer les cookies dans mon navigateur ?<\/a> <\/p><h3 class=\"fusion-responsive-typography-calculated\" data-fontsize=\"18\" data-lineheight=\"27.72px\">Interaction avec les r\u00e9seaux sociaux et les plateformes externes<\/h3><p>Ce site vous permet d&rsquo;interagir directement avec les r\u00e9seaux sociaux par le biais des boutons de liaison.<br>Les informations acquises par le site sont en tout \u00e9tat de cause li\u00e9es aux param\u00e8tres de confidentialit\u00e9 de l&rsquo;utilisateur sur son profil social.<\/p><h4 class=\"fusion-responsive-typography-calculated\" data-fontsize=\"13\" data-lineheight=\"20.02px\">Bouton \u00ab\u00a0J&rsquo;aime\u00a0\u00bb de Facebook et widgets sociaux (Facebook, Inc.)<\/h4><p>Le bouton \u00ab\u00a0J&rsquo;aime\u00a0\u00bb de Facebook et les widgets sociaux sont des services permettant d&rsquo;interagir avec le r\u00e9seau social Facebook, fournis par Facebook, Inc.<br>Donn\u00e9es \u00e0 caract\u00e8re personnel collect\u00e9es : cookies de profilage.<br>Lieu de traitement : \u00c9tats-Unis &#8211; Politique de confidentialit\u00e9 \u00e0 l&rsquo;adresse <a href=\"https:\/\/www.facebook.com\/privacy\/explanation\" target=\"_blank\" rel=\"noopener noreferrer\">https:\/\/www.facebook.com\/privacy\/explanation<\/a><\/p><h4 class=\"fusion-responsive-typography-calculated\" data-fontsize=\"13\" data-lineheight=\"20.02px\">Bouton +1 et widgets sociaux de Google+ (Google Inc.)<\/h4><p>Le bouton +1 et les widgets sociaux Google+ sont des services d&rsquo;interaction avec le r\u00e9seau social Google+, fournis par Google Inc.<br>Donn\u00e9es personnelles collect\u00e9es : Cookies de profilage.<br>Lieu de traitement : USA &#8211; Politique de confidentialit\u00e9 <a href=\"https:\/\/policies.google.com\/privacy?hl=it\" target=\"_blank\" rel=\"noopener noreferrer\">https:\/\/policies.google.com\/privacy?hl=it<\/a><\/p><h3 id=\"cookie-terze-parti\" class=\"fusion-responsive-typography-calculated\" data-fontsize=\"18\" data-lineheight=\"27.72px\">Cookies de tiers. Quelles sont les applications tierces utilis\u00e9es sur le site ? <\/h3><p>Ce site utilise<strong> Google Analytics<\/strong>, un service d&rsquo;analyse de site internet fourni par  <strong>Google Inc. (\u00ab\u00a0Google\u00a0\u00bb)<\/strong>. Google utilise les donn\u00e9es personnelles collect\u00e9es dans le but de suivre et d&rsquo;\u00e9valuer votre utilisation de ce site, de compiler des rapports et de les partager avec d&rsquo;autres services fournis par Google.<br>Google peut utiliser les donn\u00e9es personnelles pour contextualiser et personnaliser les annonces dans son r\u00e9seau publicitaire.<br>Donn\u00e9es personnelles collect\u00e9es : cookies statistiques.<br>Lieu de traitement : USA Politique de confidentialit\u00e9 <a href=\"https:\/\/policies.google.com\/privacy?hl=it\" target=\"_blank\" rel=\"noopener noreferrer\">https:\/\/policies.google.com\/privacy?hl=it<\/a><br><strong>Pour d\u00e9sactiver Google Analytics<\/strong> <a href=\"https:\/\/tools.google.com\/dlpage\/gaoptout?hl=it\" target=\"_blank\" rel=\"noopener noreferrer\">: https:\/\/tools.google.com\/dlpage\/gaoptout?hl=it<\/a><\/p><h3 class=\"fusion-responsive-typography-calculated\" data-fontsize=\"18\" data-lineheight=\"27.72px\">Responsable du traitement des donn\u00e9es \u00e0 caract\u00e8re personnel<\/h3><p>Le responsable du traitement des donn\u00e9es et le sous-traitant sont <em><strong>Albino Merico<\/strong><\/em> de<em><strong> Palascia Relais Wellness<\/strong> Strada comunale vicinale \u00ab\u00a0Le Orte\u00a0\u00bb<\/em>&#8211;<em>Otranto (LE)<\/em>; e-mail : <a href=\"mailto:info@palasciarelais.com\" target=\"_blank\" rel=\"noopener noreferrer\">info@palasciarelais.com ;<\/a> t\u00e9l\u00e9phone : <a href=\"tel:+390836805813\" target=\"_blank\" rel=\"noopener noreferrer\">+39 0836 805813<\/a>; TVA : 03328370758.<\/p><h3 id=\"gestione-cookie\" class=\"fusion-responsive-typography-calculated\" data-fontsize=\"18\" data-lineheight=\"27.72px\">Comment puis-je g\u00e9rer les cookies dans mon navigateur ?<\/h3><p>Si vous avez des doutes ou des inqui\u00e9tudes concernant l&rsquo;utilisation des cookies, vous pouvez prendre des mesures pour emp\u00eacher l&rsquo;installation et la lecture des cookies, d\u00e9sactiver leur utilisation ou supprimer les cookies enregistr\u00e9s dans le pass\u00e9 en modifiant les param\u00e8tres de confidentialit\u00e9 de votre navigateur.<\/p><p>Vous pouvez trouver des informations sur ce sujet en visitant les pages consacr\u00e9es \u00e0 ce sujet :<\/p><p><strong>Google Chrome<\/strong> <a href=\"https:\/\/support.google.com\/chrome\/answer\/95647?hl=it&amp;p=cpn_cookie\" target=\"_blank\" rel=\"noopener noreferrer\">https:\/\/support.google.com\/chrome<\/a><\/p><p><strong>Mozilla Firefox<\/strong> <a href=\"https:\/\/support.mozilla.org\/it\/kb\/Attivare%20e%20disattivare%20i%20cookie?redirectlocale=en-US&amp;redirectslug=Enabling+and+disabling+cookie\" target=\"_blank\" rel=\"noopener noreferrer\">https:\/\/support.mozilla.org\/it\/<\/a><\/p><p><strong>Apple Safari<\/strong> <a href=\"https:\/\/support.apple.com\/kb\/PH19214?locale=it_IT&amp;viewlocale=it_IT\" target=\"_blank\" rel=\"noopener noreferrer\">https:\/\/support.apple.com\/<\/a><\/p><p><strong>Microsoft Windows Explorer<\/strong> <a href=\"https:\/\/support.microsoft.com\/it-it\/help\/17442\/windows-internet-explorer-delete-manage-cookie\" target=\"_blank\" rel=\"noopener noreferrer\">https:\/\/support.microsoft.com\/.<\/a><\/p><p>Pour lire le <strong>texte int\u00e9gral de la l\u00e9gislation,<\/strong> lire l&rsquo;article (en anglais)  <strong><a href=\"http:\/\/www.garanteprivacy.it\/web\/guest\/home\/docweb\/-\/docweb-display\/docweb\/3118884\" target=\"_blank\" rel=\"noopener noreferrer\">Garante della Privacy &#8211; Identification des modalit\u00e9s simplifi\u00e9es d&rsquo;information et d&rsquo;obtention du consentement pour l&rsquo;utilisation des cookies &#8211; 8 mai 2014. Publi\u00e9 au Journal officiel n\u00b0. 126 du 3 juin 2014)<\/a>.<\/strong><\/p>\t\t\t\t\t\t\t\t<\/div>\n\t\t\t\t<\/div>\n\t\t\t\t\t<\/div>\n\t\t\t\t<\/div>\n\t\t\t\t<\/div>\n\t\t","protected":false},"excerpt":{"rendered":"<p>POLITIQUE \u00c9LARGIE EN MATI\u00c8RE DE COOKIES L&rsquo;utilisation de ce site web implique l&rsquo;envoi de cookies sur le terminal de l&rsquo;utilisateur. Comme le prescrit la Articles 13 et 122 du d\u00e9cret l\u00e9gislatif 196\/2003 (\u00ab\u00a0Code de la vie priv\u00e9e\u00a0\u00bb) ainsi que conform\u00e9ment aux dispositions de la disposition g\u00e9n\u00e9rale du garant de la vie priv\u00e9e du 8 mai [&hellip;]<\/p>\n","protected":false},"author":3,"featured_media":0,"parent":0,"menu_order":0,"comment_status":"closed","ping_status":"closed","template":"","meta":{"_joinchat":[],"footnotes":""},"class_list":["post-3558","page","type-page","status-publish","hentry"],"yoast_head":"<!-- This site is optimized with the Yoast SEO plugin v27.5 - https:\/\/yoast.com\/product\/yoast-seo-wordpress\/ -->\n<title>Politique \u00e9largie en mati\u00e8re de cookies - Palascia Relais<\/title>\n<meta name=\"robots\" content=\"index, follow, max-snippet:-1, max-image-preview:large, max-video-preview:-1\" \/>\n<link rel=\"canonical\" href=\"https:\/\/palasciarelais.com\/fr\/politique-elargie-en-matiere-de-cookies\/\" \/>\n<meta property=\"og:locale\" content=\"fr_FR\" \/>\n<meta property=\"og:type\" content=\"article\" \/>\n<meta property=\"og:title\" content=\"Politique \u00e9largie en mati\u00e8re de cookies - Palascia Relais\" \/>\n<meta property=\"og:description\" content=\"POLITIQUE \u00c9LARGIE EN MATI\u00c8RE DE COOKIES L&rsquo;utilisation de ce site web implique l&rsquo;envoi de cookies sur le terminal de l&rsquo;utilisateur. Comme le prescrit la Articles 13 et 122 du d\u00e9cret l\u00e9gislatif 196\/2003 (\u00ab\u00a0Code de la vie priv\u00e9e\u00a0\u00bb) ainsi que conform\u00e9ment aux dispositions de la disposition g\u00e9n\u00e9rale du garant de la vie priv\u00e9e du 8 mai [&hellip;]\" \/>\n<meta property=\"og:url\" content=\"https:\/\/palasciarelais.com\/fr\/politique-elargie-en-matiere-de-cookies\/\" \/>\n<meta property=\"og:site_name\" content=\"Palascia Relais\" \/>\n<meta property=\"article:modified_time\" content=\"2025-03-05T18:36:48+00:00\" \/>\n<meta name=\"twitter:card\" content=\"summary_large_image\" \/>\n<meta name=\"twitter:label1\" content=\"Dur\u00e9e de lecture estim\u00e9e\" \/>\n\t<meta name=\"twitter:data1\" content=\"4 minutes\" \/>\n<script type=\"application\/ld+json\" class=\"yoast-schema-graph\">{\"@context\":\"https:\\\/\\\/schema.org\",\"@graph\":[{\"@type\":\"WebPage\",\"@id\":\"https:\\\/\\\/palasciarelais.com\\\/fr\\\/politique-elargie-en-matiere-de-cookies\\\/\",\"url\":\"https:\\\/\\\/palasciarelais.com\\\/fr\\\/politique-elargie-en-matiere-de-cookies\\\/\",\"name\":\"Politique \u00e9largie en mati\u00e8re de cookies - Palascia Relais\",\"isPartOf\":{\"@id\":\"https:\\\/\\\/palasciarelais.com\\\/fr\\\/#website\"},\"datePublished\":\"2024-08-07T22:29:28+00:00\",\"dateModified\":\"2025-03-05T18:36:48+00:00\",\"breadcrumb\":{\"@id\":\"https:\\\/\\\/palasciarelais.com\\\/fr\\\/politique-elargie-en-matiere-de-cookies\\\/#breadcrumb\"},\"inLanguage\":\"fr-FR\",\"potentialAction\":[{\"@type\":\"ReadAction\",\"target\":[\"https:\\\/\\\/palasciarelais.com\\\/fr\\\/politique-elargie-en-matiere-de-cookies\\\/\"]}]},{\"@type\":\"BreadcrumbList\",\"@id\":\"https:\\\/\\\/palasciarelais.com\\\/fr\\\/politique-elargie-en-matiere-de-cookies\\\/#breadcrumb\",\"itemListElement\":[{\"@type\":\"ListItem\",\"position\":1,\"name\":\"Home\",\"item\":\"https:\\\/\\\/palasciarelais.com\\\/fr\\\/\"},{\"@type\":\"ListItem\",\"position\":2,\"name\":\"Politique \u00e9largie en mati\u00e8re de cookies\"}]},{\"@type\":\"WebSite\",\"@id\":\"https:\\\/\\\/palasciarelais.com\\\/fr\\\/#website\",\"url\":\"https:\\\/\\\/palasciarelais.com\\\/fr\\\/\",\"name\":\"Palascia Relais\",\"description\":\"Hotel a Otranto sul mare - Palasc\u00eca Wellness Relais\",\"potentialAction\":[{\"@type\":\"SearchAction\",\"target\":{\"@type\":\"EntryPoint\",\"urlTemplate\":\"https:\\\/\\\/palasciarelais.com\\\/fr\\\/?s={search_term_string}\"},\"query-input\":{\"@type\":\"PropertyValueSpecification\",\"valueRequired\":true,\"valueName\":\"search_term_string\"}}],\"inLanguage\":\"fr-FR\"}]}<\/script>\n<!-- \/ Yoast SEO plugin. -->","yoast_head_json":{"title":"Politique \u00e9largie en mati\u00e8re de cookies - Palascia Relais","robots":{"index":"index","follow":"follow","max-snippet":"max-snippet:-1","max-image-preview":"max-image-preview:large","max-video-preview":"max-video-preview:-1"},"canonical":"https:\/\/palasciarelais.com\/fr\/politique-elargie-en-matiere-de-cookies\/","og_locale":"fr_FR","og_type":"article","og_title":"Politique \u00e9largie en mati\u00e8re de cookies - Palascia Relais","og_description":"POLITIQUE \u00c9LARGIE EN MATI\u00c8RE DE COOKIES L&rsquo;utilisation de ce site web implique l&rsquo;envoi de cookies sur le terminal de l&rsquo;utilisateur. Comme le prescrit la Articles 13 et 122 du d\u00e9cret l\u00e9gislatif 196\/2003 (\u00ab\u00a0Code de la vie priv\u00e9e\u00a0\u00bb) ainsi que conform\u00e9ment aux dispositions de la disposition g\u00e9n\u00e9rale du garant de la vie priv\u00e9e du 8 mai [&hellip;]","og_url":"https:\/\/palasciarelais.com\/fr\/politique-elargie-en-matiere-de-cookies\/","og_site_name":"Palascia Relais","article_modified_time":"2025-03-05T18:36:48+00:00","twitter_card":"summary_large_image","twitter_misc":{"Dur\u00e9e de lecture estim\u00e9e":"4 minutes"},"schema":{"@context":"https:\/\/schema.org","@graph":[{"@type":"WebPage","@id":"https:\/\/palasciarelais.com\/fr\/politique-elargie-en-matiere-de-cookies\/","url":"https:\/\/palasciarelais.com\/fr\/politique-elargie-en-matiere-de-cookies\/","name":"Politique \u00e9largie en mati\u00e8re de cookies - Palascia Relais","isPartOf":{"@id":"https:\/\/palasciarelais.com\/fr\/#website"},"datePublished":"2024-08-07T22:29:28+00:00","dateModified":"2025-03-05T18:36:48+00:00","breadcrumb":{"@id":"https:\/\/palasciarelais.com\/fr\/politique-elargie-en-matiere-de-cookies\/#breadcrumb"},"inLanguage":"fr-FR","potentialAction":[{"@type":"ReadAction","target":["https:\/\/palasciarelais.com\/fr\/politique-elargie-en-matiere-de-cookies\/"]}]},{"@type":"BreadcrumbList","@id":"https:\/\/palasciarelais.com\/fr\/politique-elargie-en-matiere-de-cookies\/#breadcrumb","itemListElement":[{"@type":"ListItem","position":1,"name":"Home","item":"https:\/\/palasciarelais.com\/fr\/"},{"@type":"ListItem","position":2,"name":"Politique \u00e9largie en mati\u00e8re de cookies"}]},{"@type":"WebSite","@id":"https:\/\/palasciarelais.com\/fr\/#website","url":"https:\/\/palasciarelais.com\/fr\/","name":"Palascia Relais","description":"Hotel a Otranto sul mare - Palasc\u00eca Wellness Relais","potentialAction":[{"@type":"SearchAction","target":{"@type":"EntryPoint","urlTemplate":"https:\/\/palasciarelais.com\/fr\/?s={search_term_string}"},"query-input":{"@type":"PropertyValueSpecification","valueRequired":true,"valueName":"search_term_string"}}],"inLanguage":"fr-FR"}]}},"_links":{"self":[{"href":"https:\/\/palasciarelais.com\/fr\/wp-json\/wp\/v2\/pages\/3558","targetHints":{"allow":["GET"]}}],"collection":[{"href":"https:\/\/palasciarelais.com\/fr\/wp-json\/wp\/v2\/pages"}],"about":[{"href":"https:\/\/palasciarelais.com\/fr\/wp-json\/wp\/v2\/types\/page"}],"author":[{"embeddable":true,"href":"https:\/\/palasciarelais.com\/fr\/wp-json\/wp\/v2\/users\/3"}],"replies":[{"embeddable":true,"href":"https:\/\/palasciarelais.com\/fr\/wp-json\/wp\/v2\/comments?post=3558"}],"version-history":[{"count":0,"href":"https:\/\/palasciarelais.com\/fr\/wp-json\/wp\/v2\/pages\/3558\/revisions"}],"wp:attachment":[{"href":"https:\/\/palasciarelais.com\/fr\/wp-json\/wp\/v2\/media?parent=3558"}],"curies":[{"name":"wp","href":"https:\/\/api.w.org\/{rel}","templated":true}]}}