{"id":3583,"date":"2024-07-29T17:26:13","date_gmt":"2024-07-29T15:26:13","guid":{"rendered":"https:\/\/palasciarelais.com\/merci-de-votre-attention\/"},"modified":"2025-03-05T19:37:40","modified_gmt":"2025-03-05T18:37:40","slug":"merci-de-votre-attention","status":"publish","type":"page","link":"https:\/\/palasciarelais.com\/fr\/merci-de-votre-attention\/","title":{"rendered":"Merci de votre attention."},"content":{"rendered":"\t\t<div data-elementor-type=\"wp-page\" data-elementor-id=\"3583\" class=\"elementor elementor-3583 elementor-1925\" data-elementor-post-type=\"page\">\n\t\t\t\t<div class=\"elementor-element elementor-element-6e588e5f e-con-full e-flex e-con e-parent\" data-id=\"6e588e5f\" data-element_type=\"container\" data-e-type=\"container\" data-settings=\"{&quot;background_background&quot;:&quot;classic&quot;}\">\n\t\t<div class=\"elementor-element elementor-element-3070b6a0 e-con-full e-flex e-con e-child\" data-id=\"3070b6a0\" data-element_type=\"container\" data-e-type=\"container\">\n\t\t\t\t<div class=\"elementor-element elementor-element-530c9489 elementor-widget elementor-widget-heading\" data-id=\"530c9489\" data-element_type=\"widget\" data-e-type=\"widget\" data-widget_type=\"heading.default\">\n\t\t\t\t<div class=\"elementor-widget-container\">\n\t\t\t\t\t<h1 class=\"elementor-heading-title elementor-size-default\">Merci de votre attention.<\/h1>\t\t\t\t<\/div>\n\t\t\t\t<\/div>\n\t\t\t\t<div class=\"elementor-element elementor-element-6e6a607 elementor-widget__width-initial elementor-widget-mobile__width-inherit elementor-widget elementor-widget-text-editor\" data-id=\"6e6a607\" data-element_type=\"widget\" data-e-type=\"widget\" data-widget_type=\"text-editor.default\">\n\t\t\t\t<div class=\"elementor-widget-container\">\n\t\t\t\t\t\t\t\t\t<p>Votre demande a bien \u00e9t\u00e9 re\u00e7ue.<\/p><p>Nous vous contacterons dans les plus brefs d\u00e9lais.<\/p>\t\t\t\t\t\t\t\t<\/div>\n\t\t\t\t<\/div>\n\t\t\t\t<div class=\"elementor-element elementor-element-21ba5f48 elementor-widget__width-auto elementor-widget elementor-widget-jkit_button\" data-id=\"21ba5f48\" data-element_type=\"widget\" data-e-type=\"widget\" data-widget_type=\"jkit_button.default\">\n\t\t\t\t<div class=\"elementor-widget-container\">\n\t\t\t\t\t<div  class=\"jeg-elementor-kit jkit-button  icon-position-before jeg_module___69f5d4047908e\" ><a href=\"https:\/\/palasciarelais.com\/home\/\" class=\"jkit-button-wrapper\">Tornare a home<\/a><\/div>\t\t\t\t<\/div>\n\t\t\t\t<\/div>\n\t\t\t\t<\/div>\n\t\t\t\t<\/div>\n\t\t\t\t<\/div>\n\t\t","protected":false},"excerpt":{"rendered":"<p>Merci de votre attention. Votre demande a bien \u00e9t\u00e9 re\u00e7ue. Nous vous contacterons dans les plus brefs d\u00e9lais. Tornare a home<\/p>\n","protected":false},"author":3,"featured_media":0,"parent":0,"menu_order":0,"comment_status":"closed","ping_status":"closed","template":"","meta":{"_joinchat":[],"footnotes":""},"class_list":["post-3583","page","type-page","status-publish","hentry"],"yoast_head":"<!-- This site is optimized with the Yoast SEO plugin v27.5 - https:\/\/yoast.com\/product\/yoast-seo-wordpress\/ -->\n<title>Merci de votre attention. - Palascia Relais<\/title>\n<meta name=\"robots\" content=\"index, follow, max-snippet:-1, max-image-preview:large, max-video-preview:-1\" \/>\n<link rel=\"canonical\" href=\"https:\/\/palasciarelais.com\/fr\/merci-de-votre-attention\/\" \/>\n<meta property=\"og:locale\" content=\"fr_FR\" \/>\n<meta property=\"og:type\" content=\"article\" \/>\n<meta property=\"og:title\" content=\"Merci de votre attention. - Palascia Relais\" \/>\n<meta property=\"og:description\" content=\"Merci de votre attention. Votre demande a bien \u00e9t\u00e9 re\u00e7ue. Nous vous contacterons dans les plus brefs d\u00e9lais. Tornare a home\" \/>\n<meta property=\"og:url\" content=\"https:\/\/palasciarelais.com\/fr\/merci-de-votre-attention\/\" \/>\n<meta property=\"og:site_name\" content=\"Palascia Relais\" \/>\n<meta property=\"article:modified_time\" content=\"2025-03-05T18:37:40+00:00\" \/>\n<meta name=\"twitter:card\" content=\"summary_large_image\" \/>\n<script type=\"application\/ld+json\" class=\"yoast-schema-graph\">{\"@context\":\"https:\\\/\\\/schema.org\",\"@graph\":[{\"@type\":\"WebPage\",\"@id\":\"https:\\\/\\\/palasciarelais.com\\\/fr\\\/merci-de-votre-attention\\\/\",\"url\":\"https:\\\/\\\/palasciarelais.com\\\/fr\\\/merci-de-votre-attention\\\/\",\"name\":\"Merci de votre attention. - Palascia Relais\",\"isPartOf\":{\"@id\":\"https:\\\/\\\/palasciarelais.com\\\/fr\\\/#website\"},\"datePublished\":\"2024-07-29T15:26:13+00:00\",\"dateModified\":\"2025-03-05T18:37:40+00:00\",\"breadcrumb\":{\"@id\":\"https:\\\/\\\/palasciarelais.com\\\/fr\\\/merci-de-votre-attention\\\/#breadcrumb\"},\"inLanguage\":\"fr-FR\",\"potentialAction\":[{\"@type\":\"ReadAction\",\"target\":[\"https:\\\/\\\/palasciarelais.com\\\/fr\\\/merci-de-votre-attention\\\/\"]}]},{\"@type\":\"BreadcrumbList\",\"@id\":\"https:\\\/\\\/palasciarelais.com\\\/fr\\\/merci-de-votre-attention\\\/#breadcrumb\",\"itemListElement\":[{\"@type\":\"ListItem\",\"position\":1,\"name\":\"Home\",\"item\":\"https:\\\/\\\/palasciarelais.com\\\/fr\\\/\"},{\"@type\":\"ListItem\",\"position\":2,\"name\":\"Merci de votre attention.\"}]},{\"@type\":\"WebSite\",\"@id\":\"https:\\\/\\\/palasciarelais.com\\\/fr\\\/#website\",\"url\":\"https:\\\/\\\/palasciarelais.com\\\/fr\\\/\",\"name\":\"Palascia Relais\",\"description\":\"Hotel a Otranto sul mare - Palasc\u00eca Wellness Relais\",\"potentialAction\":[{\"@type\":\"SearchAction\",\"target\":{\"@type\":\"EntryPoint\",\"urlTemplate\":\"https:\\\/\\\/palasciarelais.com\\\/fr\\\/?s={search_term_string}\"},\"query-input\":{\"@type\":\"PropertyValueSpecification\",\"valueRequired\":true,\"valueName\":\"search_term_string\"}}],\"inLanguage\":\"fr-FR\"}]}<\/script>\n<!-- \/ Yoast SEO plugin. -->","yoast_head_json":{"title":"Merci de votre attention. - Palascia Relais","robots":{"index":"index","follow":"follow","max-snippet":"max-snippet:-1","max-image-preview":"max-image-preview:large","max-video-preview":"max-video-preview:-1"},"canonical":"https:\/\/palasciarelais.com\/fr\/merci-de-votre-attention\/","og_locale":"fr_FR","og_type":"article","og_title":"Merci de votre attention. - Palascia Relais","og_description":"Merci de votre attention. Votre demande a bien \u00e9t\u00e9 re\u00e7ue. Nous vous contacterons dans les plus brefs d\u00e9lais. Tornare a home","og_url":"https:\/\/palasciarelais.com\/fr\/merci-de-votre-attention\/","og_site_name":"Palascia Relais","article_modified_time":"2025-03-05T18:37:40+00:00","twitter_card":"summary_large_image","schema":{"@context":"https:\/\/schema.org","@graph":[{"@type":"WebPage","@id":"https:\/\/palasciarelais.com\/fr\/merci-de-votre-attention\/","url":"https:\/\/palasciarelais.com\/fr\/merci-de-votre-attention\/","name":"Merci de votre attention. - Palascia Relais","isPartOf":{"@id":"https:\/\/palasciarelais.com\/fr\/#website"},"datePublished":"2024-07-29T15:26:13+00:00","dateModified":"2025-03-05T18:37:40+00:00","breadcrumb":{"@id":"https:\/\/palasciarelais.com\/fr\/merci-de-votre-attention\/#breadcrumb"},"inLanguage":"fr-FR","potentialAction":[{"@type":"ReadAction","target":["https:\/\/palasciarelais.com\/fr\/merci-de-votre-attention\/"]}]},{"@type":"BreadcrumbList","@id":"https:\/\/palasciarelais.com\/fr\/merci-de-votre-attention\/#breadcrumb","itemListElement":[{"@type":"ListItem","position":1,"name":"Home","item":"https:\/\/palasciarelais.com\/fr\/"},{"@type":"ListItem","position":2,"name":"Merci de votre attention."}]},{"@type":"WebSite","@id":"https:\/\/palasciarelais.com\/fr\/#website","url":"https:\/\/palasciarelais.com\/fr\/","name":"Palascia Relais","description":"Hotel a Otranto sul mare - Palasc\u00eca Wellness Relais","potentialAction":[{"@type":"SearchAction","target":{"@type":"EntryPoint","urlTemplate":"https:\/\/palasciarelais.com\/fr\/?s={search_term_string}"},"query-input":{"@type":"PropertyValueSpecification","valueRequired":true,"valueName":"search_term_string"}}],"inLanguage":"fr-FR"}]}},"_links":{"self":[{"href":"https:\/\/palasciarelais.com\/fr\/wp-json\/wp\/v2\/pages\/3583","targetHints":{"allow":["GET"]}}],"collection":[{"href":"https:\/\/palasciarelais.com\/fr\/wp-json\/wp\/v2\/pages"}],"about":[{"href":"https:\/\/palasciarelais.com\/fr\/wp-json\/wp\/v2\/types\/page"}],"author":[{"embeddable":true,"href":"https:\/\/palasciarelais.com\/fr\/wp-json\/wp\/v2\/users\/3"}],"replies":[{"embeddable":true,"href":"https:\/\/palasciarelais.com\/fr\/wp-json\/wp\/v2\/comments?post=3583"}],"version-history":[{"count":0,"href":"https:\/\/palasciarelais.com\/fr\/wp-json\/wp\/v2\/pages\/3583\/revisions"}],"wp:attachment":[{"href":"https:\/\/palasciarelais.com\/fr\/wp-json\/wp\/v2\/media?parent=3583"}],"curies":[{"name":"wp","href":"https:\/\/api.w.org\/{rel}","templated":true}]}}