{"id":3593,"date":"2024-03-06T15:52:59","date_gmt":"2024-03-06T14:52:59","guid":{"rendered":"https:\/\/palasciarelais.com\/page-dexemple\/"},"modified":"2025-03-05T19:43:41","modified_gmt":"2025-03-05T18:43:41","slug":"page-dexemple","status":"publish","type":"page","link":"https:\/\/palasciarelais.com\/fr\/page-dexemple\/","title":{"rendered":"Page d&rsquo;exemple"},"content":{"rendered":"\n<p>Il s&rsquo;agit d&rsquo;une page d&rsquo;exemple. Il est diff\u00e9rent d&rsquo;une entr\u00e9e de blog, car il se trouve dans un endroit unique et appara\u00eet dans la navigation de votre site (dans la plupart des cas). La plupart des personnes commencent par une page intitul\u00e9e \u00ab\u00a0Pr\u00e9sentation\u00a0\u00bb qui s&rsquo;adresse aux visiteurs potentiels du site. On peut dire la m\u00eame chose :<\/p>\n\n<blockquote class=\"wp-block-quote is-layout-flow wp-block-quote-is-layout-flow\"><p>\u00a1Hola ! Je suis cameraman de jour, aspirant \u00e0 devenir acteur de nuit et mon site web est l\u00e0. Je vis \u00e0 Mairena del Alcor, j&rsquo;ai un perroquet qui s&rsquo;appelle Firulais et j&rsquo;aime le rebujito. (Y las tardes largas con caf\u00e9).<\/p><\/blockquote>\n\n<p>&#8230;o algo as\u00ed :<\/p>\n\n<blockquote class=\"wp-block-quote is-layout-flow wp-block-quote-is-layout-flow\"><p>L&rsquo;entreprise \u00ab\u00a0Mariscos Recio\u00a0\u00bb a \u00e9t\u00e9 fond\u00e9e par Antonio Recio Mata. L&rsquo;entreprise a commenc\u00e9 par fournir du marc \u00e0 des h\u00f4tels et \u00e0 des restaurants, mais elle s&rsquo;est transform\u00e9e petit \u00e0 petit en un grand empire. Mariscos Recio, la mer au meilleur prix.<\/p><\/blockquote>\n\n<p>En tant que nouvel utilisateur de WordPress, vous devez vous connecter \u00e0 <a href=\"https:\/\/palasciarelais.com\/wp-admin\/\">votre ordinateur<\/a> pour supprimer cette page et cr\u00e9er de nouvelles pages pour votre contenu. \u00a1P\u00e1salo bien !<\/p>\n","protected":false},"excerpt":{"rendered":"<p>Il s&rsquo;agit d&rsquo;une page d&rsquo;exemple. Il est diff\u00e9rent d&rsquo;une entr\u00e9e de blog, car il se trouve dans un endroit unique et appara\u00eet dans la navigation de votre site (dans la plupart des cas). La plupart des personnes commencent par une page intitul\u00e9e \u00ab\u00a0Pr\u00e9sentation\u00a0\u00bb qui s&rsquo;adresse aux visiteurs potentiels du site. On peut dire la m\u00eame [&hellip;]<\/p>\n","protected":false},"author":3,"featured_media":0,"parent":0,"menu_order":0,"comment_status":"closed","ping_status":"open","template":"","meta":{"_joinchat":[],"footnotes":""},"class_list":["post-3593","page","type-page","status-publish","hentry"],"yoast_head":"<!-- This site is optimized with the Yoast SEO plugin v27.5 - https:\/\/yoast.com\/product\/yoast-seo-wordpress\/ -->\n<title>Page d&#039;exemple - Palascia Relais<\/title>\n<meta name=\"robots\" content=\"index, follow, max-snippet:-1, max-image-preview:large, max-video-preview:-1\" \/>\n<link rel=\"canonical\" href=\"https:\/\/palasciarelais.com\/fr\/page-dexemple\/\" \/>\n<meta property=\"og:locale\" content=\"fr_FR\" \/>\n<meta property=\"og:type\" content=\"article\" \/>\n<meta property=\"og:title\" content=\"Page d&#039;exemple - Palascia Relais\" \/>\n<meta property=\"og:description\" content=\"Il s&rsquo;agit d&rsquo;une page d&rsquo;exemple. Il est diff\u00e9rent d&rsquo;une entr\u00e9e de blog, car il se trouve dans un endroit unique et appara\u00eet dans la navigation de votre site (dans la plupart des cas). La plupart des personnes commencent par une page intitul\u00e9e \u00ab\u00a0Pr\u00e9sentation\u00a0\u00bb qui s&rsquo;adresse aux visiteurs potentiels du site. On peut dire la m\u00eame [&hellip;]\" \/>\n<meta property=\"og:url\" content=\"https:\/\/palasciarelais.com\/fr\/page-dexemple\/\" \/>\n<meta property=\"og:site_name\" content=\"Palascia Relais\" \/>\n<meta property=\"article:modified_time\" content=\"2025-03-05T18:43:41+00:00\" \/>\n<meta name=\"twitter:card\" content=\"summary_large_image\" \/>\n<meta name=\"twitter:label1\" content=\"Dur\u00e9e de lecture estim\u00e9e\" \/>\n\t<meta name=\"twitter:data1\" content=\"1 minute\" \/>\n<script type=\"application\/ld+json\" class=\"yoast-schema-graph\">{\"@context\":\"https:\\\/\\\/schema.org\",\"@graph\":[{\"@type\":\"WebPage\",\"@id\":\"https:\\\/\\\/palasciarelais.com\\\/fr\\\/page-dexemple\\\/\",\"url\":\"https:\\\/\\\/palasciarelais.com\\\/fr\\\/page-dexemple\\\/\",\"name\":\"Page d'exemple - Palascia Relais\",\"isPartOf\":{\"@id\":\"https:\\\/\\\/palasciarelais.com\\\/fr\\\/#website\"},\"datePublished\":\"2024-03-06T14:52:59+00:00\",\"dateModified\":\"2025-03-05T18:43:41+00:00\",\"breadcrumb\":{\"@id\":\"https:\\\/\\\/palasciarelais.com\\\/fr\\\/page-dexemple\\\/#breadcrumb\"},\"inLanguage\":\"fr-FR\",\"potentialAction\":[{\"@type\":\"ReadAction\",\"target\":[\"https:\\\/\\\/palasciarelais.com\\\/fr\\\/page-dexemple\\\/\"]}]},{\"@type\":\"BreadcrumbList\",\"@id\":\"https:\\\/\\\/palasciarelais.com\\\/fr\\\/page-dexemple\\\/#breadcrumb\",\"itemListElement\":[{\"@type\":\"ListItem\",\"position\":1,\"name\":\"Home\",\"item\":\"https:\\\/\\\/palasciarelais.com\\\/fr\\\/\"},{\"@type\":\"ListItem\",\"position\":2,\"name\":\"Page d&rsquo;exemple\"}]},{\"@type\":\"WebSite\",\"@id\":\"https:\\\/\\\/palasciarelais.com\\\/fr\\\/#website\",\"url\":\"https:\\\/\\\/palasciarelais.com\\\/fr\\\/\",\"name\":\"Palascia Relais\",\"description\":\"Hotel a Otranto sul mare - Palasc\u00eca Wellness Relais\",\"potentialAction\":[{\"@type\":\"SearchAction\",\"target\":{\"@type\":\"EntryPoint\",\"urlTemplate\":\"https:\\\/\\\/palasciarelais.com\\\/fr\\\/?s={search_term_string}\"},\"query-input\":{\"@type\":\"PropertyValueSpecification\",\"valueRequired\":true,\"valueName\":\"search_term_string\"}}],\"inLanguage\":\"fr-FR\"}]}<\/script>\n<!-- \/ Yoast SEO plugin. -->","yoast_head_json":{"title":"Page d'exemple - Palascia Relais","robots":{"index":"index","follow":"follow","max-snippet":"max-snippet:-1","max-image-preview":"max-image-preview:large","max-video-preview":"max-video-preview:-1"},"canonical":"https:\/\/palasciarelais.com\/fr\/page-dexemple\/","og_locale":"fr_FR","og_type":"article","og_title":"Page d'exemple - Palascia Relais","og_description":"Il s&rsquo;agit d&rsquo;une page d&rsquo;exemple. Il est diff\u00e9rent d&rsquo;une entr\u00e9e de blog, car il se trouve dans un endroit unique et appara\u00eet dans la navigation de votre site (dans la plupart des cas). La plupart des personnes commencent par une page intitul\u00e9e \u00ab\u00a0Pr\u00e9sentation\u00a0\u00bb qui s&rsquo;adresse aux visiteurs potentiels du site. On peut dire la m\u00eame [&hellip;]","og_url":"https:\/\/palasciarelais.com\/fr\/page-dexemple\/","og_site_name":"Palascia Relais","article_modified_time":"2025-03-05T18:43:41+00:00","twitter_card":"summary_large_image","twitter_misc":{"Dur\u00e9e de lecture estim\u00e9e":"1 minute"},"schema":{"@context":"https:\/\/schema.org","@graph":[{"@type":"WebPage","@id":"https:\/\/palasciarelais.com\/fr\/page-dexemple\/","url":"https:\/\/palasciarelais.com\/fr\/page-dexemple\/","name":"Page d'exemple - Palascia Relais","isPartOf":{"@id":"https:\/\/palasciarelais.com\/fr\/#website"},"datePublished":"2024-03-06T14:52:59+00:00","dateModified":"2025-03-05T18:43:41+00:00","breadcrumb":{"@id":"https:\/\/palasciarelais.com\/fr\/page-dexemple\/#breadcrumb"},"inLanguage":"fr-FR","potentialAction":[{"@type":"ReadAction","target":["https:\/\/palasciarelais.com\/fr\/page-dexemple\/"]}]},{"@type":"BreadcrumbList","@id":"https:\/\/palasciarelais.com\/fr\/page-dexemple\/#breadcrumb","itemListElement":[{"@type":"ListItem","position":1,"name":"Home","item":"https:\/\/palasciarelais.com\/fr\/"},{"@type":"ListItem","position":2,"name":"Page d&rsquo;exemple"}]},{"@type":"WebSite","@id":"https:\/\/palasciarelais.com\/fr\/#website","url":"https:\/\/palasciarelais.com\/fr\/","name":"Palascia Relais","description":"Hotel a Otranto sul mare - Palasc\u00eca Wellness Relais","potentialAction":[{"@type":"SearchAction","target":{"@type":"EntryPoint","urlTemplate":"https:\/\/palasciarelais.com\/fr\/?s={search_term_string}"},"query-input":{"@type":"PropertyValueSpecification","valueRequired":true,"valueName":"search_term_string"}}],"inLanguage":"fr-FR"}]}},"_links":{"self":[{"href":"https:\/\/palasciarelais.com\/fr\/wp-json\/wp\/v2\/pages\/3593","targetHints":{"allow":["GET"]}}],"collection":[{"href":"https:\/\/palasciarelais.com\/fr\/wp-json\/wp\/v2\/pages"}],"about":[{"href":"https:\/\/palasciarelais.com\/fr\/wp-json\/wp\/v2\/types\/page"}],"author":[{"embeddable":true,"href":"https:\/\/palasciarelais.com\/fr\/wp-json\/wp\/v2\/users\/3"}],"replies":[{"embeddable":true,"href":"https:\/\/palasciarelais.com\/fr\/wp-json\/wp\/v2\/comments?post=3593"}],"version-history":[{"count":0,"href":"https:\/\/palasciarelais.com\/fr\/wp-json\/wp\/v2\/pages\/3593\/revisions"}],"wp:attachment":[{"href":"https:\/\/palasciarelais.com\/fr\/wp-json\/wp\/v2\/media?parent=3593"}],"curies":[{"name":"wp","href":"https:\/\/api.w.org\/{rel}","templated":true}]}}