{"id":3683,"date":"2024-07-29T15:43:49","date_gmt":"2024-07-29T13:43:49","guid":{"rendered":"https:\/\/palasciarelais.com\/classique\/"},"modified":"2025-03-05T19:44:11","modified_gmt":"2025-03-05T18:44:11","slug":"classique","status":"publish","type":"page","link":"https:\/\/palasciarelais.com\/fr\/classique\/","title":{"rendered":"Classique"},"content":{"rendered":"<h2>SALLES CLASSIQUES<\/h2>\n<h2>Classique<\/h2>\n<p>Les chambres classiques, les plus confortables du Relais, sont situ\u00e9es au premier \u00e9tage de l&rsquo;espace r\u00e9ception\/petit d\u00e9jeuner ; elles conviennent \u00e0 deux personnes car elles disposent d&rsquo;un lit double king-size et d&rsquo;une superficie moyenne de 18 m\u00e8tres carr\u00e9s.<\/p>\n<p>Elles disposent d&rsquo;une salle de bains priv\u00e9e avec cabine de douche, de produits de courtoisie Acqua di Parma, du chauffage et de la climatisation, d&rsquo;une t\u00e9l\u00e9vision LED 32\u2033 avec l&rsquo;offre Gold Vision de SKY, d&rsquo;un minibar et d&rsquo;un coffre-fort. Elles disposent d&rsquo;une fen\u00eatre au niveau du sol qui vous permet d&rsquo;admirer l&rsquo;enchanteresse baie d&rsquo;Orte et le phare de Punta Palascia. <\/p>\n<p>Toutes nos chambres sont non-fumeurs.<\/p>\n<p>        0<br \/>\n        <sup><\/sup><\/p>\n<h2>Camere<\/h2>\n<p>\t\t\t\t\t\t\t\t\t\t\t\t\t\t\t<img fetchpriority=\"high\" width=\"1800\" height=\"1200\" src=\"https:\/\/palasciarelais.com\/wp-content\/uploads\/2024\/07\/12.jpg\" alt=\"\" decoding=\"async\" srcset=\"https:\/\/palasciarelais.com\/wp-content\/uploads\/2024\/07\/12.jpg 1800w, https:\/\/palasciarelais.com\/wp-content\/uploads\/2024\/07\/12-300x200.jpg 300w, https:\/\/palasciarelais.com\/wp-content\/uploads\/2024\/07\/12-1024x683.jpg 1024w, https:\/\/palasciarelais.com\/wp-content\/uploads\/2024\/07\/12-768x512.jpg 768w, https:\/\/palasciarelais.com\/wp-content\/uploads\/2024\/07\/12-1536x1024.jpg 1536w\" sizes=\"(max-width: 1800px) 100vw, 1800px\" \/>\t\t\t\t\t\t\t\t\t\t\t\t\t\t\t<\/p>\n<h2>Nos principaux services et \u00e9quipements<\/h2>\n<p>\t\t\t\t\t<img width=\"160\" height=\"160\" src=\"https:\/\/palasciarelais.com\/wp-content\/uploads\/2024\/06\/icon-features-bed-1.png\" alt=\"Qualit\u00e0 del letto premium\" url=\"https:\/\/palasciarelais.com\/wp-content\/uploads\/2024\/06\/icon-features-bed-1.png\" decoding=\"async\" srcset=\"https:\/\/palasciarelais.com\/wp-content\/uploads\/2024\/06\/icon-features-bed-1.png 160w, https:\/\/palasciarelais.com\/wp-content\/uploads\/2024\/06\/icon-features-bed-1-150x150.png 150w\" sizes=\"(max-width: 160px) 100vw, 160px\" \/><\/p>\n<h2>Qualit\u00e0 del letto premium<\/h2>\n<p>\t\t\t\t\t<img width=\"160\" height=\"160\" src=\"https:\/\/palasciarelais.com\/wp-content\/uploads\/2024\/06\/icon-features-living-room-1.png\" alt=\"Spazio abitativo esclusivo\" url=\"https:\/\/palasciarelais.com\/wp-content\/uploads\/2024\/06\/icon-features-living-room-1.png\" decoding=\"async\" srcset=\"https:\/\/palasciarelais.com\/wp-content\/uploads\/2024\/06\/icon-features-living-room-1.png 160w, https:\/\/palasciarelais.com\/wp-content\/uploads\/2024\/06\/icon-features-living-room-1-150x150.png 150w\" sizes=\"(max-width: 160px) 100vw, 160px\" \/><\/p>\n<h2>Spazio abitativo esclusivo<\/h2>\n<p>\t\t\t\t\t<img loading=\"lazy\" width=\"160\" height=\"160\" src=\"https:\/\/palasciarelais.com\/wp-content\/uploads\/2024\/06\/icon-features-Kitchen-1.png\" alt=\"Cucina completamente attrezzata\" url=\"https:\/\/palasciarelais.com\/wp-content\/uploads\/2024\/06\/icon-features-Kitchen-1.png\" decoding=\"async\" srcset=\"https:\/\/palasciarelais.com\/wp-content\/uploads\/2024\/06\/icon-features-Kitchen-1.png 160w, https:\/\/palasciarelais.com\/wp-content\/uploads\/2024\/06\/icon-features-Kitchen-1-150x150.png 150w\" sizes=\"(max-width: 160px) 100vw, 160px\" \/><\/p>\n<h2>Cucina completamente attrezzata<\/h2>\n<p>\t\t\t\t\t<img loading=\"lazy\" width=\"163\" height=\"164\" src=\"https:\/\/palasciarelais.com\/wp-content\/uploads\/2024\/06\/icon-features-pool-2.png\" alt=\"Piscina privata esclusiva\" url=\"https:\/\/palasciarelais.com\/wp-content\/uploads\/2024\/06\/icon-features-pool-2.png\" decoding=\"async\" srcset=\"https:\/\/palasciarelais.com\/wp-content\/uploads\/2024\/06\/icon-features-pool-2.png 163w, https:\/\/palasciarelais.com\/wp-content\/uploads\/2024\/06\/icon-features-pool-2-150x150.png 150w\" sizes=\"(max-width: 163px) 100vw, 163px\" \/><\/p>\n<h2>Piscina privata esclusiva<\/h2>\n<p>\t\t\t\t\t<img loading=\"lazy\" width=\"160\" height=\"160\" src=\"https:\/\/palasciarelais.com\/wp-content\/uploads\/2024\/06\/icon-features-pool-1.png\" alt=\"Doccia e vasca da bagno\" url=\"https:\/\/palasciarelais.com\/wp-content\/uploads\/2024\/06\/icon-features-pool-1.png\" decoding=\"async\" srcset=\"https:\/\/palasciarelais.com\/wp-content\/uploads\/2024\/06\/icon-features-pool-1.png 160w, https:\/\/palasciarelais.com\/wp-content\/uploads\/2024\/06\/icon-features-pool-1-150x150.png 150w\" sizes=\"(max-width: 160px) 100vw, 160px\" \/><\/p>\n<h2>Doccia e vasca da bagno<\/h2>\n<p>\t\t\t\t\t<img loading=\"lazy\" width=\"158\" height=\"160\" src=\"https:\/\/palasciarelais.com\/wp-content\/uploads\/2024\/06\/Group-38.png\" alt=\"Wi-Fi e Smart TV\" url=\"https:\/\/palasciarelais.com\/wp-content\/uploads\/2024\/06\/Group-38.png\" decoding=\"async\" \/><\/p>\n<h2>Wi-Fi e Smart TV<\/h2>\n<p>\t\t\t\t\t<img loading=\"lazy\" width=\"160\" height=\"160\" src=\"https:\/\/palasciarelais.com\/wp-content\/uploads\/2024\/06\/Group-36.png\" alt=\"Decorazione romantica\" url=\"https:\/\/palasciarelais.com\/wp-content\/uploads\/2024\/06\/Group-36.png\" decoding=\"async\" srcset=\"https:\/\/palasciarelais.com\/wp-content\/uploads\/2024\/06\/Group-36.png 160w, https:\/\/palasciarelais.com\/wp-content\/uploads\/2024\/06\/Group-36-150x150.png 150w\" sizes=\"(max-width: 160px) 100vw, 160px\" \/><\/p>\n<h2>Decorazione romantica<\/h2>\n<p>\t\t\t\t\t<img loading=\"lazy\" width=\"164\" height=\"164\" src=\"https:\/\/palasciarelais.com\/wp-content\/uploads\/2024\/06\/Group-37.png\" alt=\"Servizio in camera 24\/7\" url=\"https:\/\/palasciarelais.com\/wp-content\/uploads\/2024\/06\/Group-37.png\" decoding=\"async\" srcset=\"https:\/\/palasciarelais.com\/wp-content\/uploads\/2024\/06\/Group-37.png 164w, https:\/\/palasciarelais.com\/wp-content\/uploads\/2024\/06\/Group-37-150x150.png 150w\" sizes=\"(max-width: 164px) 100vw, 164px\" \/><\/p>\n<h2>Servizio in camera 24\/7<\/h2>\n<p>\t\t\t\t\t<img loading=\"lazy\" width=\"163\" height=\"164\" src=\"https:\/\/palasciarelais.com\/wp-content\/uploads\/2024\/06\/icon-features-breakfast-1.png\" alt=\"Colazione galleggiante\" url=\"https:\/\/palasciarelais.com\/wp-content\/uploads\/2024\/06\/icon-features-breakfast-1.png\" decoding=\"async\" srcset=\"https:\/\/palasciarelais.com\/wp-content\/uploads\/2024\/06\/icon-features-breakfast-1.png 163w, https:\/\/palasciarelais.com\/wp-content\/uploads\/2024\/06\/icon-features-breakfast-1-150x150.png 150w\" sizes=\"(max-width: 163px) 100vw, 163px\" \/><\/p>\n<h2>Colazione galleggiante<\/h2>\n<p>\t\t\t\t\t<img loading=\"lazy\" width=\"161\" height=\"164\" src=\"https:\/\/palasciarelais.com\/wp-content\/uploads\/2024\/06\/icon-features-dinner-1.png\" alt=\"Cena a lume di candela\" url=\"https:\/\/palasciarelais.com\/wp-content\/uploads\/2024\/06\/icon-features-dinner-1.png\" decoding=\"async\" \/><\/p>\n<h2>Cena a lume di candela<\/h2>\n<p>\t\t\t\t\t<img loading=\"lazy\" width=\"162\" height=\"162\" src=\"https:\/\/palasciarelais.com\/wp-content\/uploads\/2024\/06\/icon-features-spa-1.png\" alt=\"Massaggio indulgente\" url=\"https:\/\/palasciarelais.com\/wp-content\/uploads\/2024\/06\/icon-features-spa-1.png\" decoding=\"async\" srcset=\"https:\/\/palasciarelais.com\/wp-content\/uploads\/2024\/06\/icon-features-spa-1.png 162w, https:\/\/palasciarelais.com\/wp-content\/uploads\/2024\/06\/icon-features-spa-1-150x150.png 150w\" sizes=\"(max-width: 162px) 100vw, 162px\" \/><\/p>\n<h2>Massaggio indulgente<\/h2>\n<p>\t\t\t\t\t<img loading=\"lazy\" width=\"158\" height=\"160\" src=\"https:\/\/palasciarelais.com\/wp-content\/uploads\/2024\/06\/icon-features-Gift.png\" alt=\"Aggiunta Sorpresa Stanza\" url=\"https:\/\/palasciarelais.com\/wp-content\/uploads\/2024\/06\/icon-features-Gift.png\" decoding=\"async\" \/><\/p>\n<h2>Aggiunta Sorpresa Stanza<\/h2>\n<h2>Votre chambre<\/h2>\n<ul><\/ul>\n<p>                    <strong><\/strong><\/p>\n<\/p>\n<ul><\/ul>\n<p>                    <strong><\/strong><\/p>\n<\/p>\n<ul><\/ul>\n<p>                    <strong><\/strong><\/p>\n<\/p>\n<ul><\/ul>\n<p>                    <strong><\/strong><\/p>\n<\/p>\n<ul><\/ul>\n<p>                    <strong><\/strong><\/p>\n<\/p>\n<ul><\/ul>\n<p>                    <strong><\/strong><\/p>\n<\/p>\n<ul><\/ul>\n<p>                    <strong><\/strong><\/p>\n<\/p>\n<ul><\/ul>\n<p>                    <strong><\/strong><\/p>\n<\/p>\n<h2>Effettua la tua prenotazione<\/h2>\n<h2>\u00c9CRIRE<\/h2>\n","protected":false},"excerpt":{"rendered":"<p>SALLES CLASSIQUES Classique Les chambres classiques, les plus confortables du Relais, sont situ\u00e9es au premier \u00e9tage de l&rsquo;espace r\u00e9ception\/petit d\u00e9jeuner ; elles conviennent \u00e0 deux personnes car elles disposent d&rsquo;un lit double king-size et d&rsquo;une superficie moyenne de 18 m\u00e8tres carr\u00e9s. Elles disposent d&rsquo;une salle de bains priv\u00e9e avec cabine de douche, de produits de [&hellip;]<\/p>\n","protected":false},"author":3,"featured_media":0,"parent":0,"menu_order":0,"comment_status":"closed","ping_status":"closed","template":"elementor_header_footer","meta":{"_joinchat":[],"footnotes":""},"class_list":["post-3683","page","type-page","status-publish","hentry"],"yoast_head":"<!-- This site is optimized with the Yoast SEO plugin v27.5 - https:\/\/yoast.com\/product\/yoast-seo-wordpress\/ -->\n<title>Classique - Palascia Relais<\/title>\n<meta name=\"robots\" content=\"index, follow, max-snippet:-1, max-image-preview:large, max-video-preview:-1\" \/>\n<link rel=\"canonical\" href=\"https:\/\/palasciarelais.com\/fr\/classique\/\" \/>\n<meta property=\"og:locale\" content=\"fr_FR\" \/>\n<meta property=\"og:type\" content=\"article\" \/>\n<meta property=\"og:title\" content=\"Classique - Palascia Relais\" \/>\n<meta property=\"og:description\" content=\"SALLES CLASSIQUES Classique Les chambres classiques, les plus confortables du Relais, sont situ\u00e9es au premier \u00e9tage de l&rsquo;espace r\u00e9ception\/petit d\u00e9jeuner ; elles conviennent \u00e0 deux personnes car elles disposent d&rsquo;un lit double king-size et d&rsquo;une superficie moyenne de 18 m\u00e8tres carr\u00e9s. Elles disposent d&rsquo;une salle de bains priv\u00e9e avec cabine de douche, de produits de [&hellip;]\" \/>\n<meta property=\"og:url\" content=\"https:\/\/palasciarelais.com\/fr\/classique\/\" \/>\n<meta property=\"og:site_name\" content=\"Palascia Relais\" \/>\n<meta property=\"article:modified_time\" content=\"2025-03-05T18:44:11+00:00\" \/>\n<meta property=\"og:image\" content=\"https:\/\/palasciarelais.com\/wp-content\/uploads\/2024\/07\/12.jpg\" \/>\n<meta name=\"twitter:card\" content=\"summary_large_image\" \/>\n<meta name=\"twitter:label1\" content=\"Dur\u00e9e de lecture estim\u00e9e\" \/>\n\t<meta name=\"twitter:data1\" content=\"1 minute\" \/>\n<script type=\"application\/ld+json\" class=\"yoast-schema-graph\">{\"@context\":\"https:\\\/\\\/schema.org\",\"@graph\":[{\"@type\":\"WebPage\",\"@id\":\"https:\\\/\\\/palasciarelais.com\\\/fr\\\/classique\\\/\",\"url\":\"https:\\\/\\\/palasciarelais.com\\\/fr\\\/classique\\\/\",\"name\":\"Classique - Palascia Relais\",\"isPartOf\":{\"@id\":\"https:\\\/\\\/palasciarelais.com\\\/fr\\\/#website\"},\"primaryImageOfPage\":{\"@id\":\"https:\\\/\\\/palasciarelais.com\\\/fr\\\/classique\\\/#primaryimage\"},\"image\":{\"@id\":\"https:\\\/\\\/palasciarelais.com\\\/fr\\\/classique\\\/#primaryimage\"},\"thumbnailUrl\":\"https:\\\/\\\/palasciarelais.com\\\/wp-content\\\/uploads\\\/2024\\\/07\\\/12.jpg\",\"datePublished\":\"2024-07-29T13:43:49+00:00\",\"dateModified\":\"2025-03-05T18:44:11+00:00\",\"breadcrumb\":{\"@id\":\"https:\\\/\\\/palasciarelais.com\\\/fr\\\/classique\\\/#breadcrumb\"},\"inLanguage\":\"fr-FR\",\"potentialAction\":[{\"@type\":\"ReadAction\",\"target\":[\"https:\\\/\\\/palasciarelais.com\\\/fr\\\/classique\\\/\"]}]},{\"@type\":\"ImageObject\",\"inLanguage\":\"fr-FR\",\"@id\":\"https:\\\/\\\/palasciarelais.com\\\/fr\\\/classique\\\/#primaryimage\",\"url\":\"https:\\\/\\\/palasciarelais.com\\\/wp-content\\\/uploads\\\/2024\\\/07\\\/12.jpg\",\"contentUrl\":\"https:\\\/\\\/palasciarelais.com\\\/wp-content\\\/uploads\\\/2024\\\/07\\\/12.jpg\"},{\"@type\":\"BreadcrumbList\",\"@id\":\"https:\\\/\\\/palasciarelais.com\\\/fr\\\/classique\\\/#breadcrumb\",\"itemListElement\":[{\"@type\":\"ListItem\",\"position\":1,\"name\":\"Home\",\"item\":\"https:\\\/\\\/palasciarelais.com\\\/fr\\\/\"},{\"@type\":\"ListItem\",\"position\":2,\"name\":\"Classique\"}]},{\"@type\":\"WebSite\",\"@id\":\"https:\\\/\\\/palasciarelais.com\\\/fr\\\/#website\",\"url\":\"https:\\\/\\\/palasciarelais.com\\\/fr\\\/\",\"name\":\"Palascia Relais\",\"description\":\"Hotel a Otranto sul mare - Palasc\u00eca Wellness Relais\",\"potentialAction\":[{\"@type\":\"SearchAction\",\"target\":{\"@type\":\"EntryPoint\",\"urlTemplate\":\"https:\\\/\\\/palasciarelais.com\\\/fr\\\/?s={search_term_string}\"},\"query-input\":{\"@type\":\"PropertyValueSpecification\",\"valueRequired\":true,\"valueName\":\"search_term_string\"}}],\"inLanguage\":\"fr-FR\"}]}<\/script>\n<!-- \/ Yoast SEO plugin. -->","yoast_head_json":{"title":"Classique - Palascia Relais","robots":{"index":"index","follow":"follow","max-snippet":"max-snippet:-1","max-image-preview":"max-image-preview:large","max-video-preview":"max-video-preview:-1"},"canonical":"https:\/\/palasciarelais.com\/fr\/classique\/","og_locale":"fr_FR","og_type":"article","og_title":"Classique - Palascia Relais","og_description":"SALLES CLASSIQUES Classique Les chambres classiques, les plus confortables du Relais, sont situ\u00e9es au premier \u00e9tage de l&rsquo;espace r\u00e9ception\/petit d\u00e9jeuner ; elles conviennent \u00e0 deux personnes car elles disposent d&rsquo;un lit double king-size et d&rsquo;une superficie moyenne de 18 m\u00e8tres carr\u00e9s. Elles disposent d&rsquo;une salle de bains priv\u00e9e avec cabine de douche, de produits de [&hellip;]","og_url":"https:\/\/palasciarelais.com\/fr\/classique\/","og_site_name":"Palascia Relais","article_modified_time":"2025-03-05T18:44:11+00:00","og_image":[{"url":"https:\/\/palasciarelais.com\/wp-content\/uploads\/2024\/07\/12.jpg","type":"","width":"","height":""}],"twitter_card":"summary_large_image","twitter_misc":{"Dur\u00e9e de lecture estim\u00e9e":"1 minute"},"schema":{"@context":"https:\/\/schema.org","@graph":[{"@type":"WebPage","@id":"https:\/\/palasciarelais.com\/fr\/classique\/","url":"https:\/\/palasciarelais.com\/fr\/classique\/","name":"Classique - Palascia Relais","isPartOf":{"@id":"https:\/\/palasciarelais.com\/fr\/#website"},"primaryImageOfPage":{"@id":"https:\/\/palasciarelais.com\/fr\/classique\/#primaryimage"},"image":{"@id":"https:\/\/palasciarelais.com\/fr\/classique\/#primaryimage"},"thumbnailUrl":"https:\/\/palasciarelais.com\/wp-content\/uploads\/2024\/07\/12.jpg","datePublished":"2024-07-29T13:43:49+00:00","dateModified":"2025-03-05T18:44:11+00:00","breadcrumb":{"@id":"https:\/\/palasciarelais.com\/fr\/classique\/#breadcrumb"},"inLanguage":"fr-FR","potentialAction":[{"@type":"ReadAction","target":["https:\/\/palasciarelais.com\/fr\/classique\/"]}]},{"@type":"ImageObject","inLanguage":"fr-FR","@id":"https:\/\/palasciarelais.com\/fr\/classique\/#primaryimage","url":"https:\/\/palasciarelais.com\/wp-content\/uploads\/2024\/07\/12.jpg","contentUrl":"https:\/\/palasciarelais.com\/wp-content\/uploads\/2024\/07\/12.jpg"},{"@type":"BreadcrumbList","@id":"https:\/\/palasciarelais.com\/fr\/classique\/#breadcrumb","itemListElement":[{"@type":"ListItem","position":1,"name":"Home","item":"https:\/\/palasciarelais.com\/fr\/"},{"@type":"ListItem","position":2,"name":"Classique"}]},{"@type":"WebSite","@id":"https:\/\/palasciarelais.com\/fr\/#website","url":"https:\/\/palasciarelais.com\/fr\/","name":"Palascia Relais","description":"Hotel a Otranto sul mare - Palasc\u00eca Wellness Relais","potentialAction":[{"@type":"SearchAction","target":{"@type":"EntryPoint","urlTemplate":"https:\/\/palasciarelais.com\/fr\/?s={search_term_string}"},"query-input":{"@type":"PropertyValueSpecification","valueRequired":true,"valueName":"search_term_string"}}],"inLanguage":"fr-FR"}]}},"_links":{"self":[{"href":"https:\/\/palasciarelais.com\/fr\/wp-json\/wp\/v2\/pages\/3683","targetHints":{"allow":["GET"]}}],"collection":[{"href":"https:\/\/palasciarelais.com\/fr\/wp-json\/wp\/v2\/pages"}],"about":[{"href":"https:\/\/palasciarelais.com\/fr\/wp-json\/wp\/v2\/types\/page"}],"author":[{"embeddable":true,"href":"https:\/\/palasciarelais.com\/fr\/wp-json\/wp\/v2\/users\/3"}],"replies":[{"embeddable":true,"href":"https:\/\/palasciarelais.com\/fr\/wp-json\/wp\/v2\/comments?post=3683"}],"version-history":[{"count":0,"href":"https:\/\/palasciarelais.com\/fr\/wp-json\/wp\/v2\/pages\/3683\/revisions"}],"wp:attachment":[{"href":"https:\/\/palasciarelais.com\/fr\/wp-json\/wp\/v2\/media?parent=3683"}],"curies":[{"name":"wp","href":"https:\/\/api.w.org\/{rel}","templated":true}]}}