{"id":3696,"date":"2024-08-08T00:18:32","date_gmt":"2024-08-07T22:18:32","guid":{"rendered":"https:\/\/palasciarelais.com\/vie-privee\/"},"modified":"2025-03-05T19:44:15","modified_gmt":"2025-03-05T18:44:15","slug":"vie-privee","status":"publish","type":"page","link":"https:\/\/palasciarelais.com\/fr\/vie-privee\/","title":{"rendered":"Vie priv\u00e9e"},"content":{"rendered":"\t\t<div data-elementor-type=\"wp-page\" data-elementor-id=\"3696\" class=\"elementor elementor-3696 elementor-2081\" data-elementor-post-type=\"page\">\n\t\t\t\t<div class=\"elementor-element elementor-element-45d15386 e-flex e-con-boxed e-con e-parent\" data-id=\"45d15386\" data-element_type=\"container\" data-e-type=\"container\" data-settings=\"{&quot;background_background&quot;:&quot;classic&quot;}\">\n\t\t\t\t\t<div class=\"e-con-inner\">\n\t\t<div class=\"elementor-element elementor-element-1d1ca04 e-con-full e-flex e-con e-child\" data-id=\"1d1ca04\" data-element_type=\"container\" data-e-type=\"container\">\n\t\t\t\t<div class=\"elementor-element elementor-element-28cc998b elementor-invisible elementor-widget elementor-widget-heading\" data-id=\"28cc998b\" data-element_type=\"widget\" data-e-type=\"widget\" data-settings=\"{&quot;_animation&quot;:&quot;fadeIn&quot;}\" data-widget_type=\"heading.default\">\n\t\t\t\t<div class=\"elementor-widget-container\">\n\t\t\t\t\t<h2 class=\"elementor-heading-title elementor-size-default\">VIE PRIV\u00c9E<\/h2>\t\t\t\t<\/div>\n\t\t\t\t<\/div>\n\t\t\t\t<\/div>\n\t\t\t\t\t<\/div>\n\t\t\t\t<\/div>\n\t\t<div class=\"elementor-element elementor-element-e92283b e-flex e-con-boxed e-con e-parent\" data-id=\"e92283b\" data-element_type=\"container\" data-e-type=\"container\">\n\t\t\t\t\t<div class=\"e-con-inner\">\n\t\t\t\t<div class=\"elementor-element elementor-element-35ce28df elementor-widget-tablet__width-initial elementor-widget__width-initial elementor-widget-mobile__width-inherit elementor-invisible elementor-widget elementor-widget-text-editor\" data-id=\"35ce28df\" data-element_type=\"widget\" data-e-type=\"widget\" data-settings=\"{&quot;_animation&quot;:&quot;fadeIn&quot;,&quot;_animation_delay&quot;:&quot;200&quot;}\" data-widget_type=\"text-editor.default\">\n\t\t\t\t<div class=\"elementor-widget-container\">\n\t\t\t\t\t\t\t\t\t<h2 class=\"fusion-responsive-typography-calculated\" data-fontsize=\"32\" data-lineheight=\"54.4px\">Protection de la vie priv\u00e9e conform\u00e9ment au r\u00e8glement (UE) 2016\/679<\/h2><h3 class=\"fusion-responsive-typography-calculated\" data-fontsize=\"18\" data-lineheight=\"27.72px\">GDPR\u00a0\u00bb &#8211; R\u00c8GLEMENT G\u00c9N\u00c9RAL SUR LA PROTECTION DES DONN\u00c9ES<\/h3><h4 class=\"fusion-responsive-typography-calculated\" data-fontsize=\"13\" data-lineheight=\"20.02px\">QUI COLLECTE LES DONN\u00c9ES ET POURQUOI<\/h4><p>Cher Client, les donn\u00e9es personnelles que vous avez saisies dans le formulaire de contact<strong>(<\/strong> <strong>nom<\/strong> et pr\u00e9nom, <strong>num\u00e9ro de t\u00e9l\u00e9phone<\/strong>, <strong>e-mail<\/strong>) sont collect\u00e9es par<strong> Palascia Wellness Relais<\/strong> exclusivement dans le but de r\u00e9pondre \u00e0 <strong>votre demande d&rsquo;information ou de devis<\/strong> ou pour satisfaire votre <strong>demande de services accessoires<\/strong>. Le responsable de la collecte des donn\u00e9es est M. <strong>Albino Merico<\/strong>, qui peut \u00eatre contact\u00e9 \u00e0 l&rsquo;adresse suivante <a href=\"mailto:info@palasciarelais.com\" target=\"_blank\" rel=\"noopener noreferrer\"><strong>info@palasciarelais.com<\/strong><\/a>ou par courrier recommand\u00e9 \u00e0 l&rsquo;adresse du si\u00e8ge social de l&rsquo;entreprise : <strong>Strada comunale vicinale \u00ab\u00a0Le Orte\u00a0\u00bb &#8211; Otranto (LE)<\/strong>. <\/p><h4 class=\"fusion-responsive-typography-calculated\" data-fontsize=\"13\" data-lineheight=\"20.02px\">GARANTIE DE CONFIDENTIALIT\u00c9<\/h4><p>Les donn\u00e9es personnelles collect\u00e9es ne sont en aucun cas transmises \u00e0 des tiers et sont stock\u00e9es sur des supports \u00e9lectroniques prot\u00e9g\u00e9s et trait\u00e9es avec des mesures de s\u00e9curit\u00e9 ad\u00e9quates pour assurer leur protection et leur confidentialit\u00e9.<\/p><h4 class=\"fusion-responsive-typography-calculated\" data-fontsize=\"13\" data-lineheight=\"20.02px\">LA DUR\u00c9E DE CONSERVATION DES DONN\u00c9ES \u00c0 CARACT\u00c8RE PERSONNEL<\/h4><p>En tout \u00e9tat de cause, si la r\u00e9servation n&rsquo;est pas confirm\u00e9e,<strong> vos donn\u00e9es sont supprim\u00e9es dans les 12 mois suivant l&rsquo;envoi de la demande, sauf si vous avez explicitement consenti \u00e0 recevoir des communications de notre part.<\/strong><\/p><h4 class=\"fusion-responsive-typography-calculated\" data-fontsize=\"13\" data-lineheight=\"20.02px\">acc\u00e8s aux donn\u00e9es, annulation et mise \u00e0 jour<\/h4><p>Vous pouvez \u00e0 tout moment demander l&rsquo;<strong>effacement, la rectification, la portabilit\u00e9 totale ou la transformation sous forme anonyme de <\/strong><strong>vos donn\u00e9es personnelles enregistr\u00e9es dans notre base de donn\u00e9es<\/strong> en \u00e9crivant au responsable, M. <strong>Albino Merico<\/strong>, \u00e0 l&rsquo;adresse suivante <strong><a href=\"mailto:info@palasciarelais.com\" target=\"_blank\" rel=\"noopener noreferrer\">info@palasciarelais.com<\/a><\/strong>en pr\u00e9cisant votre demande dans l&rsquo;objet de l&rsquo;e-mail, <strong>conform\u00e9ment aux droits \u00e9tablis par le nouveau R\u00e8glement UE 2016\/679<\/strong>. <strong>sur la protection de la vie priv\u00e9e. Il peut en tout \u00e9tat de cause s&rsquo;opposer, pour des raisons l\u00e9gitimes, au traitement de ses donn\u00e9es et introduire une r\u00e9clamation aupr\u00e8s d&rsquo;une autorit\u00e9 de contr\u00f4le s&rsquo;il per\u00e7oit une utilisation illicite des donn\u00e9es.   <\/strong><\/p><h4 class=\"fusion-responsive-typography-calculated\" data-fontsize=\"13\" data-lineheight=\"20.02px\">EN CAS DE CONFIRMATION DE LA R\u00c9SERVATION<\/h4><p>Si votre r\u00e9servation est confirm\u00e9e, vos <strong>donn\u00e9es personnelles<\/strong> et votre<strong>adresse IBAN<\/strong> sont collect\u00e9es pour satisfaire aux obligations l\u00e9gales comptables, fiscales et administratives, conform\u00e9ment \u00e0 la l\u00e9gislation nationale en vigueur, y compris la <strong>loi consolid\u00e9e sur la s\u00e9curit\u00e9 publique <\/strong>, qui nous oblige \u00e0 communiquer \u00e0 la pr\u00e9fecture de police les donn\u00e9es personnelles des personnes s\u00e9journant dans l&rsquo;\u00e9tablissement.<\/p><p>L&rsquo;utilisateur est libre de ne pas fournir de donn\u00e9es personnelles dans les formulaires de demande. Le fait de ne pas les fournir peut entra\u00eener l&rsquo;impossibilit\u00e9 d&rsquo;obtenir ce qui a \u00e9t\u00e9 demand\u00e9. <\/p><h4 class=\"fusion-responsive-typography-calculated\" data-fontsize=\"13\" data-lineheight=\"20.02px\">CONSENTEMENT INFORM\u00c9 POUR RECEVOIR DES COMMUNICATIONS DU SITE palasciarelais.com<\/h4><p>Si vous acceptez express\u00e9ment de recevoir des communications de notre part, nous vous enverrons occasionnellement des informations susceptibles de vous int\u00e9resser, telles que des promotions saisonni\u00e8res pour les personnes s\u00e9journant dans notre entreprise.<br>Si, \u00e0 tout moment, vous souhaitez que vos donn\u00e9es ne soient pas utilis\u00e9es \u00e0 des fins de marketing direct, vous pouvez exercer votre droit d&rsquo;opposition conform\u00e9ment \u00e0 l&rsquo;article 21 du r\u00e8glement (UE) 2016\/679 en nous le notifiant par courrier \u00e9lectronique \u00e0 l&rsquo;adresse suivante . <a href=\"mailto:info@palasciarelais.com\" target=\"_blank\" rel=\"noopener noreferrer\"><strong>info@palasciarelais.com<\/strong><\/a>. Dans ce cas, nous ne vous enverrons plus de communications marketing et vos donn\u00e9es ne seront plus trait\u00e9es \u00e0 cette fin.  <br>Votre droit d&rsquo;opposition peut \u00e9galement \u00eatre exerc\u00e9 pour des raisons li\u00e9es \u00e0 votre situation personnelle sur toutes les donn\u00e9es en notre possession, m\u00eame lorsqu&rsquo;elles sont trait\u00e9es \u00e0 des fins autres que le marketing direct.<\/p><p>Pour plus d&rsquo;informations, veuillez consulter le texte int\u00e9gral du <strong>r\u00e8glement (UE) 2016\/679<\/strong> \u00e0 l&rsquo;adresse suivante <a href=\"https:\/\/www.privacyitalia.eu\/wp-content\/uploads\/2017\/10\/GDPR_Italiano_PDF.pdf\" target=\"_blank\" rel=\"noopener noreferrer\">: https:\/\/www.privacyitalia.eu\/wp-content\/uploads\/2017\/10\/GDPR_Italiano_PDF.pdf<\/a>.<\/p><p>Responsable des donn\u00e9es personnelles du site <strong>Albino Merico<\/strong><strong>, Strada comunale vicinale \u00ab\u00a0Le Orte\u00a0\u00bb &#8211; Otranto (LE) &#8211; info@palasciarelais.com &#8211; Tel +39 0836 805813.<\/strong><\/p>\t\t\t\t\t\t\t\t<\/div>\n\t\t\t\t<\/div>\n\t\t\t\t\t<\/div>\n\t\t\t\t<\/div>\n\t\t\t\t<\/div>\n\t\t","protected":false},"excerpt":{"rendered":"<p>VIE PRIV\u00c9E Protection de la vie priv\u00e9e conform\u00e9ment au r\u00e8glement (UE) 2016\/679 GDPR\u00a0\u00bb &#8211; R\u00c8GLEMENT G\u00c9N\u00c9RAL SUR LA PROTECTION DES DONN\u00c9ES QUI COLLECTE LES DONN\u00c9ES ET POURQUOI Cher Client, les donn\u00e9es personnelles que vous avez saisies dans le formulaire de contact( nom et pr\u00e9nom, num\u00e9ro de t\u00e9l\u00e9phone, e-mail) sont collect\u00e9es par Palascia Wellness Relais exclusivement [&hellip;]<\/p>\n","protected":false},"author":3,"featured_media":0,"parent":0,"menu_order":0,"comment_status":"closed","ping_status":"closed","template":"","meta":{"_joinchat":[],"footnotes":""},"class_list":["post-3696","page","type-page","status-publish","hentry"],"yoast_head":"<!-- This site is optimized with the Yoast SEO plugin v27.5 - https:\/\/yoast.com\/product\/yoast-seo-wordpress\/ -->\n<title>Vie priv\u00e9e - Palascia Relais<\/title>\n<meta name=\"robots\" content=\"index, follow, max-snippet:-1, max-image-preview:large, max-video-preview:-1\" \/>\n<link rel=\"canonical\" href=\"https:\/\/palasciarelais.com\/fr\/vie-privee\/\" \/>\n<meta property=\"og:locale\" content=\"fr_FR\" \/>\n<meta property=\"og:type\" content=\"article\" \/>\n<meta property=\"og:title\" content=\"Vie priv\u00e9e - Palascia Relais\" \/>\n<meta property=\"og:description\" content=\"VIE PRIV\u00c9E Protection de la vie priv\u00e9e conform\u00e9ment au r\u00e8glement (UE) 2016\/679 GDPR\u00a0\u00bb &#8211; R\u00c8GLEMENT G\u00c9N\u00c9RAL SUR LA PROTECTION DES DONN\u00c9ES QUI COLLECTE LES DONN\u00c9ES ET POURQUOI Cher Client, les donn\u00e9es personnelles que vous avez saisies dans le formulaire de contact( nom et pr\u00e9nom, num\u00e9ro de t\u00e9l\u00e9phone, e-mail) sont collect\u00e9es par Palascia Wellness Relais exclusivement [&hellip;]\" \/>\n<meta property=\"og:url\" content=\"https:\/\/palasciarelais.com\/fr\/vie-privee\/\" \/>\n<meta property=\"og:site_name\" content=\"Palascia Relais\" \/>\n<meta property=\"article:modified_time\" content=\"2025-03-05T18:44:15+00:00\" \/>\n<meta name=\"twitter:card\" content=\"summary_large_image\" \/>\n<meta name=\"twitter:label1\" content=\"Dur\u00e9e de lecture estim\u00e9e\" \/>\n\t<meta name=\"twitter:data1\" content=\"3 minutes\" \/>\n<script type=\"application\/ld+json\" class=\"yoast-schema-graph\">{\"@context\":\"https:\\\/\\\/schema.org\",\"@graph\":[{\"@type\":\"WebPage\",\"@id\":\"https:\\\/\\\/palasciarelais.com\\\/fr\\\/vie-privee\\\/\",\"url\":\"https:\\\/\\\/palasciarelais.com\\\/fr\\\/vie-privee\\\/\",\"name\":\"Vie priv\u00e9e - Palascia Relais\",\"isPartOf\":{\"@id\":\"https:\\\/\\\/palasciarelais.com\\\/fr\\\/#website\"},\"datePublished\":\"2024-08-07T22:18:32+00:00\",\"dateModified\":\"2025-03-05T18:44:15+00:00\",\"breadcrumb\":{\"@id\":\"https:\\\/\\\/palasciarelais.com\\\/fr\\\/vie-privee\\\/#breadcrumb\"},\"inLanguage\":\"fr-FR\",\"potentialAction\":[{\"@type\":\"ReadAction\",\"target\":[\"https:\\\/\\\/palasciarelais.com\\\/fr\\\/vie-privee\\\/\"]}]},{\"@type\":\"BreadcrumbList\",\"@id\":\"https:\\\/\\\/palasciarelais.com\\\/fr\\\/vie-privee\\\/#breadcrumb\",\"itemListElement\":[{\"@type\":\"ListItem\",\"position\":1,\"name\":\"Home\",\"item\":\"https:\\\/\\\/palasciarelais.com\\\/fr\\\/\"},{\"@type\":\"ListItem\",\"position\":2,\"name\":\"Vie priv\u00e9e\"}]},{\"@type\":\"WebSite\",\"@id\":\"https:\\\/\\\/palasciarelais.com\\\/fr\\\/#website\",\"url\":\"https:\\\/\\\/palasciarelais.com\\\/fr\\\/\",\"name\":\"Palascia Relais\",\"description\":\"Hotel a Otranto sul mare - Palasc\u00eca Wellness Relais\",\"potentialAction\":[{\"@type\":\"SearchAction\",\"target\":{\"@type\":\"EntryPoint\",\"urlTemplate\":\"https:\\\/\\\/palasciarelais.com\\\/fr\\\/?s={search_term_string}\"},\"query-input\":{\"@type\":\"PropertyValueSpecification\",\"valueRequired\":true,\"valueName\":\"search_term_string\"}}],\"inLanguage\":\"fr-FR\"}]}<\/script>\n<!-- \/ Yoast SEO plugin. -->","yoast_head_json":{"title":"Vie priv\u00e9e - Palascia Relais","robots":{"index":"index","follow":"follow","max-snippet":"max-snippet:-1","max-image-preview":"max-image-preview:large","max-video-preview":"max-video-preview:-1"},"canonical":"https:\/\/palasciarelais.com\/fr\/vie-privee\/","og_locale":"fr_FR","og_type":"article","og_title":"Vie priv\u00e9e - Palascia Relais","og_description":"VIE PRIV\u00c9E Protection de la vie priv\u00e9e conform\u00e9ment au r\u00e8glement (UE) 2016\/679 GDPR\u00a0\u00bb &#8211; R\u00c8GLEMENT G\u00c9N\u00c9RAL SUR LA PROTECTION DES DONN\u00c9ES QUI COLLECTE LES DONN\u00c9ES ET POURQUOI Cher Client, les donn\u00e9es personnelles que vous avez saisies dans le formulaire de contact( nom et pr\u00e9nom, num\u00e9ro de t\u00e9l\u00e9phone, e-mail) sont collect\u00e9es par Palascia Wellness Relais exclusivement [&hellip;]","og_url":"https:\/\/palasciarelais.com\/fr\/vie-privee\/","og_site_name":"Palascia Relais","article_modified_time":"2025-03-05T18:44:15+00:00","twitter_card":"summary_large_image","twitter_misc":{"Dur\u00e9e de lecture estim\u00e9e":"3 minutes"},"schema":{"@context":"https:\/\/schema.org","@graph":[{"@type":"WebPage","@id":"https:\/\/palasciarelais.com\/fr\/vie-privee\/","url":"https:\/\/palasciarelais.com\/fr\/vie-privee\/","name":"Vie priv\u00e9e - Palascia Relais","isPartOf":{"@id":"https:\/\/palasciarelais.com\/fr\/#website"},"datePublished":"2024-08-07T22:18:32+00:00","dateModified":"2025-03-05T18:44:15+00:00","breadcrumb":{"@id":"https:\/\/palasciarelais.com\/fr\/vie-privee\/#breadcrumb"},"inLanguage":"fr-FR","potentialAction":[{"@type":"ReadAction","target":["https:\/\/palasciarelais.com\/fr\/vie-privee\/"]}]},{"@type":"BreadcrumbList","@id":"https:\/\/palasciarelais.com\/fr\/vie-privee\/#breadcrumb","itemListElement":[{"@type":"ListItem","position":1,"name":"Home","item":"https:\/\/palasciarelais.com\/fr\/"},{"@type":"ListItem","position":2,"name":"Vie priv\u00e9e"}]},{"@type":"WebSite","@id":"https:\/\/palasciarelais.com\/fr\/#website","url":"https:\/\/palasciarelais.com\/fr\/","name":"Palascia Relais","description":"Hotel a Otranto sul mare - Palasc\u00eca Wellness Relais","potentialAction":[{"@type":"SearchAction","target":{"@type":"EntryPoint","urlTemplate":"https:\/\/palasciarelais.com\/fr\/?s={search_term_string}"},"query-input":{"@type":"PropertyValueSpecification","valueRequired":true,"valueName":"search_term_string"}}],"inLanguage":"fr-FR"}]}},"_links":{"self":[{"href":"https:\/\/palasciarelais.com\/fr\/wp-json\/wp\/v2\/pages\/3696","targetHints":{"allow":["GET"]}}],"collection":[{"href":"https:\/\/palasciarelais.com\/fr\/wp-json\/wp\/v2\/pages"}],"about":[{"href":"https:\/\/palasciarelais.com\/fr\/wp-json\/wp\/v2\/types\/page"}],"author":[{"embeddable":true,"href":"https:\/\/palasciarelais.com\/fr\/wp-json\/wp\/v2\/users\/3"}],"replies":[{"embeddable":true,"href":"https:\/\/palasciarelais.com\/fr\/wp-json\/wp\/v2\/comments?post=3696"}],"version-history":[{"count":0,"href":"https:\/\/palasciarelais.com\/fr\/wp-json\/wp\/v2\/pages\/3696\/revisions"}],"wp:attachment":[{"href":"https:\/\/palasciarelais.com\/fr\/wp-json\/wp\/v2\/media?parent=3696"}],"curies":[{"name":"wp","href":"https:\/\/api.w.org\/{rel}","templated":true}]}}